{"id":3923,"date":"2022-08-27T21:34:57","date_gmt":"2022-08-27T21:34:57","guid":{"rendered":"http:\/\/carmogepereira.pt\/vaiserperfeito\/?page_id=3923"},"modified":"2025-03-02T21:46:46","modified_gmt":"2025-03-02T21:46:46","slug":"manifest","status":"publish","type":"page","link":"https:\/\/carmogepereira.pt\/pt\/manifest\/","title":{"rendered":"Manifesto"},"content":{"rendered":"<div data-elementor-type=\"wp-page\" data-elementor-id=\"3923\" class=\"elementor elementor-3923\">\n\t\t\t\t\t\t<section class=\"elementor-section elementor-top-section elementor-element elementor-element-fdfff33 elementor-section-boxed elementor-section-height-default elementor-section-height-default\" data-id=\"fdfff33\" data-element_type=\"section\" data-e-type=\"section\">\n\t\t\t\t\t\t<div class=\"elementor-container elementor-column-gap-default\">\n\t\t\t\t\t<div class=\"elementor-column elementor-col-100 elementor-top-column elementor-element elementor-element-a34e51d\" data-id=\"a34e51d\" data-element_type=\"column\" data-e-type=\"column\">\n\t\t\t<div class=\"elementor-widget-wrap elementor-element-populated\">\n\t\t\t\t\t\t<div class=\"elementor-element elementor-element-6832dbf elementor-widget elementor-widget-image\" data-id=\"6832dbf\" data-element_type=\"widget\" data-e-type=\"widget\" data-widget_type=\"image.default\">\n\t\t\t\t<div class=\"elementor-widget-container\">\n\t\t\t\t\t\t\t\t\t\t\t\t<figure class=\"wp-caption\">\n\t\t\t\t\t\t\t\t\t\t<img fetchpriority=\"high\" decoding=\"async\" width=\"500\" height=\"500\" src=\"https:\/\/carmogepereira.pt\/wp-content\/uploads\/2023\/08\/sticker-site-500x500.png\" class=\"attachment-naturally-square size-naturally-square wp-image-11516\" alt=\"\" srcset=\"https:\/\/carmogepereira.pt\/wp-content\/uploads\/2023\/08\/sticker-site-500x500.png 500w, https:\/\/carmogepereira.pt\/wp-content\/uploads\/2023\/08\/sticker-site-300x300.png 300w, https:\/\/carmogepereira.pt\/wp-content\/uploads\/2023\/08\/sticker-site-100x100.png 100w, https:\/\/carmogepereira.pt\/wp-content\/uploads\/2023\/08\/sticker-site-150x150.png 150w, https:\/\/carmogepereira.pt\/wp-content\/uploads\/2023\/08\/sticker-site-12x12.png 12w, https:\/\/carmogepereira.pt\/wp-content\/uploads\/2023\/08\/sticker-site-155x154.png 155w, https:\/\/carmogepereira.pt\/wp-content\/uploads\/2023\/08\/sticker-site-50x50.png 50w\" sizes=\"(max-width: 500px) 100vw, 500px\" \/>\t\t\t\t\t\t\t\t\t\t\t<figcaption class=\"widget-image-caption wp-caption-text\">Ilustration by Olga Naam\u00e1<\/figcaption>\n\t\t\t\t\t\t\t\t\t\t<\/figure>\n\t\t\t\t\t\t\t\t\t<\/div>\n\t\t\t\t<\/div>\n\t\t\t\t<div class=\"elementor-element elementor-element-50a956e elementor-widget elementor-widget-text-editor\" data-id=\"50a956e\" data-element_type=\"widget\" data-e-type=\"widget\" data-widget_type=\"text-editor.default\">\n\t\t\t\t<div class=\"elementor-widget-container\">\n\t\t\t\t\t\t\t\t\t<p>Manifesto ou os nossos 13 Mandamentos<\/p><ol><li>Acreditamos que n\u00e3o h\u00e1 nada de reprov\u00e1vel ou vergonhoso num discurso sobre sexo e sexualidades aberto, plural, esclarecido e informado.<\/li><li>Defendemos o acesso \u00e0 educa\u00e7\u00e3o sexual cont\u00ednua e adaptada, feita sem julgamentos morais, encorajando consentimento informado, consensualidade e o exerc\u00edcio das pr\u00e1ticas da forma mais segura e s\u00e3.<\/li><li>Comprometemo-nos em providenciar produtos seguros, de materiais reconhecidos como n\u00e3o nocivos, com indica\u00e7\u00f5es adequadas ao uso e mantendo sempre os mais altos padr\u00f5es de qualidade.<\/li><li>Defendemos uma educa\u00e7\u00e3o sexual numa viv\u00eancia saud\u00e1vel ao longo das v\u00e1rias fases da vida e desafios que esta nos vai propondo.<\/li><li>Providencio, na loja on-line, aconselhamento antes da compra por email, video confer\u00eancia ou telefone em per\u00edodos m\u00e1ximos de 30 minutos, por marca\u00e7\u00e3o.<\/li><li>We recognize that we live in a society where more safe spaces are needed for transmasculine and transfeminine people, women (trans and cis), gender non conforming people, trans men and other sexual minorities, refusing any reductive vision of practices. We strive to provide any product, information or service that materialize these spaces and full experiences.<\/li><li>\u00c9 constante o nosso esfor\u00e7o de, a cada dia, nos tornarmos mais abertes, informades e formades, e a procura e luta por direitos iguais, contra preconceitos e fobias.<\/li><li>We reject a musty view of \u00a0sexuality, that doesn&#8217;t recognise the human experience as part of a larger framework of biodiversity and believes in lack of education and information as a mean of control. The choice of experiences and practices and the recognition of sexual orientation, and relational identities are made easier by the construction of a fairer society. We are thus against labels imposed by others and on behalf of reclaimed own names and titles.<\/li><li>Quer no aconselhamento sexual que providenciamos, quer nos workshops, quer nas diversas forma\u00e7\u00f5es, mantemos e reiteramos o compromisso de ser cada vez mais inclusives.<\/li><li>Reconhecemos que as viv\u00eancias e pr\u00e1ticas sexuais n\u00e3o s\u00e3o nem obrigat\u00f3rias, nem compulsivas, e que n\u00e3o devem ter objectivos e pontos de chegada impostos por igual a todes, no exerc\u00edcio em pleno direito de uma sexualidade com e por prazer, aquando desejada.<\/li><li>Acreditamos no acesso a produtos e informa\u00e7\u00e3o que permitam a pr\u00e1tica de sexo mais seguro, esfor\u00e7ando-nos no sentido de providenciar barreiras de protec\u00e7\u00e3o para as diferentes pr\u00e1ticas e recusando uma moraliza\u00e7\u00e3o m\u00e9dica com base em orienta\u00e7\u00f5es sexuais ou relacionais. Sexo mais seguro \u00e9 dependente da forma como o fazemos e n\u00e3o de quem o faz.<\/li><li>O nosso cat\u00e1logo de servi\u00e7os e produtos tem por base uma escolha cuidada, ainda assim, apresentamos desde j\u00e1 disponibilidade para fornecer qualquer outro produto que n\u00e3o conste no nosso cat\u00e1logo, dentro das nossas possibilidades, mediante consulta.<\/li><li>Defendemos a desgenitaliza\u00e7\u00e3o do prazer, n\u00e3o como um caminho exclusivo, mas como possibilidade de transformar cada encontro sexual numa viagem onde os sentidos e movimentos, a capacidade de entrega ao momento e a viv\u00eancia pensada s\u00e3o postos ao servi\u00e7o de uma sexualidade cada dia mais criativa, m\u00faltipla e \u00fanica.<\/li><\/ol>\t\t\t\t\t\t\t\t<\/div>\n\t\t\t\t<\/div>\n\t\t\t\t\t<\/div>\n\t\t<\/div>\n\t\t\t\t\t<\/div>\n\t\t<\/section>\n\t\t\t\t<section class=\"elementor-section elementor-top-section elementor-element elementor-element-9e9ddc7 elementor-section-boxed elementor-section-height-default elementor-section-height-default\" data-id=\"9e9ddc7\" data-element_type=\"section\" data-e-type=\"section\">\n\t\t\t\t\t\t<div class=\"elementor-container elementor-column-gap-default\">\n\t\t\t\t\t<div class=\"elementor-column elementor-col-33 elementor-top-column elementor-element elementor-element-0f6ca50\" data-id=\"0f6ca50\" data-element_type=\"column\" data-e-type=\"column\">\n\t\t\t<div class=\"elementor-widget-wrap elementor-element-populated\">\n\t\t\t\t\t\t<div class=\"elementor-element elementor-element-bdeb34c elementor-widget elementor-widget-image\" data-id=\"bdeb34c\" data-element_type=\"widget\" data-e-type=\"widget\" data-widget_type=\"image.default\">\n\t\t\t\t<div class=\"elementor-widget-container\">\n\t\t\t\t\t\t\t\t\t\t\t\t<figure class=\"wp-caption\">\n\t\t\t\t\t\t\t\t\t\t<img decoding=\"async\" width=\"500\" height=\"500\" src=\"https:\/\/carmogepereira.pt\/wp-content\/uploads\/2025\/03\/MF_05065-500x500.jpg\" class=\"attachment-naturally-square size-naturally-square wp-image-13177\" alt=\"\" srcset=\"https:\/\/carmogepereira.pt\/wp-content\/uploads\/2025\/03\/MF_05065-500x500.jpg 500w, https:\/\/carmogepereira.pt\/wp-content\/uploads\/2025\/03\/MF_05065-150x150.jpg 150w, https:\/\/carmogepereira.pt\/wp-content\/uploads\/2025\/03\/MF_05065-300x300.jpg 300w, https:\/\/carmogepereira.pt\/wp-content\/uploads\/2025\/03\/MF_05065-100x100.jpg 100w\" sizes=\"(max-width: 500px) 100vw, 500px\" \/>\t\t\t\t\t\t\t\t\t\t\t<figcaption class=\"widget-image-caption wp-caption-text\">Photo by Fresco Mafalda<\/figcaption>\n\t\t\t\t\t\t\t\t\t\t<\/figure>\n\t\t\t\t\t\t\t\t\t<\/div>\n\t\t\t\t<\/div>\n\t\t\t\t\t<\/div>\n\t\t<\/div>\n\t\t\t\t<div class=\"elementor-column elementor-col-33 elementor-top-column elementor-element elementor-element-4c8f500\" data-id=\"4c8f500\" data-element_type=\"column\" data-e-type=\"column\">\n\t\t\t<div class=\"elementor-widget-wrap elementor-element-populated\">\n\t\t\t\t\t\t<div class=\"elementor-element elementor-element-1995d9e elementor-widget elementor-widget-image\" data-id=\"1995d9e\" data-element_type=\"widget\" data-e-type=\"widget\" data-widget_type=\"image.default\">\n\t\t\t\t<div class=\"elementor-widget-container\">\n\t\t\t\t\t\t\t\t\t\t\t\t<figure class=\"wp-caption\">\n\t\t\t\t\t\t\t\t\t\t<img decoding=\"async\" width=\"500\" height=\"500\" src=\"https:\/\/carmogepereira.pt\/wp-content\/uploads\/2025\/03\/MF_04718-500x500.jpg\" class=\"attachment-naturally-square size-naturally-square wp-image-13151\" alt=\"\" srcset=\"https:\/\/carmogepereira.pt\/wp-content\/uploads\/2025\/03\/MF_04718-500x500.jpg 500w, https:\/\/carmogepereira.pt\/wp-content\/uploads\/2025\/03\/MF_04718-150x150.jpg 150w, https:\/\/carmogepereira.pt\/wp-content\/uploads\/2025\/03\/MF_04718-300x300.jpg 300w, https:\/\/carmogepereira.pt\/wp-content\/uploads\/2025\/03\/MF_04718-100x100.jpg 100w\" sizes=\"(max-width: 500px) 100vw, 500px\" \/>\t\t\t\t\t\t\t\t\t\t\t<figcaption class=\"widget-image-caption wp-caption-text\">Photo by Fresco Mafalda<\/figcaption>\n\t\t\t\t\t\t\t\t\t\t<\/figure>\n\t\t\t\t\t\t\t\t\t<\/div>\n\t\t\t\t<\/div>\n\t\t\t\t\t<\/div>\n\t\t<\/div>\n\t\t\t\t<div class=\"elementor-column elementor-col-33 elementor-top-column elementor-element elementor-element-d3a902c\" data-id=\"d3a902c\" data-element_type=\"column\" data-e-type=\"column\">\n\t\t\t<div class=\"elementor-widget-wrap elementor-element-populated\">\n\t\t\t\t\t\t<div class=\"elementor-element elementor-element-1af5b87 elementor-widget elementor-widget-image\" data-id=\"1af5b87\" data-element_type=\"widget\" data-e-type=\"widget\" data-widget_type=\"image.default\">\n\t\t\t\t<div class=\"elementor-widget-container\">\n\t\t\t\t\t\t\t\t\t\t\t\t<figure class=\"wp-caption\">\n\t\t\t\t\t\t\t\t\t\t<img loading=\"lazy\" decoding=\"async\" width=\"500\" height=\"500\" src=\"https:\/\/carmogepereira.pt\/wp-content\/uploads\/2025\/03\/MF_04997-500x500.jpg\" class=\"attachment-naturally-square size-naturally-square wp-image-13165\" alt=\"\" srcset=\"https:\/\/carmogepereira.pt\/wp-content\/uploads\/2025\/03\/MF_04997-500x500.jpg 500w, https:\/\/carmogepereira.pt\/wp-content\/uploads\/2025\/03\/MF_04997-150x150.jpg 150w, https:\/\/carmogepereira.pt\/wp-content\/uploads\/2025\/03\/MF_04997-300x300.jpg 300w, https:\/\/carmogepereira.pt\/wp-content\/uploads\/2025\/03\/MF_04997-100x100.jpg 100w\" sizes=\"(max-width: 500px) 100vw, 500px\" \/>\t\t\t\t\t\t\t\t\t\t\t<figcaption class=\"widget-image-caption wp-caption-text\">Photo by Fresco Mafalda<\/figcaption>\n\t\t\t\t\t\t\t\t\t\t<\/figure>\n\t\t\t\t\t\t\t\t\t<\/div>\n\t\t\t\t<\/div>\n\t\t\t\t\t<\/div>\n\t\t<\/div>\n\t\t\t\t\t<\/div>\n\t\t<\/section>\n\t\t\t\t<\/div>","protected":false},"excerpt":{"rendered":"<p>Ilustration by Olga Naam\u00e1 Manifesto or our 13 Commandments We believe that there is nothing reprehensible or shameful in an open speech about sex regarding a plural enlightened and informed&#8230;<\/p>","protected":false},"author":1,"featured_media":0,"parent":0,"menu_order":0,"comment_status":"closed","ping_status":"closed","template":"","meta":{"_acf_changed":false,"footnotes":""},"class_list":{"0":"post-3923","1":"page","2":"type-page","3":"status-publish","4":"hentry","5":"nt-post-class","6":"","7":"masonry-item","8":"col-lg-6","10":"thumb-none","12":"excerpt-none"},"acf":[],"_links":{"self":[{"href":"https:\/\/carmogepereira.pt\/pt\/wp-json\/wp\/v2\/pages\/3923","targetHints":{"allow":["GET"]}}],"collection":[{"href":"https:\/\/carmogepereira.pt\/pt\/wp-json\/wp\/v2\/pages"}],"about":[{"href":"https:\/\/carmogepereira.pt\/pt\/wp-json\/wp\/v2\/types\/page"}],"author":[{"embeddable":true,"href":"https:\/\/carmogepereira.pt\/pt\/wp-json\/wp\/v2\/users\/1"}],"replies":[{"embeddable":true,"href":"https:\/\/carmogepereira.pt\/pt\/wp-json\/wp\/v2\/comments?post=3923"}],"version-history":[{"count":0,"href":"https:\/\/carmogepereira.pt\/pt\/wp-json\/wp\/v2\/pages\/3923\/revisions"}],"wp:attachment":[{"href":"https:\/\/carmogepereira.pt\/pt\/wp-json\/wp\/v2\/media?parent=3923"}],"curies":[{"name":"wp","href":"https:\/\/api.w.org\/{rel}","templated":true}]}}