{"id":3949,"date":"2022-08-27T22:12:53","date_gmt":"2022-08-27T22:12:53","guid":{"rendered":"https:\/\/carmogepereira.pt\/vaiserperfeito\/?page_id=3949"},"modified":"2025-03-06T05:06:41","modified_gmt":"2025-03-06T05:06:41","slug":"tutoring-and-consultancy","status":"publish","type":"page","link":"https:\/\/carmogepereira.pt\/pt\/tutoring-and-consultancy\/","title":{"rendered":"Tutoria e Consultoria"},"content":{"rendered":"<div data-elementor-type=\"wp-page\" data-elementor-id=\"3949\" class=\"elementor elementor-3949\">\n\t\t\t\t\t\t<section class=\"elementor-section elementor-top-section elementor-element elementor-element-3b4e52b elementor-section-boxed elementor-section-height-default elementor-section-height-default\" data-id=\"3b4e52b\" data-element_type=\"section\" data-e-type=\"section\">\n\t\t\t\t\t\t<div class=\"elementor-container elementor-column-gap-default\">\n\t\t\t\t\t<div class=\"elementor-column elementor-col-100 elementor-top-column elementor-element elementor-element-49c21db\" data-id=\"49c21db\" data-element_type=\"column\" data-e-type=\"column\">\n\t\t\t<div class=\"elementor-widget-wrap elementor-element-populated\">\n\t\t\t\t\t\t<div class=\"elementor-element elementor-element-39df810 elementor-widget elementor-widget-heading\" data-id=\"39df810\" data-element_type=\"widget\" data-e-type=\"widget\" data-widget_type=\"heading.default\">\n\t\t\t\t<div class=\"elementor-widget-container\">\n\t\t\t\t\t<h3 class=\"elementor-heading-title elementor-size-default\">Aulas particulares para pessoas estudantes, artistas, pesquisadoras, ativistas e profissionais<\/h3>\t\t\t\t<\/div>\n\t\t\t\t<\/div>\n\t\t\t\t\t<\/div>\n\t\t<\/div>\n\t\t\t\t\t<\/div>\n\t\t<\/section>\n\t\t\t\t<section class=\"elementor-section elementor-top-section elementor-element elementor-element-59ce0b4 elementor-section-boxed elementor-section-height-default elementor-section-height-default\" data-id=\"59ce0b4\" data-element_type=\"section\" data-e-type=\"section\">\n\t\t\t\t\t\t<div class=\"elementor-container elementor-column-gap-default\">\n\t\t\t\t\t<div class=\"elementor-column elementor-col-100 elementor-top-column elementor-element elementor-element-db96b41\" data-id=\"db96b41\" data-element_type=\"column\" data-e-type=\"column\">\n\t\t\t<div class=\"elementor-widget-wrap elementor-element-populated\">\n\t\t\t\t\t\t<div class=\"elementor-element elementor-element-6c4a021 elementor-widget elementor-widget-text-editor\" data-id=\"6c4a021\" data-element_type=\"widget\" data-e-type=\"widget\" data-widget_type=\"text-editor.default\">\n\t\t\t\t<div class=\"elementor-widget-container\">\n\t\t\t\t\t\t\t\t\t<p>Dos estudos de g\u00e9nero ao feminismo, cruzando com diferentes perspectivas de sexualidade, identidades e pr\u00e1ticas; t\u00e9cnicas e abordagem em aconselhamento; identidades marginalizadas; introdu\u00e7\u00e3o \u00e0 sexologia e hist\u00f3ria da sexualidade; acompanhamento a ler e investigar numa \u00e1rea que a pessoa est\u00e1 menos confort\u00e1vel.<\/p>\t\t\t\t\t\t\t\t<\/div>\n\t\t\t\t<\/div>\n\t\t\t\t\t<\/div>\n\t\t<\/div>\n\t\t\t\t\t<\/div>\n\t\t<\/section>\n\t\t\t\t<section class=\"elementor-section elementor-top-section elementor-element elementor-element-e948c73 elementor-section-boxed elementor-section-height-default elementor-section-height-default\" data-id=\"e948c73\" data-element_type=\"section\" data-e-type=\"section\">\n\t\t\t\t\t\t<div class=\"elementor-container elementor-column-gap-default\">\n\t\t\t\t\t<div class=\"elementor-column elementor-col-100 elementor-top-column elementor-element elementor-element-b825c8e\" data-id=\"b825c8e\" data-element_type=\"column\" data-e-type=\"column\">\n\t\t\t<div class=\"elementor-widget-wrap elementor-element-populated\">\n\t\t\t\t\t\t<div class=\"elementor-element elementor-element-54c330a elementor-widget elementor-widget-spacer\" data-id=\"54c330a\" data-element_type=\"widget\" data-e-type=\"widget\" data-widget_type=\"spacer.default\">\n\t\t\t\t<div class=\"elementor-widget-container\">\n\t\t\t\t\t\t\t<div class=\"elementor-spacer\">\n\t\t\t<div class=\"elementor-spacer-inner\"><\/div>\n\t\t<\/div>\n\t\t\t\t\t\t<\/div>\n\t\t\t\t<\/div>\n\t\t\t\t<div class=\"elementor-element elementor-element-3f5803f elementor-widget elementor-widget-heading\" data-id=\"3f5803f\" data-element_type=\"widget\" data-e-type=\"widget\" data-widget_type=\"heading.default\">\n\t\t\t\t<div class=\"elementor-widget-container\">\n\t\t\t\t\t<h3 class=\"elementor-heading-title elementor-size-default\">Forma\u00e7\u00e3o para pessoas profissionais na \u00e1rea da sa\u00fade<\/h3>\t\t\t\t<\/div>\n\t\t\t\t<\/div>\n\t\t\t\t\t<\/div>\n\t\t<\/div>\n\t\t\t\t\t<\/div>\n\t\t<\/section>\n\t\t\t\t<section class=\"elementor-section elementor-top-section elementor-element elementor-element-9c86069 elementor-section-boxed elementor-section-height-default elementor-section-height-default\" data-id=\"9c86069\" data-element_type=\"section\" data-e-type=\"section\">\n\t\t\t\t\t\t<div class=\"elementor-container elementor-column-gap-default\">\n\t\t\t\t\t<div class=\"elementor-column elementor-col-100 elementor-top-column elementor-element elementor-element-42989bb\" data-id=\"42989bb\" data-element_type=\"column\" data-e-type=\"column\">\n\t\t\t<div class=\"elementor-widget-wrap elementor-element-populated\">\n\t\t\t\t\t\t<div class=\"elementor-element elementor-element-73a8c65 elementor-widget elementor-widget-text-editor\" data-id=\"73a8c65\" data-element_type=\"widget\" data-e-type=\"widget\" data-widget_type=\"text-editor.default\">\n\t\t\t\t<div class=\"elementor-widget-container\">\n\t\t\t\t\t\t\t\t\t<p>Forma\u00e7\u00e3o em: produtos er\u00f3ticos, o que o mercado oferece, onde procurar, materiais seguros, usos, indica\u00e7\u00f5es e algumas op\u00e7\u00f5es de indica\u00e7\u00e3o cl\u00ednica dispon\u00edveis; diversidade e linguagem em quest\u00f5es de g\u00e9nero, orienta\u00e7\u00e3o e sexualidade, como ter uma primeira abordagem inclusiva, conhecimento b\u00e1sico para um olhar abrangente da pessoa, redes de cuidado, abordagem baseada no prazer e na aceita\u00e7\u00e3o.<\/p>\t\t\t\t\t\t\t\t<\/div>\n\t\t\t\t<\/div>\n\t\t\t\t\t<\/div>\n\t\t<\/div>\n\t\t\t\t\t<\/div>\n\t\t<\/section>\n\t\t\t\t<section class=\"elementor-section elementor-top-section elementor-element elementor-element-5e127aa elementor-section-boxed elementor-section-height-default elementor-section-height-default\" data-id=\"5e127aa\" data-element_type=\"section\" data-e-type=\"section\">\n\t\t\t\t\t\t<div class=\"elementor-container elementor-column-gap-default\">\n\t\t\t\t\t<div class=\"elementor-column elementor-col-100 elementor-top-column elementor-element elementor-element-922eb00\" data-id=\"922eb00\" data-element_type=\"column\" data-e-type=\"column\">\n\t\t\t<div class=\"elementor-widget-wrap elementor-element-populated\">\n\t\t\t\t\t\t<div class=\"elementor-element elementor-element-87a5beb elementor-widget elementor-widget-spacer\" data-id=\"87a5beb\" data-element_type=\"widget\" data-e-type=\"widget\" data-widget_type=\"spacer.default\">\n\t\t\t\t<div class=\"elementor-widget-container\">\n\t\t\t\t\t\t\t<div class=\"elementor-spacer\">\n\t\t\t<div class=\"elementor-spacer-inner\"><\/div>\n\t\t<\/div>\n\t\t\t\t\t\t<\/div>\n\t\t\t\t<\/div>\n\t\t\t\t<div class=\"elementor-element elementor-element-911a66c elementor-widget elementor-widget-heading\" data-id=\"911a66c\" data-element_type=\"widget\" data-e-type=\"widget\" data-widget_type=\"heading.default\">\n\t\t\t\t<div class=\"elementor-widget-container\">\n\t\t\t\t\t<h3 class=\"elementor-heading-title elementor-size-default\">Forma\u00e7\u00e3o para sex-shops e revendedores de artigos er\u00f3ticos e sextoys<\/h3>\t\t\t\t<\/div>\n\t\t\t\t<\/div>\n\t\t\t\t\t<\/div>\n\t\t<\/div>\n\t\t\t\t\t<\/div>\n\t\t<\/section>\n\t\t\t\t<section class=\"elementor-section elementor-top-section elementor-element elementor-element-4b7f6c2 elementor-section-boxed elementor-section-height-default elementor-section-height-default\" data-id=\"4b7f6c2\" data-element_type=\"section\" data-e-type=\"section\">\n\t\t\t\t\t\t<div class=\"elementor-container elementor-column-gap-default\">\n\t\t\t\t\t<div class=\"elementor-column elementor-col-100 elementor-top-column elementor-element elementor-element-5f25fa1\" data-id=\"5f25fa1\" data-element_type=\"column\" data-e-type=\"column\">\n\t\t\t<div class=\"elementor-widget-wrap elementor-element-populated\">\n\t\t\t\t\t\t<div class=\"elementor-element elementor-element-d0c8d23 elementor-widget elementor-widget-text-editor\" data-id=\"d0c8d23\" data-element_type=\"widget\" data-e-type=\"widget\" data-widget_type=\"text-editor.default\">\n\t\t\t\t<div class=\"elementor-widget-container\">\n\t\t\t\t\t\t\t\t\t<p>Apoiada pela experi\u00eancia de Carmo G\u00ea Pereira com tecnologias de prazer e experi\u00eancia de aconselhamento, juntamente com os conhecimentos adquiridos atrav\u00e9s de estudos de g\u00e9nero, sexologia e sexualidades, esta forma\u00e7\u00e3o centra-se na escolha e sele\u00e7\u00e3o de produtos, seguran\u00e7a de componentes e materiais, indica\u00e7\u00f5es e contra-indica\u00e7\u00f5es, apoio e como orientar a pessoa cliente, perguntas frequentes e outros esclarecimentos.<\/p>\t\t\t\t\t\t\t\t<\/div>\n\t\t\t\t<\/div>\n\t\t\t\t<div class=\"elementor-element elementor-element-9c54d4f elementor-widget elementor-widget-spacer\" data-id=\"9c54d4f\" data-element_type=\"widget\" data-e-type=\"widget\" data-widget_type=\"spacer.default\">\n\t\t\t\t<div class=\"elementor-widget-container\">\n\t\t\t\t\t\t\t<div class=\"elementor-spacer\">\n\t\t\t<div class=\"elementor-spacer-inner\"><\/div>\n\t\t<\/div>\n\t\t\t\t\t\t<\/div>\n\t\t\t\t<\/div>\n\t\t\t\t\t<\/div>\n\t\t<\/div>\n\t\t\t\t\t<\/div>\n\t\t<\/section>\n\t\t\t\t<section class=\"elementor-section elementor-top-section elementor-element elementor-element-5117ad9 elementor-section-boxed elementor-section-height-default elementor-section-height-default\" data-id=\"5117ad9\" data-element_type=\"section\" data-e-type=\"section\">\n\t\t\t\t\t\t<div class=\"elementor-container elementor-column-gap-default\">\n\t\t\t\t\t<div class=\"elementor-column elementor-col-25 elementor-top-column elementor-element elementor-element-b476269\" data-id=\"b476269\" data-element_type=\"column\" data-e-type=\"column\">\n\t\t\t<div class=\"elementor-widget-wrap\">\n\t\t\t\t\t\t\t<\/div>\n\t\t<\/div>\n\t\t\t\t<div class=\"elementor-column elementor-col-50 elementor-top-column elementor-element elementor-element-ccff616\" data-id=\"ccff616\" data-element_type=\"column\" data-e-type=\"column\">\n\t\t\t<div class=\"elementor-widget-wrap elementor-element-populated\">\n\t\t\t\t\t\t<div class=\"elementor-element elementor-element-8c7eee6 elementor-widget elementor-widget-image\" data-id=\"8c7eee6\" data-element_type=\"widget\" data-e-type=\"widget\" data-widget_type=\"image.default\">\n\t\t\t\t<div class=\"elementor-widget-container\">\n\t\t\t\t\t\t\t\t\t\t\t\t<figure class=\"wp-caption\">\n\t\t\t\t\t\t\t\t\t\t<img fetchpriority=\"high\" decoding=\"async\" width=\"980\" height=\"1743\" src=\"https:\/\/carmogepereira.pt\/wp-content\/uploads\/2025\/03\/MF_05104-980x1743.jpg\" class=\"attachment-woocommerce_single size-woocommerce_single wp-image-13180\" alt=\"\" srcset=\"https:\/\/carmogepereira.pt\/wp-content\/uploads\/2025\/03\/MF_05104-980x1743.jpg 980w, https:\/\/carmogepereira.pt\/wp-content\/uploads\/2025\/03\/MF_05104-169x300.jpg 169w, https:\/\/carmogepereira.pt\/wp-content\/uploads\/2025\/03\/MF_05104-576x1024.jpg 576w, https:\/\/carmogepereira.pt\/wp-content\/uploads\/2025\/03\/MF_05104-768x1366.jpg 768w, https:\/\/carmogepereira.pt\/wp-content\/uploads\/2025\/03\/MF_05104-864x1536.jpg 864w, https:\/\/carmogepereira.pt\/wp-content\/uploads\/2025\/03\/MF_05104-1152x2048.jpg 1152w, https:\/\/carmogepereira.pt\/wp-content\/uploads\/2025\/03\/MF_05104-7x12.jpg 7w, https:\/\/carmogepereira.pt\/wp-content\/uploads\/2025\/03\/MF_05104-scaled.jpg 1440w\" sizes=\"(max-width: 980px) 100vw, 980px\" \/>\t\t\t\t\t\t\t\t\t\t\t<figcaption class=\"widget-image-caption wp-caption-text\">Photo by Fresco Mafalda<\/figcaption>\n\t\t\t\t\t\t\t\t\t\t<\/figure>\n\t\t\t\t\t\t\t\t\t<\/div>\n\t\t\t\t<\/div>\n\t\t\t\t\t<\/div>\n\t\t<\/div>\n\t\t\t\t<div class=\"elementor-column elementor-col-25 elementor-top-column elementor-element elementor-element-11d018a\" data-id=\"11d018a\" data-element_type=\"column\" data-e-type=\"column\">\n\t\t\t<div class=\"elementor-widget-wrap\">\n\t\t\t\t\t\t\t<\/div>\n\t\t<\/div>\n\t\t\t\t\t<\/div>\n\t\t<\/section>\n\t\t\t\t<\/div>","protected":false},"excerpt":{"rendered":"<p>Private tutoring for students, artists, researchers, activists and professionals From gender studies to feminism, crossing with different perspectives in sexuality, identities and practices; counseling techniques and approach; marginalized identities; sexology&#8230;<\/p>","protected":false},"author":1,"featured_media":0,"parent":0,"menu_order":0,"comment_status":"closed","ping_status":"closed","template":"","meta":{"_acf_changed":false,"footnotes":""},"class_list":{"0":"post-3949","1":"page","2":"type-page","3":"status-publish","4":"hentry","5":"nt-post-class","6":"","7":"masonry-item","8":"col-lg-6","10":"thumb-none","12":"excerpt-none"},"acf":[],"_links":{"self":[{"href":"https:\/\/carmogepereira.pt\/pt\/wp-json\/wp\/v2\/pages\/3949","targetHints":{"allow":["GET"]}}],"collection":[{"href":"https:\/\/carmogepereira.pt\/pt\/wp-json\/wp\/v2\/pages"}],"about":[{"href":"https:\/\/carmogepereira.pt\/pt\/wp-json\/wp\/v2\/types\/page"}],"author":[{"embeddable":true,"href":"https:\/\/carmogepereira.pt\/pt\/wp-json\/wp\/v2\/users\/1"}],"replies":[{"embeddable":true,"href":"https:\/\/carmogepereira.pt\/pt\/wp-json\/wp\/v2\/comments?post=3949"}],"version-history":[{"count":0,"href":"https:\/\/carmogepereira.pt\/pt\/wp-json\/wp\/v2\/pages\/3949\/revisions"}],"wp:attachment":[{"href":"https:\/\/carmogepereira.pt\/pt\/wp-json\/wp\/v2\/media?parent=3949"}],"curies":[{"name":"wp","href":"https:\/\/api.w.org\/{rel}","templated":true}]}}