{"id":3953,"date":"2022-08-27T22:15:22","date_gmt":"2022-08-27T22:15:22","guid":{"rendered":"https:\/\/carmogepereira.pt\/vaiserperfeito\/?page_id=3953"},"modified":"2025-03-06T05:21:12","modified_gmt":"2025-03-06T05:21:12","slug":"workshops","status":"publish","type":"page","link":"https:\/\/carmogepereira.pt\/pt\/workshops\/","title":{"rendered":"Workshops"},"content":{"rendered":"<div data-elementor-type=\"wp-page\" data-elementor-id=\"3953\" class=\"elementor elementor-3953\">\n\t\t\t\t\t\t<section class=\"elementor-section elementor-top-section elementor-element elementor-element-3c7f631 elementor-section-boxed elementor-section-height-default elementor-section-height-default\" data-id=\"3c7f631\" data-element_type=\"section\" data-e-type=\"section\">\n\t\t\t\t\t\t<div class=\"elementor-container elementor-column-gap-default\">\n\t\t\t\t\t<div class=\"elementor-column elementor-col-100 elementor-top-column elementor-element elementor-element-7bf85a9\" data-id=\"7bf85a9\" data-element_type=\"column\" data-e-type=\"column\">\n\t\t\t<div class=\"elementor-widget-wrap elementor-element-populated\">\n\t\t\t\t\t\t<div class=\"elementor-element elementor-element-98a2cc0 elementor-widget elementor-widget-text-editor\" data-id=\"98a2cc0\" data-element_type=\"widget\" data-e-type=\"widget\" data-widget_type=\"text-editor.default\">\n\t\t\t\t<div class=\"elementor-widget-container\">\n\t\t\t\t\t\t\t\t\t<p>At the moment workshops are done only in private settings and by booking.<\/p><p>Workshops de grupo, co-criando espa\u00e7os mais seguros, para aprender e abrir uma conversa sobre corpos, sexualidade, intimidade, comunica\u00e7\u00e3o e prazer.<\/p><p>Encontras o que procuras atrav\u00e9s da divis\u00e3o dos workshops entre para pessoas com vulva e vagina, onde o foco \u00e9 anatomia, embora se aborde e mergulhe em muito mais; nos workshops para FLINTA (Female, Lesbian, Intersex, Trans and Agender = Mulheres, L\u00e9sbicas, Pessoas Intersexo, Trans e Ag\u00e9nero), o foco \u00e9 em comportamentos, atitudes e pr\u00e1ticas.<\/p><p>Os workshops providenciados por mim tentam ao m\u00e1ximo ser espa\u00e7os inclusivos e mais seguros, com respeito pelas identidades e corpos de todas as pessoas.<\/p><p>Acessibilidade do espa\u00e7o \u00e9 um dos meus pedidos aos s\u00edtios que acolhem os meus workshops, embora por vezes n\u00e3o seja poss\u00edvel. Se tiveres mobilidade reduzida, por favor consulta-me para que eu te possa informar e providenciar o necess\u00e1rio para que possas vir ao workshop.<\/p>\t\t\t\t\t\t\t\t<\/div>\n\t\t\t\t<\/div>\n\t\t\t\t\t<\/div>\n\t\t<\/div>\n\t\t\t\t\t<\/div>\n\t\t<\/section>\n\t\t\t\t<section class=\"elementor-section elementor-top-section elementor-element elementor-element-d7a6d0e elementor-section-boxed elementor-section-height-default elementor-section-height-default\" data-id=\"d7a6d0e\" data-element_type=\"section\" data-e-type=\"section\">\n\t\t\t\t\t\t<div class=\"elementor-container elementor-column-gap-default\">\n\t\t\t\t\t<div class=\"elementor-column elementor-col-100 elementor-top-column elementor-element elementor-element-43afdbf\" data-id=\"43afdbf\" data-element_type=\"column\" data-e-type=\"column\">\n\t\t\t<div class=\"elementor-widget-wrap elementor-element-populated\">\n\t\t\t\t\t\t<div class=\"elementor-element elementor-element-30fd515 elementor-widget elementor-widget-heading\" data-id=\"30fd515\" data-element_type=\"widget\" data-e-type=\"widget\" data-widget_type=\"heading.default\">\n\t\t\t\t<div class=\"elementor-widget-container\">\n\t\t\t\t\t<h3 class=\"elementor-heading-title elementor-size-default\">Para pessoas com vulva e vagina<\/h3>\t\t\t\t<\/div>\n\t\t\t\t<\/div>\n\t\t\t\t\t<\/div>\n\t\t<\/div>\n\t\t\t\t\t<\/div>\n\t\t<\/section>\n\t\t\t\t<section class=\"elementor-section elementor-top-section elementor-element elementor-element-bc4139b elementor-section-boxed elementor-section-height-default elementor-section-height-default\" data-id=\"bc4139b\" data-element_type=\"section\" data-e-type=\"section\">\n\t\t\t\t\t\t<div class=\"elementor-container elementor-column-gap-default\">\n\t\t\t\t\t<div class=\"elementor-column elementor-col-100 elementor-top-column elementor-element elementor-element-bccc6af\" data-id=\"bccc6af\" data-element_type=\"column\" data-e-type=\"column\">\n\t\t\t<div class=\"elementor-widget-wrap elementor-element-populated\">\n\t\t\t\t\t\t<div class=\"elementor-element elementor-element-51f42ef elementor-widget elementor-widget-html\" data-id=\"51f42ef\" data-element_type=\"widget\" data-e-type=\"widget\" data-widget_type=\"html.default\">\n\t\t\t\t<div class=\"elementor-widget-container\">\n\t\t\t\t\t<script> \njQuery(document).ready(function($) { \nvar delay = 100; setTimeout(function() { \n$('.elementor-tab-title').removeClass('elementor-active');\n $('.elementor-tab-content').css('display', 'none'); }, delay); \n}); \n<\/script>\t\t\t\t<\/div>\n\t\t\t\t<\/div>\n\t\t\t\t<div class=\"elementor-element elementor-element-617f123 elementor-widget elementor-widget-accordion\" data-id=\"617f123\" data-element_type=\"widget\" data-e-type=\"widget\" data-widget_type=\"accordion.default\">\n\t\t\t\t<div class=\"elementor-widget-container\">\n\t\t\t\t\t\t\t<div class=\"elementor-accordion\">\n\t\t\t\t\t\t\t<div class=\"elementor-accordion-item\">\n\t\t\t\t\t<div id=\"elementor-tab-title-1021\" class=\"elementor-tab-title\" data-tab=\"1\" role=\"button\" aria-controls=\"elementor-tab-content-1021\" aria-expanded=\"false\">\n\t\t\t\t\t\t\t\t\t\t\t\t\t<span class=\"elementor-accordion-icon elementor-accordion-icon-left\" aria-hidden=\"true\">\n\t\t\t\t\t\t\t\t\t\t\t\t\t\t\t<span class=\"elementor-accordion-icon-closed\"><i class=\"fas fa-plus-square\"><\/i><\/span>\n\t\t\t\t\t\t\t\t<span class=\"elementor-accordion-icon-opened\"><i class=\"fas fa-minus-square\"><\/i><\/span>\n\t\t\t\t\t\t\t\t\t\t\t\t\t\t<\/span>\n\t\t\t\t\t\t\t\t\t\t\t\t<a class=\"elementor-accordion-title\" tabindex=\"0\">Pompoarismo<\/a>\n\t\t\t\t\t<\/div>\n\t\t\t\t\t<div id=\"elementor-tab-content-1021\" class=\"elementor-tab-content elementor-clearfix\" data-tab=\"1\" role=\"region\" aria-labelledby=\"elementor-tab-title-1021\"><p>Workshop no longer available.<\/p><p>Com ra\u00edzes orientais, entre a Tail\u00e2ndia, Jap\u00e3o e \u00cdndia, parcialmente adaptado ao ocidente por Dr. Kegel, traz benef\u00edcios \u00e0 sa\u00fade entre os quais se contam melhoria da flora vaginal, preven\u00e7\u00e3o da incontin\u00eancia urin\u00e1ria e prolapso uterino e uma melhoria da vida sexual da pessoa, tornando as rela\u00e7\u00f5es sexuais e\/ou penetrativas ainda mais prazeirosas.<\/p><p>O workshop de Pompoarismo decorre em tr\u00eas horas onde se discute hist\u00f3ria e tradi\u00e7\u00e3o do pompoar, do oriente para o ocidente, fisiologia genital vaginal e p\u00e9lvica, relaxamento e controle muscular, exerc\u00edcios b\u00e1sicos, ferramentas para a pr\u00e1tica do pompoar, exerc\u00edcios avan\u00e7ados e uso de t\u00e9cnicas pompoaristas em contexto sexual.<\/p><p>Pede-se o uso de roupa confort\u00e1vel.<\/p><p>Nota: workshop n\u00e3o-hetero-cis-normativo -aberto a todes, independentemente da identidade de g\u00e9nero ou orienta\u00e7\u00e3o sexual, no entanto por raz\u00f5es anat\u00f3micas, apenas a pessoas com vaginas.<\/p><\/div>\n\t\t\t\t<\/div>\n\t\t\t\t\t\t\t<div class=\"elementor-accordion-item\">\n\t\t\t\t\t<div id=\"elementor-tab-title-1022\" class=\"elementor-tab-title\" data-tab=\"2\" role=\"button\" aria-controls=\"elementor-tab-content-1022\" aria-expanded=\"false\">\n\t\t\t\t\t\t\t\t\t\t\t\t\t<span class=\"elementor-accordion-icon elementor-accordion-icon-left\" aria-hidden=\"true\">\n\t\t\t\t\t\t\t\t\t\t\t\t\t\t\t<span class=\"elementor-accordion-icon-closed\"><i class=\"fas fa-plus-square\"><\/i><\/span>\n\t\t\t\t\t\t\t\t<span class=\"elementor-accordion-icon-opened\"><i class=\"fas fa-minus-square\"><\/i><\/span>\n\t\t\t\t\t\t\t\t\t\t\t\t\t\t<\/span>\n\t\t\t\t\t\t\t\t\t\t\t\t<a class=\"elementor-accordion-title\" tabindex=\"0\">Auto-erotismo, Conhecimento e Prazer<\/a>\n\t\t\t\t\t<\/div>\n\t\t\t\t\t<div id=\"elementor-tab-content-1022\" class=\"elementor-tab-content elementor-clearfix\" data-tab=\"2\" role=\"region\" aria-labelledby=\"elementor-tab-title-1022\"><p>Workshop de Masturba\u00e7\u00e3o para Vulvas e Vaginas<\/p><p>Estrutura:<\/p><p>\u00ba corpo inteiro, a vergonha e a aceita\u00e7\u00e3o<\/p><p>\u00ba anatomia genital de prazer 101<\/p><p>\u00ba breve hist\u00f3ria da Masturba\u00e7\u00e3o<\/p><p>\u00ba mitos, Benef\u00edcios e Riscos. An\u00e1lise e reflex\u00e3o sobre h\u00e1bitos de masturba\u00e7\u00e3o<\/p><p>\u00ba t\u00e9cnicas<\/p><p>\u00ba sextoys<\/p><p>\u00ba prolongar o prazer<\/p><p>\u00ba orgasmo como um direito e uma manifesta\u00e7\u00e3o<\/p><p>\u00ba o que eu quero que outra pessoa saiba sobre mim e sobre o meu prazer<\/p><p>* Existir\u00e3o momentos de pequenos exerc\u00edcios pr\u00e1ticos ao longo do workshop, sem exposi\u00e7\u00e3o de nudez ou pr\u00e1ticas genitais partilhadas.<\/p><\/div>\n\t\t\t\t<\/div>\n\t\t\t\t\t\t\t<div class=\"elementor-accordion-item\">\n\t\t\t\t\t<div id=\"elementor-tab-title-1023\" class=\"elementor-tab-title\" data-tab=\"3\" role=\"button\" aria-controls=\"elementor-tab-content-1023\" aria-expanded=\"false\">\n\t\t\t\t\t\t\t\t\t\t\t\t\t<span class=\"elementor-accordion-icon elementor-accordion-icon-left\" aria-hidden=\"true\">\n\t\t\t\t\t\t\t\t\t\t\t\t\t\t\t<span class=\"elementor-accordion-icon-closed\"><i class=\"fas fa-plus-square\"><\/i><\/span>\n\t\t\t\t\t\t\t\t<span class=\"elementor-accordion-icon-opened\"><i class=\"fas fa-minus-square\"><\/i><\/span>\n\t\t\t\t\t\t\t\t\t\t\t\t\t\t<\/span>\n\t\t\t\t\t\t\t\t\t\t\t\t<a class=\"elementor-accordion-title\" tabindex=\"0\">Vulva La Vida!<\/a>\n\t\t\t\t\t<\/div>\n\t\t\t\t\t<div id=\"elementor-tab-content-1023\" class=\"elementor-tab-content elementor-clearfix\" data-tab=\"3\" role=\"region\" aria-labelledby=\"elementor-tab-title-1023\"><p>#VulvaLaLife<\/p><p>*kit: toalha, espelho, \u00f3leo e polaroid inclu\u00eddo em tote<\/p><p>* workshop com auto-toque e observa\u00e7\u00e3o genital<\/p><p>A perseguida ou a proibida, a coisa vergonhosa ou o tesouro que mais tarde se h\u00e1-de entregar\u2026 Como se construiu esta rela\u00e7\u00e3o com a genit\u00e1lia que portamos ao longo da nossa vida? O que \u00e9 que nos foi dito e, t\u00e3o ou mais importante, o que \u00e9 que nunca nos foi dito? Como foi mitificada, renegada, medicalizada, castrada e controlada?<\/p><p>Quais os discursos encorajados e permitidos e quais os disruptivos?<\/p><p>O que \u00e9? Como funciona e como pode funcionar? Qual a base para um manual de instru\u00e7\u00e3o para os prazeres?<\/p><p>Como \u00e9? Como s\u00e3o? Como vasodilata? Que fluidos produz e como? Como me d\u00e1 prazer? Como a reconhe\u00e7o? Como reclamo esta Vulva e vagina para usufruto pr\u00f3prio, reconcilia\u00e7\u00e3o, celebra\u00e7\u00e3o e cada vez mais prazer?<\/p><p>. vagina dentata: a hist\u00f3ria e mitos de um genital<\/p><p>. observa\u00e7ao e autocuidado<\/p><p>. fisiologia e fisionomias<\/p><p>. ejacula\u00e7\u00e3o e outros fen\u00f3menos<\/p><p>. masturba\u00e7\u00e3o e automassagem<\/p><p>. edging e prazer<\/p><p>. aceita\u00e7\u00e3o, diversidade e poder<\/p><p>. e muito mais\u2026<\/p><p>Workshop para toda e qualquer pessoa que tenha uma vulva seja qual for a identidade de g\u00e9nero!<\/p><\/div>\n\t\t\t\t<\/div>\n\t\t\t\t\t\t\t\t<\/div>\n\t\t\t\t\t\t<\/div>\n\t\t\t\t<\/div>\n\t\t\t\t\t<\/div>\n\t\t<\/div>\n\t\t\t\t\t<\/div>\n\t\t<\/section>\n\t\t\t\t<section class=\"elementor-section elementor-top-section elementor-element elementor-element-3a9543d elementor-section-boxed elementor-section-height-default elementor-section-height-default\" data-id=\"3a9543d\" data-element_type=\"section\" data-e-type=\"section\">\n\t\t\t\t\t\t<div class=\"elementor-container elementor-column-gap-default\">\n\t\t\t\t\t<div class=\"elementor-column elementor-col-100 elementor-top-column elementor-element elementor-element-185c45c\" data-id=\"185c45c\" data-element_type=\"column\" data-e-type=\"column\">\n\t\t\t<div class=\"elementor-widget-wrap elementor-element-populated\">\n\t\t\t\t\t\t<div class=\"elementor-element elementor-element-0b84cc3 elementor-widget elementor-widget-heading\" data-id=\"0b84cc3\" data-element_type=\"widget\" data-e-type=\"widget\" data-widget_type=\"heading.default\">\n\t\t\t\t<div class=\"elementor-widget-container\">\n\t\t\t\t\t<h3 class=\"elementor-heading-title elementor-size-default\">For FLINTA* people or exclusive trans \/ queer groups <\/h3>\t\t\t\t<\/div>\n\t\t\t\t<\/div>\n\t\t\t\t\t<\/div>\n\t\t<\/div>\n\t\t\t\t\t<\/div>\n\t\t<\/section>\n\t\t\t\t<section class=\"elementor-section elementor-top-section elementor-element elementor-element-99b87ed elementor-section-boxed elementor-section-height-default elementor-section-height-default\" data-id=\"99b87ed\" data-element_type=\"section\" data-e-type=\"section\">\n\t\t\t\t\t\t<div class=\"elementor-container elementor-column-gap-default\">\n\t\t\t\t\t<div class=\"elementor-column elementor-col-100 elementor-top-column elementor-element elementor-element-b8313a0\" data-id=\"b8313a0\" data-element_type=\"column\" data-e-type=\"column\">\n\t\t\t<div class=\"elementor-widget-wrap elementor-element-populated\">\n\t\t\t\t\t\t<div class=\"elementor-element elementor-element-f4d08bd elementor-widget elementor-widget-accordion\" data-id=\"f4d08bd\" data-element_type=\"widget\" data-e-type=\"widget\" data-widget_type=\"accordion.default\">\n\t\t\t\t<div class=\"elementor-widget-container\">\n\t\t\t\t\t\t\t<div class=\"elementor-accordion\">\n\t\t\t\t\t\t\t<div class=\"elementor-accordion-item\">\n\t\t\t\t\t<div id=\"elementor-tab-title-2561\" class=\"elementor-tab-title\" data-tab=\"1\" role=\"button\" aria-controls=\"elementor-tab-content-2561\" aria-expanded=\"false\">\n\t\t\t\t\t\t\t\t\t\t\t\t\t<span class=\"elementor-accordion-icon elementor-accordion-icon-left\" aria-hidden=\"true\">\n\t\t\t\t\t\t\t\t\t\t\t\t\t\t\t<span class=\"elementor-accordion-icon-closed\"><i class=\"fas fa-plus-square\"><\/i><\/span>\n\t\t\t\t\t\t\t\t<span class=\"elementor-accordion-icon-opened\"><i class=\"fas fa-minus-square\"><\/i><\/span>\n\t\t\t\t\t\t\t\t\t\t\t\t\t\t<\/span>\n\t\t\t\t\t\t\t\t\t\t\t\t<a class=\"elementor-accordion-title\" tabindex=\"0\">Sex It Up<\/a>\n\t\t\t\t\t<\/div>\n\t\t\t\t\t<div id=\"elementor-tab-content-2561\" class=\"elementor-tab-content elementor-clearfix\" data-tab=\"1\" role=\"region\" aria-labelledby=\"elementor-tab-title-2561\"><p>Workshop intensivo de fim-de-semana em que um grupo partilha informa\u00e7\u00e3o e experi\u00eancias, aprende e (re)descobre novos e velhos prazeres. 6 horas por dia onde se discutem e apresentam t\u00e9cnicas e diferentes formas de estar, DESMISTIFICANDO pr\u00e1ticas e real\u00e7ando a import\u00e2ncia do PRAZER e do gozo em ESTAR PRESENTE e fazer.<\/p><p>Temas:<\/p><p>\u00ba auto-conhecimento<\/p><p>\u00ba massagens e despertar de sentidos<\/p><p>\u00ba consci\u00eancia genital<\/p><p>\u00ba comunica\u00e7\u00e3o no contexto da rela\u00e7\u00e3o<\/p><p>\u00ba sexo oral e estimula\u00e7\u00e3o manual<\/p><p>\u00ba estimula\u00e7\u00e3o e sexo anal<\/p><p>\u00ba t\u00e9cnicas de respira\u00e7\u00e3o e amplifica\u00e7\u00e3o de prazer<\/p><p>\u00ba diferentes formas de amar e, ou partilhar intimidade<\/p><p>\u00ba sexo mais seguro e redu\u00e7\u00e3o de riscos<\/p><p>\u00ba light spanking e um pouco de bondage<\/p><p>\u00ba fantasias e jogos de pap\u00e9is<\/p><p>\u00ba praticas sexuais marginalizadas ou alternativas.<\/p><p>Exibi\u00e7\u00e3o de filmes (curtas ou excertos) de acompanhamento opcional.<\/p><p>Aconselh\u00e1vel para retiro de dois dias (semana ou fim-de-semana).<\/p><\/div>\n\t\t\t\t<\/div>\n\t\t\t\t\t\t\t<div class=\"elementor-accordion-item\">\n\t\t\t\t\t<div id=\"elementor-tab-title-2562\" class=\"elementor-tab-title\" data-tab=\"2\" role=\"button\" aria-controls=\"elementor-tab-content-2562\" aria-expanded=\"false\">\n\t\t\t\t\t\t\t\t\t\t\t\t\t<span class=\"elementor-accordion-icon elementor-accordion-icon-left\" aria-hidden=\"true\">\n\t\t\t\t\t\t\t\t\t\t\t\t\t\t\t<span class=\"elementor-accordion-icon-closed\"><i class=\"fas fa-plus-square\"><\/i><\/span>\n\t\t\t\t\t\t\t\t<span class=\"elementor-accordion-icon-opened\"><i class=\"fas fa-minus-square\"><\/i><\/span>\n\t\t\t\t\t\t\t\t\t\t\t\t\t\t<\/span>\n\t\t\t\t\t\t\t\t\t\t\t\t<a class=\"elementor-accordion-title\" tabindex=\"0\">Sexo e Intimidade: Segredos Para Bom Sexo Numa Rela\u00e7\u00e3o Duradoura<\/a>\n\t\t\t\t\t<\/div>\n\t\t\t\t\t<div id=\"elementor-tab-content-2562\" class=\"elementor-tab-content elementor-clearfix\" data-tab=\"2\" role=\"region\" aria-labelledby=\"elementor-tab-title-2562\"><p>Workshop de 3h30 com enfoque em pr\u00e1ticas, t\u00e9cnicas e comunica\u00e7\u00e3o em contexto relacional.<\/p><p>Temas:<\/p><p>\u00ba O desejo: da resposta ao outro \u00e0 autonomia do que se quer. Estrat\u00e9gias para auto-conhecimento e auto-erotismo mais constante.<\/p><p>\u00ba Comunica\u00e7\u00e3o entre casal \/constela\u00e7\u00e3o: refor\u00e7o positivo, transpar\u00eancia e livre de culpas.<\/p><p>\u00ba Corpo inteiro: deginitaliza\u00e7\u00e3o do prazer e reconhecer do corpo do outro. Aten\u00e7\u00e3o plena.<\/p><p>\u00ba T\u00e9cnicas: oral, manual, anal.<\/p><p>\u00ba Fantasias: o aspecto c\u00e9nico da sexualidade, da fantasia \u00e0 concretiza\u00e7\u00e3o<\/p><p>\u00ba Diferentes formas de amar e, ou partilhar intimidades: alternativas com conhecimento e sem culpa.<\/p><p>\u00ba Tecnologias b\u00e1sicas para uma sexualidade plena.<\/p><p>* Existir\u00e3o momentos de pequenos exerc\u00edcios pr\u00e1ticos ao longo do workshop, sem exposi\u00e7\u00e3o de nudez ou pr\u00e1ticas genitais partilhadas.<\/p><\/div>\n\t\t\t\t<\/div>\n\t\t\t\t\t\t\t<div class=\"elementor-accordion-item\">\n\t\t\t\t\t<div id=\"elementor-tab-title-2563\" class=\"elementor-tab-title\" data-tab=\"3\" role=\"button\" aria-controls=\"elementor-tab-content-2563\" aria-expanded=\"false\">\n\t\t\t\t\t\t\t\t\t\t\t\t\t<span class=\"elementor-accordion-icon elementor-accordion-icon-left\" aria-hidden=\"true\">\n\t\t\t\t\t\t\t\t\t\t\t\t\t\t\t<span class=\"elementor-accordion-icon-closed\"><i class=\"fas fa-plus-square\"><\/i><\/span>\n\t\t\t\t\t\t\t\t<span class=\"elementor-accordion-icon-opened\"><i class=\"fas fa-minus-square\"><\/i><\/span>\n\t\t\t\t\t\t\t\t\t\t\t\t\t\t<\/span>\n\t\t\t\t\t\t\t\t\t\t\t\t<a class=\"elementor-accordion-title\" tabindex=\"0\">Amor Pr\u00f3prio, Autocuidado e Prazer dos Sentidos<\/a>\n\t\t\t\t\t<\/div>\n\t\t\t\t\t<div id=\"elementor-tab-content-2563\" class=\"elementor-tab-content elementor-clearfix\" data-tab=\"3\" role=\"region\" aria-labelledby=\"elementor-tab-title-2563\"><p>Dois dias de reconhecimento, auto-conhecimento e pr\u00e1ticas de auto-amor e prazer.<\/p><p>Como nos cuidarmos num mundo que n\u00e3o nos ensina amor pr\u00f3prio?<\/p><p>Como construir uma rela\u00e7\u00e3o de amor com o nosso corpo sem entendermos as for\u00e7as que nos levam \u00e0 rela\u00e7\u00e3o presente?<\/p><p>Quais as possibilidades de prazer num corpo entendido como inteiro?<\/p><p>Amor-pr\u00f3prio, autocuidado e prazer dos sentidos s\u00e3o dois dias para perceber as for\u00e7as do mundo e as ferramentas para o amor-pr\u00f3prio radical, estrat\u00e9gias de autocuidado e um mergulho na sexualidade consciente e no prazer dos sentidos.<\/p><p>\u00ba intersec\u00e7\u00f5es e amor-pr\u00f3prio radical<\/p><p>\u00ba self care and rituals<\/p><p>\u00ba prazer dos sentidos e eco-sexualidade.<\/p><p>. discuss\u00e3o . reflex\u00e3o . pr\u00e1ticas .<\/p><p>* Existir\u00e3o momentos de pequenos exerc\u00edcios pr\u00e1ticos ao longo do workshop, sem exposi\u00e7\u00e3o de nudez ou pr\u00e1ticas genitais partilhadas.<\/p><\/div>\n\t\t\t\t<\/div>\n\t\t\t\t\t\t\t\t<\/div>\n\t\t\t\t\t\t<\/div>\n\t\t\t\t<\/div>\n\t\t\t\t\t<\/div>\n\t\t<\/div>\n\t\t\t\t\t<\/div>\n\t\t<\/section>\n\t\t\t\t<section class=\"elementor-section elementor-top-section elementor-element elementor-element-63d44fb elementor-section-boxed elementor-section-height-default elementor-section-height-default\" data-id=\"63d44fb\" data-element_type=\"section\" data-e-type=\"section\">\n\t\t\t\t\t\t<div class=\"elementor-container elementor-column-gap-default\">\n\t\t\t\t\t<div class=\"elementor-column elementor-col-100 elementor-top-column elementor-element elementor-element-3af332f\" data-id=\"3af332f\" data-element_type=\"column\" data-e-type=\"column\">\n\t\t\t<div class=\"elementor-widget-wrap elementor-element-populated\">\n\t\t\t\t\t\t<div class=\"elementor-element elementor-element-d06e700 elementor-widget elementor-widget-text-editor\" data-id=\"d06e700\" data-element_type=\"widget\" data-e-type=\"widget\" data-widget_type=\"text-editor.default\">\n\t\t\t\t<div class=\"elementor-widget-container\">\n\t\t\t\t\t\t\t\t\t<p>* FLINTA (Female, Lesbian, Intersex, Trans and Agender = Mulheres, L\u00e9sbicas, Pessoas Intersexo, Trans e Ag\u00e9nero). Basicamente todas as pessoas excepto homens cisg\u00e9nero.<\/p>\t\t\t\t\t\t\t\t<\/div>\n\t\t\t\t<\/div>\n\t\t\t\t\t<\/div>\n\t\t<\/div>\n\t\t\t\t\t<\/div>\n\t\t<\/section>\n\t\t\t\t<section class=\"elementor-section elementor-top-section elementor-element elementor-element-695b112 elementor-section-boxed elementor-section-height-default elementor-section-height-default\" data-id=\"695b112\" data-element_type=\"section\" data-e-type=\"section\">\n\t\t\t\t\t\t<div class=\"elementor-container elementor-column-gap-default\">\n\t\t\t\t\t<div class=\"elementor-column elementor-col-33 elementor-top-column elementor-element elementor-element-482cb46\" data-id=\"482cb46\" data-element_type=\"column\" data-e-type=\"column\">\n\t\t\t<div class=\"elementor-widget-wrap\">\n\t\t\t\t\t\t\t<\/div>\n\t\t<\/div>\n\t\t\t\t<div class=\"elementor-column elementor-col-33 elementor-top-column elementor-element elementor-element-ad2ca0b\" data-id=\"ad2ca0b\" data-element_type=\"column\" data-e-type=\"column\">\n\t\t\t<div class=\"elementor-widget-wrap elementor-element-populated\">\n\t\t\t\t\t\t<div class=\"elementor-element elementor-element-3c93373 elementor-widget elementor-widget-image\" data-id=\"3c93373\" data-element_type=\"widget\" data-e-type=\"widget\" data-widget_type=\"image.default\">\n\t\t\t\t<div class=\"elementor-widget-container\">\n\t\t\t\t\t\t\t\t\t\t\t\t\t\t\t<img fetchpriority=\"high\" decoding=\"async\" width=\"1440\" height=\"2560\" src=\"https:\/\/carmogepereira.pt\/wp-content\/uploads\/2025\/03\/MF_04936-scaled.jpg\" class=\"attachment-full size-full wp-image-13160\" alt=\"\" srcset=\"https:\/\/carmogepereira.pt\/wp-content\/uploads\/2025\/03\/MF_04936-scaled.jpg 1440w, https:\/\/carmogepereira.pt\/wp-content\/uploads\/2025\/03\/MF_04936-169x300.jpg 169w, https:\/\/carmogepereira.pt\/wp-content\/uploads\/2025\/03\/MF_04936-576x1024.jpg 576w, https:\/\/carmogepereira.pt\/wp-content\/uploads\/2025\/03\/MF_04936-768x1366.jpg 768w, https:\/\/carmogepereira.pt\/wp-content\/uploads\/2025\/03\/MF_04936-864x1536.jpg 864w, https:\/\/carmogepereira.pt\/wp-content\/uploads\/2025\/03\/MF_04936-1152x2048.jpg 1152w, https:\/\/carmogepereira.pt\/wp-content\/uploads\/2025\/03\/MF_04936-7x12.jpg 7w, https:\/\/carmogepereira.pt\/wp-content\/uploads\/2025\/03\/MF_04936-980x1743.jpg 980w\" sizes=\"(max-width: 1440px) 100vw, 1440px\" \/>\t\t\t\t\t\t\t\t\t\t\t\t\t\t\t<\/div>\n\t\t\t\t<\/div>\n\t\t\t\t\t<\/div>\n\t\t<\/div>\n\t\t\t\t<div class=\"elementor-column elementor-col-33 elementor-top-column elementor-element elementor-element-4297d66\" data-id=\"4297d66\" data-element_type=\"column\" data-e-type=\"column\">\n\t\t\t<div class=\"elementor-widget-wrap\">\n\t\t\t\t\t\t\t<\/div>\n\t\t<\/div>\n\t\t\t\t\t<\/div>\n\t\t<\/section>\n\t\t\t\t<section class=\"elementor-section elementor-top-section elementor-element elementor-element-0c15a85 elementor-section-boxed elementor-section-height-default elementor-section-height-default\" data-id=\"0c15a85\" data-element_type=\"section\" data-e-type=\"section\">\n\t\t\t\t\t\t<div class=\"elementor-container elementor-column-gap-default\">\n\t\t\t\t\t<div class=\"elementor-column elementor-col-100 elementor-top-column elementor-element elementor-element-90befaf\" data-id=\"90befaf\" data-element_type=\"column\" data-e-type=\"column\">\n\t\t\t<div class=\"elementor-widget-wrap elementor-element-populated\">\n\t\t\t\t\t\t<div class=\"elementor-element elementor-element-3021bc1 elementor-widget elementor-widget-text-editor\" data-id=\"3021bc1\" data-element_type=\"widget\" data-e-type=\"widget\" data-widget_type=\"text-editor.default\">\n\t\t\t\t<div class=\"elementor-widget-container\">\n\t\t\t\t\t\t\t\t\t<p>Trabalho com escala financeira. Os pre\u00e7os dos workshops tentam ser inclusivos e reflectir as horas e o trabalho envolvidos por parte da pessoa que os facilita. Na maioria dos workshops haver\u00e1 um lugar para uma meia tarifa e um lugar para uma tarifa zero. Da mesma forma, se os recursos financeiros forem abundantes, contribuir mais significar\u00e1 que mais pessoas ter\u00e3o acesso a pre\u00e7os mais baixos.<\/p>\t\t\t\t\t\t\t\t<\/div>\n\t\t\t\t<\/div>\n\t\t\t\t\t<\/div>\n\t\t<\/div>\n\t\t\t\t\t<\/div>\n\t\t<\/section>\n\t\t\t\t<\/div>","protected":false},"excerpt":{"rendered":"<p>At the moment workshops are done only in private settings and by booking. Group workshops, bringing a safer space, to learn and open a conversation about bodies, sexuality, intimacy, communication&#8230;<\/p>","protected":false},"author":1,"featured_media":0,"parent":0,"menu_order":0,"comment_status":"closed","ping_status":"closed","template":"","meta":{"_acf_changed":false,"footnotes":""},"class_list":{"0":"post-3953","1":"page","2":"type-page","3":"status-publish","4":"hentry","5":"nt-post-class","6":"","7":"masonry-item","8":"col-lg-6","10":"thumb-none","12":"excerpt-none"},"acf":[],"_links":{"self":[{"href":"https:\/\/carmogepereira.pt\/pt\/wp-json\/wp\/v2\/pages\/3953","targetHints":{"allow":["GET"]}}],"collection":[{"href":"https:\/\/carmogepereira.pt\/pt\/wp-json\/wp\/v2\/pages"}],"about":[{"href":"https:\/\/carmogepereira.pt\/pt\/wp-json\/wp\/v2\/types\/page"}],"author":[{"embeddable":true,"href":"https:\/\/carmogepereira.pt\/pt\/wp-json\/wp\/v2\/users\/1"}],"replies":[{"embeddable":true,"href":"https:\/\/carmogepereira.pt\/pt\/wp-json\/wp\/v2\/comments?post=3953"}],"version-history":[{"count":0,"href":"https:\/\/carmogepereira.pt\/pt\/wp-json\/wp\/v2\/pages\/3953\/revisions"}],"wp:attachment":[{"href":"https:\/\/carmogepereira.pt\/pt\/wp-json\/wp\/v2\/media?parent=3953"}],"curies":[{"name":"wp","href":"https:\/\/api.w.org\/{rel}","templated":true}]}}