{"id":4009,"date":"2022-08-28T00:41:03","date_gmt":"2022-08-28T00:41:03","guid":{"rendered":"https:\/\/carmogepereira.pt\/vaiserperfeito\/?page_id=4009"},"modified":"2025-03-02T21:33:41","modified_gmt":"2025-03-02T21:33:41","slug":"bio","status":"publish","type":"page","link":"https:\/\/carmogepereira.pt\/pt\/bio\/","title":{"rendered":"Bio"},"content":{"rendered":"<div data-elementor-type=\"wp-page\" data-elementor-id=\"4009\" class=\"elementor elementor-4009\">\n\t\t\t\t\t\t<section class=\"elementor-section elementor-top-section elementor-element elementor-element-866d92d elementor-section-boxed elementor-section-height-default elementor-section-height-default\" data-id=\"866d92d\" data-element_type=\"section\" data-e-type=\"section\">\n\t\t\t\t\t\t<div class=\"elementor-container elementor-column-gap-default\">\n\t\t\t\t\t<div class=\"elementor-column elementor-col-100 elementor-top-column elementor-element elementor-element-695ab1d\" data-id=\"695ab1d\" data-element_type=\"column\" data-e-type=\"column\">\n\t\t\t<div class=\"elementor-widget-wrap elementor-element-populated\">\n\t\t\t\t\t\t<div class=\"elementor-element elementor-element-a93da44 elementor-widget elementor-widget-image\" data-id=\"a93da44\" data-element_type=\"widget\" data-e-type=\"widget\" data-widget_type=\"image.default\">\n\t\t\t\t<div class=\"elementor-widget-container\">\n\t\t\t\t\t\t\t\t\t\t\t\t<figure class=\"wp-caption\">\n\t\t\t\t\t\t\t\t\t\t<img fetchpriority=\"high\" decoding=\"async\" width=\"960\" height=\"540\" src=\"https:\/\/carmogepereira.pt\/wp-content\/uploads\/2025\/03\/MF_05216-1024x576.jpg\" class=\"attachment-large size-large wp-image-13193\" alt=\"\" srcset=\"https:\/\/carmogepereira.pt\/wp-content\/uploads\/2025\/03\/MF_05216-1024x576.jpg 1024w, https:\/\/carmogepereira.pt\/wp-content\/uploads\/2025\/03\/MF_05216-300x169.jpg 300w, https:\/\/carmogepereira.pt\/wp-content\/uploads\/2025\/03\/MF_05216-768x432.jpg 768w, https:\/\/carmogepereira.pt\/wp-content\/uploads\/2025\/03\/MF_05216-1536x864.jpg 1536w, https:\/\/carmogepereira.pt\/wp-content\/uploads\/2025\/03\/MF_05216-2048x1152.jpg 2048w, https:\/\/carmogepereira.pt\/wp-content\/uploads\/2025\/03\/MF_05216-18x10.jpg 18w, https:\/\/carmogepereira.pt\/wp-content\/uploads\/2025\/03\/MF_05216-980x551.jpg 980w\" sizes=\"(max-width: 960px) 100vw, 960px\" \/>\t\t\t\t\t\t\t\t\t\t\t<figcaption class=\"widget-image-caption wp-caption-text\">Photo by Fresco Mafalda<\/figcaption>\n\t\t\t\t\t\t\t\t\t\t<\/figure>\n\t\t\t\t\t\t\t\t\t<\/div>\n\t\t\t\t<\/div>\n\t\t\t\t<div class=\"elementor-element elementor-element-3b6e98f elementor-widget elementor-widget-spacer\" data-id=\"3b6e98f\" data-element_type=\"widget\" data-e-type=\"widget\" data-widget_type=\"spacer.default\">\n\t\t\t\t<div class=\"elementor-widget-container\">\n\t\t\t\t\t\t\t<div class=\"elementor-spacer\">\n\t\t\t<div class=\"elementor-spacer-inner\"><\/div>\n\t\t<\/div>\n\t\t\t\t\t\t<\/div>\n\t\t\t\t<\/div>\n\t\t\t\t<div class=\"elementor-element elementor-element-421d2ba elementor-widget elementor-widget-text-editor\" data-id=\"421d2ba\" data-element_type=\"widget\" data-e-type=\"widget\" data-widget_type=\"text-editor.default\">\n\t\t\t\t<div class=\"elementor-widget-container\">\n\t\t\t\t\t\t\t\t\t<p id=\"docs-internal-guid-2339aae9-7fff-6717-2f5d-b734c05b83ed\" dir=\"ltr\" style=\"line-height: 1.38; margin-top: 12pt; margin-bottom: 12pt;\"><span style=\"font-size: 11pt; font-family: Arial; color: #000000; background-color: transparent; font-weight: 400; font-style: normal; font-variant: normal; text-decoration: none; vertical-align: baseline; white-space: pre-wrap;\">Em 2008 crio um projecto portugu\u00eas ligado \u00e0 sexualidade. Tenho anos de experi\u00eancia em assessoramento er\u00f3tico, realiza\u00e7\u00e3o de workshops, forma\u00e7\u00f5es e tert\u00falias, sess\u00f5es de cinema e ciclos de eventos desde 2011 e aconselhamento sexual individual, para casais, pol\u00edculas e outros formatos de rela\u00e7\u00f5es monog\u00e2micas e n\u00e3o monog\u00e2micas. Trabalho com uma infinidade de temas ligados com sexualidades numa tentativa, bem sucedida, de passar uma vis\u00e3o sobre comportamentos, orienta\u00e7\u00f5es, pr\u00e1ticas e identidades de forma desmistificada e aberta.&nbsp;<\/span><\/p>\n<p dir=\"ltr\" style=\"line-height: 1.38; margin-top: 12pt; margin-bottom: 12pt;\"><span style=\"font-size: 11pt; font-family: Arial; color: #000000; background-color: transparent; font-weight: 400; font-style: normal; font-variant: normal; text-decoration: none; vertical-align: baseline; white-space: pre-wrap;\">Um percurso at\u00edpico, que come\u00e7a nas Ci\u00eancias da Comunica\u00e7\u00e3o, passa por Hist\u00f3ria da Sexualidade, Women Studies, Sexologia, diversas oficinas e aprendizados em sexualidades dissidentes, investiga\u00e7\u00e3o independente e educa\u00e7\u00e3o formal e n\u00e3o-formal cont\u00ednua. Presentemente estou a fazer um PHD em Sexualidade Humana.<\/span><\/p>\n<p dir=\"ltr\" style=\"line-height: 1.38; margin-top: 12pt; margin-bottom: 12pt;\"><span style=\"font-size: 11pt; font-family: Arial; color: #000000; background-color: transparent; font-weight: 400; font-style: normal; font-variant: normal; text-decoration: none; vertical-align: baseline; white-space: pre-wrap;\">Este projeto foi desenvolvido sem apoio institucional, feito em meu pr\u00f3prio nome e ganhou espa\u00e7o nos meios de comunica\u00e7\u00e3o e reconhecimento dos pares. Paralelamente, sou ativista.  Assumidamente feminista, LGBTQIA+, criticamente sex-positive, trabalho com e para todas as pessoas e j\u00e1 fui referenciado como:<\/span><\/p>\n<p dir=\"ltr\" style=\"line-height: 1.38; margin-top: 12pt; margin-bottom: 12pt;\"><span style=\"font-size: 11pt; font-family: Arial; color: #000000; background-color: transparent; font-weight: 400; font-style: normal; font-variant: normal; text-decoration: none; vertical-align: baseline; white-space: pre-wrap;\">\u00ba forma\u00e7\u00e3o, sou parte do projecto OUTSIDE IN, um projecto da Uni\u00e3o Europeia para forma\u00e7\u00e3o de formadores contra o discurso de \u00f3dio com o apoio do Erasmus+,<\/span><\/p>\n<p dir=\"ltr\" style=\"line-height: 1.38; margin-top: 12pt; margin-bottom: 12pt;\"><span style=\"font-size: 11pt; font-family: Arial; color: #000000; background-color: transparent; font-weight: 400; font-style: normal; font-variant: normal; text-decoration: none; vertical-align: baseline; white-space: pre-wrap;\">\u00ba educa\u00e7\u00e3o sexual para adultos, quer de forma geral, quer incidindo nos temas da orienta\u00e7\u00e3o relacional e n\u00e3o monogamias, prazer inclusivo, reflectindo sobre os acessos e direitos sexuais das pessoas com diversidade funcional e neuro diversidade, das minorias de direitos e da constru\u00e7\u00e3o de novas masculinidades, autoconhecimento e auto determina\u00e7\u00e3o de mulheres e mais prazer para todes,<\/span><\/p>\n<p dir=\"ltr\" style=\"line-height: 1.38; margin-top: 12pt; margin-bottom: 12pt;\"><span style=\"font-size: 11pt; font-family: Arial; color: #000000; background-color: transparent; font-weight: 400; font-style: normal; font-variant: normal; text-decoration: none; vertical-align: baseline; white-space: pre-wrap;\">\u00ba conhecimento especializado em seguran\u00e7a, recomenda\u00e7\u00e3o e utiliza\u00e7\u00e3o de tecnologias para a sexualidade (pornografia, sextoys, adere\u00e7os, cosm\u00e9tica e estimulantes).<\/span><\/p>\n<p dir=\"ltr\" style=\"line-height: 1.38; margin-top: 12pt; margin-bottom: 12pt;\"><span style=\"font-size: 11pt; font-family: Arial; color: #000000; background-color: transparent; font-weight: 400; font-style: normal; font-variant: normal; text-decoration: none; vertical-align: baseline; white-space: pre-wrap;\">Carmo G\u00ea Pereira sou t\u00e3o eu como uma quantidade de pessoas que me rodeiam e apoiam e que entendem que o prazer, a autodetermina\u00e7\u00e3o, o conhecimento, a comunica\u00e7\u00e3o, os afectos e as redes podem ser formas de empoderamento e transforma\u00e7\u00e3o social.<\/span><\/p>\n<p dir=\"ltr\" style=\"line-height: 1.38; margin-top: 0pt; margin-bottom: 0pt;\"><span style=\"font-size: 11pt; font-family: Arial; color: #000000; background-color: transparent; font-weight: 400; font-style: normal; font-variant: normal; text-decoration: none; vertical-align: baseline; white-space: pre-wrap;\">Os meus pronomes (por agora) s\u00e3o ilu\/elu\/ele.<\/span><\/p>\n<p><\/p>\t\t\t\t\t\t\t\t<\/div>\n\t\t\t\t<\/div>\n\t\t\t\t\t<\/div>\n\t\t<\/div>\n\t\t\t\t\t<\/div>\n\t\t<\/section>\n\t\t\t\t<section class=\"elementor-section elementor-top-section elementor-element elementor-element-a90639f elementor-section-boxed elementor-section-height-default elementor-section-height-default\" data-id=\"a90639f\" data-element_type=\"section\" data-e-type=\"section\">\n\t\t\t\t\t\t<div class=\"elementor-container elementor-column-gap-default\">\n\t\t\t\t\t<div class=\"elementor-column elementor-col-50 elementor-top-column elementor-element elementor-element-a72e62a\" data-id=\"a72e62a\" data-element_type=\"column\" data-e-type=\"column\">\n\t\t\t<div class=\"elementor-widget-wrap elementor-element-populated\">\n\t\t\t\t\t\t<div class=\"elementor-element elementor-element-cccd858 elementor-widget elementor-widget-image\" data-id=\"cccd858\" data-element_type=\"widget\" data-e-type=\"widget\" data-widget_type=\"image.default\">\n\t\t\t\t<div class=\"elementor-widget-container\">\n\t\t\t\t\t\t\t\t\t\t\t\t<figure class=\"wp-caption\">\n\t\t\t\t\t\t\t\t\t\t<img decoding=\"async\" width=\"1440\" height=\"2170\" src=\"https:\/\/carmogepereira.pt\/wp-content\/uploads\/2025\/03\/MF_04954-scaled-e1740951169349.jpg\" class=\"attachment-full size-full wp-image-13162\" alt=\"\" srcset=\"https:\/\/carmogepereira.pt\/wp-content\/uploads\/2025\/03\/MF_04954-scaled-e1740951169349.jpg 1440w, https:\/\/carmogepereira.pt\/wp-content\/uploads\/2025\/03\/MF_04954-scaled-e1740951169349-199x300.jpg 199w, https:\/\/carmogepereira.pt\/wp-content\/uploads\/2025\/03\/MF_04954-scaled-e1740951169349-680x1024.jpg 680w, https:\/\/carmogepereira.pt\/wp-content\/uploads\/2025\/03\/MF_04954-scaled-e1740951169349-768x1157.jpg 768w, https:\/\/carmogepereira.pt\/wp-content\/uploads\/2025\/03\/MF_04954-scaled-e1740951169349-1019x1536.jpg 1019w, https:\/\/carmogepereira.pt\/wp-content\/uploads\/2025\/03\/MF_04954-scaled-e1740951169349-1359x2048.jpg 1359w, https:\/\/carmogepereira.pt\/wp-content\/uploads\/2025\/03\/MF_04954-scaled-e1740951169349-8x12.jpg 8w, https:\/\/carmogepereira.pt\/wp-content\/uploads\/2025\/03\/MF_04954-scaled-e1740951169349-980x1477.jpg 980w\" sizes=\"(max-width: 1440px) 100vw, 1440px\" \/>\t\t\t\t\t\t\t\t\t\t\t<figcaption class=\"widget-image-caption wp-caption-text\">Photo by Fresco Mafalda<\/figcaption>\n\t\t\t\t\t\t\t\t\t\t<\/figure>\n\t\t\t\t\t\t\t\t\t<\/div>\n\t\t\t\t<\/div>\n\t\t\t\t\t<\/div>\n\t\t<\/div>\n\t\t\t\t<div class=\"elementor-column elementor-col-50 elementor-top-column elementor-element elementor-element-d17a357\" data-id=\"d17a357\" data-element_type=\"column\" data-e-type=\"column\">\n\t\t\t<div class=\"elementor-widget-wrap elementor-element-populated\">\n\t\t\t\t\t\t<div class=\"elementor-element elementor-element-936c811 elementor-widget elementor-widget-image\" data-id=\"936c811\" data-element_type=\"widget\" data-e-type=\"widget\" data-widget_type=\"image.default\">\n\t\t\t\t<div class=\"elementor-widget-container\">\n\t\t\t\t\t\t\t\t\t\t\t\t<figure class=\"wp-caption\">\n\t\t\t\t\t\t\t\t\t\t<img decoding=\"async\" width=\"1708\" height=\"2560\" src=\"https:\/\/carmogepereira.pt\/wp-content\/uploads\/2025\/03\/MF_04653-scaled.jpg\" class=\"attachment-full size-full wp-image-13204\" alt=\"\" srcset=\"https:\/\/carmogepereira.pt\/wp-content\/uploads\/2025\/03\/MF_04653-scaled.jpg 1708w, https:\/\/carmogepereira.pt\/wp-content\/uploads\/2025\/03\/MF_04653-200x300.jpg 200w, https:\/\/carmogepereira.pt\/wp-content\/uploads\/2025\/03\/MF_04653-683x1024.jpg 683w, https:\/\/carmogepereira.pt\/wp-content\/uploads\/2025\/03\/MF_04653-768x1151.jpg 768w, https:\/\/carmogepereira.pt\/wp-content\/uploads\/2025\/03\/MF_04653-1025x1536.jpg 1025w, https:\/\/carmogepereira.pt\/wp-content\/uploads\/2025\/03\/MF_04653-1366x2048.jpg 1366w, https:\/\/carmogepereira.pt\/wp-content\/uploads\/2025\/03\/MF_04653-8x12.jpg 8w, https:\/\/carmogepereira.pt\/wp-content\/uploads\/2025\/03\/MF_04653-980x1469.jpg 980w\" sizes=\"(max-width: 1708px) 100vw, 1708px\" \/>\t\t\t\t\t\t\t\t\t\t\t<figcaption class=\"widget-image-caption wp-caption-text\">Photo by Fresco Mafalda<\/figcaption>\n\t\t\t\t\t\t\t\t\t\t<\/figure>\n\t\t\t\t\t\t\t\t\t<\/div>\n\t\t\t\t<\/div>\n\t\t\t\t\t<\/div>\n\t\t<\/div>\n\t\t\t\t\t<\/div>\n\t\t<\/section>\n\t\t\t\t<\/div>","protected":false},"excerpt":{"rendered":"<p>Photo by Fresco Mafalda In 2008 I created a Portuguese project related to sexuality. I have years of experience in erotic counseling, workshops, trainings and talks, film sessions and events&#8230;<\/p>","protected":false},"author":1,"featured_media":0,"parent":0,"menu_order":0,"comment_status":"closed","ping_status":"closed","template":"","meta":{"_acf_changed":false,"footnotes":""},"class_list":{"0":"post-4009","1":"page","2":"type-page","3":"status-publish","4":"hentry","5":"nt-post-class","6":"","7":"masonry-item","8":"col-lg-6","10":"thumb-none","12":"excerpt-none"},"acf":[],"_links":{"self":[{"href":"https:\/\/carmogepereira.pt\/pt\/wp-json\/wp\/v2\/pages\/4009","targetHints":{"allow":["GET"]}}],"collection":[{"href":"https:\/\/carmogepereira.pt\/pt\/wp-json\/wp\/v2\/pages"}],"about":[{"href":"https:\/\/carmogepereira.pt\/pt\/wp-json\/wp\/v2\/types\/page"}],"author":[{"embeddable":true,"href":"https:\/\/carmogepereira.pt\/pt\/wp-json\/wp\/v2\/users\/1"}],"replies":[{"embeddable":true,"href":"https:\/\/carmogepereira.pt\/pt\/wp-json\/wp\/v2\/comments?post=4009"}],"version-history":[{"count":0,"href":"https:\/\/carmogepereira.pt\/pt\/wp-json\/wp\/v2\/pages\/4009\/revisions"}],"wp:attachment":[{"href":"https:\/\/carmogepereira.pt\/pt\/wp-json\/wp\/v2\/media?parent=4009"}],"curies":[{"name":"wp","href":"https:\/\/api.w.org\/{rel}","templated":true}]}}