{"id":4201,"date":"2022-08-28T16:31:11","date_gmt":"2022-08-28T16:31:11","guid":{"rendered":"https:\/\/carmogepereira.pt\/vaiserperfeito\/?page_id=4201"},"modified":"2025-03-06T05:24:11","modified_gmt":"2025-03-06T05:24:11","slug":"home-parties","status":"publish","type":"page","link":"https:\/\/carmogepereira.pt\/pt\/home-parties\/","title":{"rendered":"Em Tua Casa"},"content":{"rendered":"<div data-elementor-type=\"wp-page\" data-elementor-id=\"4201\" class=\"elementor elementor-4201\">\n\t\t\t\t\t\t<section class=\"elementor-section elementor-top-section elementor-element elementor-element-fcd2b44 elementor-section-boxed elementor-section-height-default elementor-section-height-default\" data-id=\"fcd2b44\" data-element_type=\"section\" data-e-type=\"section\">\n\t\t\t\t\t\t<div class=\"elementor-container elementor-column-gap-default\">\n\t\t\t\t\t<div class=\"elementor-column elementor-col-16 elementor-top-column elementor-element elementor-element-ba203c8\" data-id=\"ba203c8\" data-element_type=\"column\" data-e-type=\"column\">\n\t\t\t<div class=\"elementor-widget-wrap\">\n\t\t\t\t\t\t\t<\/div>\n\t\t<\/div>\n\t\t\t\t<div class=\"elementor-column elementor-col-66 elementor-top-column elementor-element elementor-element-d9e2d71\" data-id=\"d9e2d71\" data-element_type=\"column\" data-e-type=\"column\">\n\t\t\t<div class=\"elementor-widget-wrap elementor-element-populated\">\n\t\t\t\t\t\t<div class=\"elementor-element elementor-element-2a1080b elementor-widget elementor-widget-image\" data-id=\"2a1080b\" data-element_type=\"widget\" data-e-type=\"widget\" data-widget_type=\"image.default\">\n\t\t\t\t<div class=\"elementor-widget-container\">\n\t\t\t\t\t\t\t\t\t\t\t\t<figure class=\"wp-caption\">\n\t\t\t\t\t\t\t\t\t\t<img fetchpriority=\"high\" decoding=\"async\" width=\"2560\" height=\"1440\" src=\"https:\/\/carmogepereira.pt\/wp-content\/uploads\/2025\/03\/MF_04880-scaled.jpg\" class=\"attachment-full size-full wp-image-13157\" alt=\"\" srcset=\"https:\/\/carmogepereira.pt\/wp-content\/uploads\/2025\/03\/MF_04880-scaled.jpg 2560w, https:\/\/carmogepereira.pt\/wp-content\/uploads\/2025\/03\/MF_04880-300x169.jpg 300w, https:\/\/carmogepereira.pt\/wp-content\/uploads\/2025\/03\/MF_04880-1024x576.jpg 1024w, https:\/\/carmogepereira.pt\/wp-content\/uploads\/2025\/03\/MF_04880-768x432.jpg 768w, https:\/\/carmogepereira.pt\/wp-content\/uploads\/2025\/03\/MF_04880-1536x864.jpg 1536w, https:\/\/carmogepereira.pt\/wp-content\/uploads\/2025\/03\/MF_04880-2048x1152.jpg 2048w, https:\/\/carmogepereira.pt\/wp-content\/uploads\/2025\/03\/MF_04880-18x10.jpg 18w, https:\/\/carmogepereira.pt\/wp-content\/uploads\/2025\/03\/MF_04880-980x551.jpg 980w\" sizes=\"(max-width: 2560px) 100vw, 2560px\" \/>\t\t\t\t\t\t\t\t\t\t\t<figcaption class=\"widget-image-caption wp-caption-text\">Photo by Fresco Mafalda<\/figcaption>\n\t\t\t\t\t\t\t\t\t\t<\/figure>\n\t\t\t\t\t\t\t\t\t<\/div>\n\t\t\t\t<\/div>\n\t\t\t\t\t<\/div>\n\t\t<\/div>\n\t\t\t\t<div class=\"elementor-column elementor-col-16 elementor-top-column elementor-element elementor-element-66e9d5f\" data-id=\"66e9d5f\" data-element_type=\"column\" data-e-type=\"column\">\n\t\t\t<div class=\"elementor-widget-wrap\">\n\t\t\t\t\t\t\t<\/div>\n\t\t<\/div>\n\t\t\t\t\t<\/div>\n\t\t<\/section>\n\t\t\t\t<section class=\"elementor-section elementor-top-section elementor-element elementor-element-3b55925 elementor-section-boxed elementor-section-height-default elementor-section-height-default\" data-id=\"3b55925\" data-element_type=\"section\" data-e-type=\"section\">\n\t\t\t\t\t\t<div class=\"elementor-container elementor-column-gap-default\">\n\t\t\t\t\t<div class=\"elementor-column elementor-col-100 elementor-top-column elementor-element elementor-element-47aa64e\" data-id=\"47aa64e\" data-element_type=\"column\" data-e-type=\"column\">\n\t\t\t<div class=\"elementor-widget-wrap elementor-element-populated\">\n\t\t\t\t\t\t<div class=\"elementor-element elementor-element-4faecb6 elementor-widget elementor-widget-text-editor\" data-id=\"4faecb6\" data-element_type=\"widget\" data-e-type=\"widget\" data-widget_type=\"text-editor.default\">\n\t\t\t\t<div class=\"elementor-widget-container\">\n\t\t\t\t\t\t\t\t\t<p>Que tal uma pessoa especialista com a sua loja no conforto da tua casa?<\/p><p>O servi\u00e7o \u201cEm Tua Casa\u201d Carmo G\u00ea Pereira traz momentos de partilha, divers\u00e3o, conhecimento, amplia\u00e7\u00e3o de ideias e ferramentas para usar na intimidade, com um plus! Recebes algu\u00e9m que tem anos de trabalho por uma sociedade mais prazerosa e um monte de produtos para tocar, provar e experimentar.<\/p><p>Adiciona um componente de aprendizagem ao comemorar anivers\u00e1rios, em jantares com amigas ou transforma uma despedida de solteira em algo muito mais agrad\u00e1vel. Cria eventos especiais enquanto aprendem coisas reais e fixes sobre sexo com as melhores.<\/p><p>O evento dura de 90 minutos a tr\u00eas horas e em diferentes formatos, promovendo o crescimento como seres informados e er\u00f3ticos, de uma maneira leve e descomprometida.<\/p><p>Reserva um workshop privado com experi\u00eancia de compra feito \u00e0 medida dos vossos desejos e necessidades!<\/p><p>\u201cEm Tua Casa\u201d de Carmo G\u00ea Pereira garante seguran\u00e7a, sa\u00fade e prazer!<\/p><p>Temos diferentes programas para um jantar com amigues ou uma festa de despedida de solteira. Contacta para mais informa\u00e7\u00f5es!<\/p><p>contacto@carmogepereira.com<\/p><p>Service\u00a0 only for groups of women (cis\/trans) and\/or FLINTA people or exclusively queer groups.<\/p><p>* FLINTA (Female, Lesbian, Intersex, Trans and Agender = Mulheres, L\u00e9sbicas, Pessoas Intersexo, Trans e Ag\u00e9nero).<\/p>\t\t\t\t\t\t\t\t<\/div>\n\t\t\t\t<\/div>\n\t\t\t\t\t<\/div>\n\t\t<\/div>\n\t\t\t\t\t<\/div>\n\t\t<\/section>\n\t\t\t\t<section class=\"elementor-section elementor-top-section elementor-element elementor-element-3721a96 elementor-section-boxed elementor-section-height-default elementor-section-height-default\" data-id=\"3721a96\" data-element_type=\"section\" data-e-type=\"section\">\n\t\t\t\t\t\t<div class=\"elementor-container elementor-column-gap-default\">\n\t\t\t\t\t<div class=\"elementor-column elementor-col-100 elementor-top-column elementor-element elementor-element-a0fb2aa\" data-id=\"a0fb2aa\" data-element_type=\"column\" data-e-type=\"column\">\n\t\t\t<div class=\"elementor-widget-wrap elementor-element-populated\">\n\t\t\t\t\t\t<div class=\"elementor-element elementor-element-da471f6 elementor-arrows-position-inside elementor-pagination-position-outside elementor-widget elementor-widget-image-carousel\" data-id=\"da471f6\" data-element_type=\"widget\" data-e-type=\"widget\" data-settings=\"{&quot;navigation&quot;:&quot;both&quot;,&quot;autoplay&quot;:&quot;yes&quot;,&quot;pause_on_hover&quot;:&quot;yes&quot;,&quot;pause_on_interaction&quot;:&quot;yes&quot;,&quot;autoplay_speed&quot;:5000,&quot;infinite&quot;:&quot;yes&quot;,&quot;speed&quot;:500}\" data-widget_type=\"image-carousel.default\">\n\t\t\t\t<div class=\"elementor-widget-container\">\n\t\t\t\t\t\t\t<div class=\"elementor-image-carousel-wrapper swiper\" role=\"region\" aria-roledescription=\"carousel\" aria-label=\"Carrossel de imagens\" dir=\"ltr\">\n\t\t\t<div class=\"elementor-image-carousel swiper-wrapper\" aria-live=\"off\">\n\t\t\t\t\t\t\t\t<div class=\"swiper-slide\" role=\"group\" aria-roledescription=\"slide\" aria-label=\"1 of 41\" data-no-translation-aria-label=\"\"><figure class=\"swiper-slide-inner\"><img decoding=\"async\" class=\"swiper-slide-image\" src=\"https:\/\/carmogepereira.pt\/wp-content\/uploads\/2022\/08\/tuppersex-6-of-98.jpg\" alt=\"tuppersex (6 of 98)\" \/><\/figure><\/div><div class=\"swiper-slide\" role=\"group\" aria-roledescription=\"slide\" aria-label=\"2 of 41\" data-no-translation-aria-label=\"\"><figure class=\"swiper-slide-inner\"><img decoding=\"async\" class=\"swiper-slide-image\" src=\"https:\/\/carmogepereira.pt\/wp-content\/uploads\/2022\/08\/tuppersex-8-of-98.jpg\" alt=\"tuppersex (8 of 98)\" \/><\/figure><\/div><div class=\"swiper-slide\" role=\"group\" aria-roledescription=\"slide\" aria-label=\"3 of 41\" data-no-translation-aria-label=\"\"><figure class=\"swiper-slide-inner\"><img decoding=\"async\" class=\"swiper-slide-image\" src=\"https:\/\/carmogepereira.pt\/wp-content\/uploads\/2022\/08\/tuppersex-58-of-98.jpg\" alt=\"tuppersex (58 of 98)\" \/><\/figure><\/div><div class=\"swiper-slide\" role=\"group\" aria-roledescription=\"slide\" aria-label=\"4 of 41\" data-no-translation-aria-label=\"\"><figure class=\"swiper-slide-inner\"><img decoding=\"async\" class=\"swiper-slide-image\" src=\"https:\/\/carmogepereira.pt\/wp-content\/uploads\/2022\/08\/tuppersex-59-of-98.jpg\" alt=\"tuppersex (59 of 98)\" \/><\/figure><\/div><div class=\"swiper-slide\" role=\"group\" aria-roledescription=\"slide\" aria-label=\"5 of 41\" data-no-translation-aria-label=\"\"><figure class=\"swiper-slide-inner\"><img decoding=\"async\" class=\"swiper-slide-image\" src=\"https:\/\/carmogepereira.pt\/wp-content\/uploads\/2022\/08\/tuppersex-60-of-98.jpg\" alt=\"tuppersex (60 of 98)\" \/><\/figure><\/div><div class=\"swiper-slide\" role=\"group\" aria-roledescription=\"slide\" aria-label=\"6 of 41\" data-no-translation-aria-label=\"\"><figure class=\"swiper-slide-inner\"><img decoding=\"async\" class=\"swiper-slide-image\" src=\"https:\/\/carmogepereira.pt\/wp-content\/uploads\/2022\/08\/tuppersex-64-of-98.jpg\" alt=\"tuppersex (64 of 98)\" \/><\/figure><\/div><div class=\"swiper-slide\" role=\"group\" aria-roledescription=\"slide\" aria-label=\"7 of 41\" data-no-translation-aria-label=\"\"><figure class=\"swiper-slide-inner\"><img decoding=\"async\" class=\"swiper-slide-image\" src=\"https:\/\/carmogepereira.pt\/wp-content\/uploads\/2022\/08\/tuppersex-65-of-98.jpg\" alt=\"tuppersex (65 of 98)\" \/><\/figure><\/div><div class=\"swiper-slide\" role=\"group\" aria-roledescription=\"slide\" aria-label=\"8 of 41\" data-no-translation-aria-label=\"\"><figure class=\"swiper-slide-inner\"><img decoding=\"async\" class=\"swiper-slide-image\" src=\"https:\/\/carmogepereira.pt\/wp-content\/uploads\/2022\/08\/tuppersex-70-of-98.jpg\" alt=\"tuppersex (70 of 98)\" \/><\/figure><\/div><div class=\"swiper-slide\" role=\"group\" aria-roledescription=\"slide\" aria-label=\"9 of 41\" data-no-translation-aria-label=\"\"><figure class=\"swiper-slide-inner\"><img decoding=\"async\" class=\"swiper-slide-image\" src=\"https:\/\/carmogepereira.pt\/wp-content\/uploads\/2022\/08\/tuppersex-71-of-98.jpg\" alt=\"tuppersex (71 of 98)\" \/><\/figure><\/div><div class=\"swiper-slide\" role=\"group\" aria-roledescription=\"slide\" aria-label=\"10 of 41\" data-no-translation-aria-label=\"\"><figure class=\"swiper-slide-inner\"><img decoding=\"async\" class=\"swiper-slide-image\" src=\"https:\/\/carmogepereira.pt\/wp-content\/uploads\/2022\/08\/tuppersex-74-of-98.jpg\" alt=\"tuppersex (74 of 98)\" \/><\/figure><\/div><div class=\"swiper-slide\" role=\"group\" aria-roledescription=\"slide\" aria-label=\"11 of 41\" data-no-translation-aria-label=\"\"><figure class=\"swiper-slide-inner\"><img decoding=\"async\" class=\"swiper-slide-image\" src=\"https:\/\/carmogepereira.pt\/wp-content\/uploads\/2022\/08\/tuppersex-76-of-98.jpg\" alt=\"tuppersex (76 of 98)\" \/><\/figure><\/div><div class=\"swiper-slide\" role=\"group\" aria-roledescription=\"slide\" aria-label=\"12 of 41\" data-no-translation-aria-label=\"\"><figure class=\"swiper-slide-inner\"><img decoding=\"async\" class=\"swiper-slide-image\" src=\"https:\/\/carmogepereira.pt\/wp-content\/uploads\/2022\/08\/tuppersex-77-of-98.jpg\" alt=\"tuppersex (77 of 98)\" \/><\/figure><\/div><div class=\"swiper-slide\" role=\"group\" aria-roledescription=\"slide\" aria-label=\"13 of 41\" data-no-translation-aria-label=\"\"><figure class=\"swiper-slide-inner\"><img decoding=\"async\" class=\"swiper-slide-image\" src=\"https:\/\/carmogepereira.pt\/wp-content\/uploads\/2022\/08\/tuppersex-81-of-98.jpg\" alt=\"tuppersex (81 of 98)\" \/><\/figure><\/div><div class=\"swiper-slide\" role=\"group\" aria-roledescription=\"slide\" aria-label=\"14 of 41\" data-no-translation-aria-label=\"\"><figure class=\"swiper-slide-inner\"><img decoding=\"async\" class=\"swiper-slide-image\" src=\"https:\/\/carmogepereira.pt\/wp-content\/uploads\/2022\/08\/tuppersex-82-of-98.jpg\" alt=\"tuppersex (82 of 98)\" \/><\/figure><\/div><div class=\"swiper-slide\" role=\"group\" aria-roledescription=\"slide\" aria-label=\"15 of 41\" data-no-translation-aria-label=\"\"><figure class=\"swiper-slide-inner\"><img decoding=\"async\" class=\"swiper-slide-image\" src=\"https:\/\/carmogepereira.pt\/wp-content\/uploads\/2022\/08\/tuppersex-83-of-98.jpg\" alt=\"tuppersex (83 of 98)\" \/><\/figure><\/div><div class=\"swiper-slide\" role=\"group\" aria-roledescription=\"slide\" aria-label=\"16 of 41\" data-no-translation-aria-label=\"\"><figure class=\"swiper-slide-inner\"><img decoding=\"async\" class=\"swiper-slide-image\" src=\"https:\/\/carmogepereira.pt\/wp-content\/uploads\/2022\/08\/tuppersex-86-of-98.jpg\" alt=\"tuppersex (86 of 98)\" \/><\/figure><\/div><div class=\"swiper-slide\" role=\"group\" aria-roledescription=\"slide\" aria-label=\"17 of 41\" data-no-translation-aria-label=\"\"><figure class=\"swiper-slide-inner\"><img decoding=\"async\" class=\"swiper-slide-image\" src=\"https:\/\/carmogepereira.pt\/wp-content\/uploads\/2022\/08\/tuppersex-87-of-98.jpg\" alt=\"tuppersex (87 of 98)\" \/><\/figure><\/div><div class=\"swiper-slide\" role=\"group\" aria-roledescription=\"slide\" aria-label=\"18 of 41\" data-no-translation-aria-label=\"\"><figure class=\"swiper-slide-inner\"><img decoding=\"async\" class=\"swiper-slide-image\" src=\"https:\/\/carmogepereira.pt\/wp-content\/uploads\/2022\/08\/tuppersex-89-of-98.jpg\" alt=\"tuppersex (89 of 98)\" \/><\/figure><\/div><div class=\"swiper-slide\" role=\"group\" aria-roledescription=\"slide\" aria-label=\"19 of 41\" data-no-translation-aria-label=\"\"><figure class=\"swiper-slide-inner\"><img decoding=\"async\" class=\"swiper-slide-image\" src=\"https:\/\/carmogepereira.pt\/wp-content\/uploads\/2022\/08\/tuppersex-91-of-98.jpg\" alt=\"tuppersex (91 of 98)\" \/><\/figure><\/div><div class=\"swiper-slide\" role=\"group\" aria-roledescription=\"slide\" aria-label=\"20 of 41\" data-no-translation-aria-label=\"\"><figure class=\"swiper-slide-inner\"><img decoding=\"async\" class=\"swiper-slide-image\" src=\"https:\/\/carmogepereira.pt\/wp-content\/uploads\/2022\/08\/tuppersex-93-of-98.jpg\" alt=\"tuppersex (93 of 98)\" \/><\/figure><\/div><div class=\"swiper-slide\" role=\"group\" aria-roledescription=\"slide\" aria-label=\"21 of 41\" data-no-translation-aria-label=\"\"><figure class=\"swiper-slide-inner\"><img decoding=\"async\" class=\"swiper-slide-image\" src=\"https:\/\/carmogepereira.pt\/wp-content\/uploads\/2022\/08\/tuppersex-94-of-98.jpg\" alt=\"tuppersex (94 of 98)\" \/><\/figure><\/div><div class=\"swiper-slide\" role=\"group\" aria-roledescription=\"slide\" aria-label=\"22 of 41\" data-no-translation-aria-label=\"\"><figure class=\"swiper-slide-inner\"><img decoding=\"async\" class=\"swiper-slide-image\" src=\"https:\/\/carmogepereira.pt\/wp-content\/uploads\/2022\/08\/tuppersex-96-of-98.jpg\" alt=\"tuppersex (96 of 98)\" \/><\/figure><\/div><div class=\"swiper-slide\" role=\"group\" aria-roledescription=\"slide\" aria-label=\"23 of 41\" data-no-translation-aria-label=\"\"><figure class=\"swiper-slide-inner\"><img decoding=\"async\" class=\"swiper-slide-image\" src=\"https:\/\/carmogepereira.pt\/wp-content\/uploads\/2022\/08\/tuppersex-5-of-98.jpg\" alt=\"tuppersex (5 of 98)\" \/><\/figure><\/div><div class=\"swiper-slide\" role=\"group\" aria-roledescription=\"slide\" aria-label=\"24 of 41\" data-no-translation-aria-label=\"\"><figure class=\"swiper-slide-inner\"><img decoding=\"async\" class=\"swiper-slide-image\" src=\"https:\/\/carmogepereira.pt\/wp-content\/uploads\/2022\/08\/tuppersex-42-of-98.jpg\" alt=\"tuppersex (42 of 98)\" \/><\/figure><\/div><div class=\"swiper-slide\" role=\"group\" aria-roledescription=\"slide\" aria-label=\"25 of 41\" data-no-translation-aria-label=\"\"><figure class=\"swiper-slide-inner\"><img decoding=\"async\" class=\"swiper-slide-image\" src=\"https:\/\/carmogepereira.pt\/wp-content\/uploads\/2022\/08\/tuppersex-43-of-98.jpg\" alt=\"tuppersex (43 of 98)\" \/><\/figure><\/div><div class=\"swiper-slide\" role=\"group\" aria-roledescription=\"slide\" aria-label=\"26 of 41\" data-no-translation-aria-label=\"\"><figure class=\"swiper-slide-inner\"><img decoding=\"async\" class=\"swiper-slide-image\" src=\"https:\/\/carmogepereira.pt\/wp-content\/uploads\/2022\/08\/tuppersex-44-of-98.jpg\" alt=\"tuppersex (44 of 98)\" \/><\/figure><\/div><div class=\"swiper-slide\" role=\"group\" aria-roledescription=\"slide\" aria-label=\"27 of 41\" data-no-translation-aria-label=\"\"><figure class=\"swiper-slide-inner\"><img decoding=\"async\" class=\"swiper-slide-image\" src=\"https:\/\/carmogepereira.pt\/wp-content\/uploads\/2022\/08\/tuppersex-46-of-98.jpg\" alt=\"tuppersex (46 of 98)\" \/><\/figure><\/div><div class=\"swiper-slide\" role=\"group\" aria-roledescription=\"slide\" aria-label=\"28 of 41\" data-no-translation-aria-label=\"\"><figure class=\"swiper-slide-inner\"><img decoding=\"async\" class=\"swiper-slide-image\" src=\"https:\/\/carmogepereira.pt\/wp-content\/uploads\/2022\/08\/tuppersex-49-of-98.jpg\" alt=\"tuppersex (49 of 98)\" \/><\/figure><\/div><div class=\"swiper-slide\" role=\"group\" aria-roledescription=\"slide\" aria-label=\"29 of 41\" data-no-translation-aria-label=\"\"><figure class=\"swiper-slide-inner\"><img decoding=\"async\" class=\"swiper-slide-image\" src=\"https:\/\/carmogepereira.pt\/wp-content\/uploads\/2022\/08\/tuppersex-52-of-98.jpg\" alt=\"tuppersex (52 of 98)\" \/><\/figure><\/div><div class=\"swiper-slide\" role=\"group\" aria-roledescription=\"slide\" aria-label=\"30 of 41\" data-no-translation-aria-label=\"\"><figure class=\"swiper-slide-inner\"><img decoding=\"async\" class=\"swiper-slide-image\" src=\"https:\/\/carmogepereira.pt\/wp-content\/uploads\/2022\/08\/tuppersex-54-of-98.jpg\" alt=\"tuppersex (54 of 98)\" \/><\/figure><\/div><div class=\"swiper-slide\" role=\"group\" aria-roledescription=\"slide\" aria-label=\"31 of 41\" data-no-translation-aria-label=\"\"><figure class=\"swiper-slide-inner\"><img decoding=\"async\" class=\"swiper-slide-image\" src=\"https:\/\/carmogepereira.pt\/wp-content\/uploads\/2022\/08\/tuppersex-55-of-98.jpg\" alt=\"tuppersex (55 of 98)\" \/><\/figure><\/div><div class=\"swiper-slide\" role=\"group\" aria-roledescription=\"slide\" aria-label=\"32 of 41\" data-no-translation-aria-label=\"\"><figure class=\"swiper-slide-inner\"><img decoding=\"async\" class=\"swiper-slide-image\" src=\"https:\/\/carmogepereira.pt\/wp-content\/uploads\/2022\/08\/tuppersex-1-of-98.jpg\" alt=\"tuppersex (1 of 98)\" \/><\/figure><\/div><div class=\"swiper-slide\" role=\"group\" aria-roledescription=\"slide\" aria-label=\"33 of 41\" data-no-translation-aria-label=\"\"><figure class=\"swiper-slide-inner\"><img decoding=\"async\" class=\"swiper-slide-image\" src=\"https:\/\/carmogepereira.pt\/wp-content\/uploads\/2022\/08\/tuppersex-10-of-98.jpg\" alt=\"tuppersex (10 of 98)\" \/><\/figure><\/div><div class=\"swiper-slide\" role=\"group\" aria-roledescription=\"slide\" aria-label=\"34 of 41\" data-no-translation-aria-label=\"\"><figure class=\"swiper-slide-inner\"><img decoding=\"async\" class=\"swiper-slide-image\" src=\"https:\/\/carmogepereira.pt\/wp-content\/uploads\/2022\/08\/tuppersex-13-of-98.jpg\" alt=\"tuppersex (13 of 98)\" \/><\/figure><\/div><div class=\"swiper-slide\" role=\"group\" aria-roledescription=\"slide\" aria-label=\"35 of 41\" data-no-translation-aria-label=\"\"><figure class=\"swiper-slide-inner\"><img decoding=\"async\" class=\"swiper-slide-image\" src=\"https:\/\/carmogepereira.pt\/wp-content\/uploads\/2022\/08\/tuppersex-21-of-98.jpg\" alt=\"tuppersex (21 of 98)\" \/><\/figure><\/div><div class=\"swiper-slide\" role=\"group\" aria-roledescription=\"slide\" aria-label=\"36 of 41\" data-no-translation-aria-label=\"\"><figure class=\"swiper-slide-inner\"><img decoding=\"async\" class=\"swiper-slide-image\" src=\"https:\/\/carmogepereira.pt\/wp-content\/uploads\/2022\/08\/tuppersex-26-of-98.jpg\" alt=\"tuppersex (26 of 98)\" \/><\/figure><\/div><div class=\"swiper-slide\" role=\"group\" aria-roledescription=\"slide\" aria-label=\"37 of 41\" data-no-translation-aria-label=\"\"><figure class=\"swiper-slide-inner\"><img decoding=\"async\" class=\"swiper-slide-image\" src=\"https:\/\/carmogepereira.pt\/wp-content\/uploads\/2022\/08\/tuppersex-31-of-98.jpg\" alt=\"tuppersex (31 of 98)\" \/><\/figure><\/div><div class=\"swiper-slide\" role=\"group\" aria-roledescription=\"slide\" aria-label=\"38 of 41\" data-no-translation-aria-label=\"\"><figure class=\"swiper-slide-inner\"><img decoding=\"async\" class=\"swiper-slide-image\" src=\"https:\/\/carmogepereira.pt\/wp-content\/uploads\/2022\/08\/tuppersex-34-of-98.jpg\" alt=\"tuppersex (34 of 98)\" \/><\/figure><\/div><div class=\"swiper-slide\" role=\"group\" aria-roledescription=\"slide\" aria-label=\"39 of 41\" data-no-translation-aria-label=\"\"><figure class=\"swiper-slide-inner\"><img decoding=\"async\" class=\"swiper-slide-image\" src=\"https:\/\/carmogepereira.pt\/wp-content\/uploads\/2022\/08\/tuppersex-36-of-98.jpg\" alt=\"tuppersex (36 of 98)\" \/><\/figure><\/div><div class=\"swiper-slide\" role=\"group\" aria-roledescription=\"slide\" aria-label=\"40 of 41\" data-no-translation-aria-label=\"\"><figure class=\"swiper-slide-inner\"><img decoding=\"async\" class=\"swiper-slide-image\" src=\"https:\/\/carmogepereira.pt\/wp-content\/uploads\/2022\/08\/tuppersex-62-of-98.jpg\" alt=\"tuppersex (62 of 98)\" \/><\/figure><\/div><div class=\"swiper-slide\" role=\"group\" aria-roledescription=\"slide\" aria-label=\"41 of 41\" data-no-translation-aria-label=\"\"><figure class=\"swiper-slide-inner\"><img decoding=\"async\" class=\"swiper-slide-image\" src=\"https:\/\/carmogepereira.pt\/wp-content\/uploads\/2022\/08\/tuppersex-3-of-98.jpg\" alt=\"tuppersex (3 of 98)\" \/><\/figure><\/div>\t\t\t<\/div>\n\t\t\t\t\t\t\t\t\t\t\t\t<div class=\"elementor-swiper-button elementor-swiper-button-prev\" role=\"button\" tabindex=\"0\">\n\t\t\t\t\t\t<i aria-hidden=\"true\" class=\"eicon-chevron-left\"><\/i>\t\t\t\t\t<\/div>\n\t\t\t\t\t<div class=\"elementor-swiper-button elementor-swiper-button-next\" role=\"button\" tabindex=\"0\">\n\t\t\t\t\t\t<i aria-hidden=\"true\" class=\"eicon-chevron-right\"><\/i>\t\t\t\t\t<\/div>\n\t\t\t\t\n\t\t\t\t\t\t\t\t\t<div class=\"swiper-pagination\"><\/div>\n\t\t\t\t\t\t\t\t\t<\/div>\n\t\t\t\t\t\t<\/div>\n\t\t\t\t<\/div>\n\t\t\t\t\t<\/div>\n\t\t<\/div>\n\t\t\t\t\t<\/div>\n\t\t<\/section>\n\t\t\t\t<\/div>","protected":false},"excerpt":{"rendered":"<p>Photo by Fresco Mafalda What about an expert and their shop in the comfort of your home? Carmo G\u00ea Pereira\u2019s home parties are moments of sharing, fun, knowledge, expanding ideas&#8230;<\/p>","protected":false},"author":1,"featured_media":0,"parent":0,"menu_order":0,"comment_status":"closed","ping_status":"closed","template":"","meta":{"_acf_changed":false,"footnotes":""},"class_list":{"0":"post-4201","1":"page","2":"type-page","3":"status-publish","4":"hentry","5":"nt-post-class","6":"","7":"masonry-item","8":"col-lg-6","10":"thumb-none","12":"excerpt-none"},"acf":[],"_links":{"self":[{"href":"https:\/\/carmogepereira.pt\/pt\/wp-json\/wp\/v2\/pages\/4201","targetHints":{"allow":["GET"]}}],"collection":[{"href":"https:\/\/carmogepereira.pt\/pt\/wp-json\/wp\/v2\/pages"}],"about":[{"href":"https:\/\/carmogepereira.pt\/pt\/wp-json\/wp\/v2\/types\/page"}],"author":[{"embeddable":true,"href":"https:\/\/carmogepereira.pt\/pt\/wp-json\/wp\/v2\/users\/1"}],"replies":[{"embeddable":true,"href":"https:\/\/carmogepereira.pt\/pt\/wp-json\/wp\/v2\/comments?post=4201"}],"version-history":[{"count":0,"href":"https:\/\/carmogepereira.pt\/pt\/wp-json\/wp\/v2\/pages\/4201\/revisions"}],"wp:attachment":[{"href":"https:\/\/carmogepereira.pt\/pt\/wp-json\/wp\/v2\/media?parent=4201"}],"curies":[{"name":"wp","href":"https:\/\/api.w.org\/{rel}","templated":true}]}}