{"id":10942,"date":"2022-11-20T17:34:08","date_gmt":"2022-11-20T17:34:08","guid":{"rendered":"http:\/\/carmogepereira.pt\/vaiserperfeito\/?post_type=product&#038;p=10942"},"modified":"2025-12-13T09:23:27","modified_gmt":"2025-12-13T09:23:27","slug":"noevil-starterkit-picobong","status":"publish","type":"product","link":"https:\/\/carmogepereira.pt\/pt\/shop\/noevil-starterkit-picobong\/","title":{"rendered":"No Evil Starter Bondage Kit Picobong"},"content":{"rendered":"<p><b><span data-contrast=\"auto\">Caracter\u00edsticas:<\/span><\/b><span data-ccp-props=\"{&quot;201341983&quot;:0,&quot;335559739&quot;:160,&quot;335559740&quot;:259}\">\u00a0<\/span><\/p>\n<p>Restri\u00e7\u00e3o e brincadeira em neoprene suave e colorido.<\/p>\n<p>Cores vivas: Preto, Azul, Rosa.<\/p>\n<p>Venda, Coleira e Algemas de Neoprene.<\/p>\n<p>F\u00e1cil e confort\u00e1vel.<\/p>\n<p>Ajust\u00e1vel com velcro.<\/p>\n<p><b><span data-contrast=\"auto\">Conte\u00fado:<\/span><\/b><span data-ccp-props=\"{&quot;201341983&quot;:0,&quot;335559739&quot;:160,&quot;335559740&quot;:259}\">\u00a0<\/span><\/p>\n<p>1x Par de algemas<\/p>\n<p>1x venda<\/p>\n<p>1x coleira com trela.<\/p>\n<p><b><span data-contrast=\"auto\">Materiais:<\/span><\/b><span data-ccp-props=\"{&quot;201341983&quot;:0,&quot;335559739&quot;:160,&quot;335559740&quot;:259}\">\u00a0<\/span><\/p>\n<p>Velcro, Neoprene.<\/p>","protected":false},"excerpt":{"rendered":"<p>O kit iniciante perfeito para todas as macacadas!<\/p>\n<p>Speak No Evil Choker Picobong Azul - Concebido para estimular um ponto em que a press\u00e3o encontra o prazer, esta coleira d\u00e1 um significado totalmente novo a \u201cn\u00e3o deixar ir\".<\/p>\n<p>See No Evil Blindfold Picobong Rosa - Coloca esta venda nos olhos e desvenda as tuas fantasias mais secretas com a confian\u00e7a de que ningu\u00e9m est\u00e1 a ver.<\/p>\n<p>Resist No Evil Cuffs Picobong Azuis - L\u00fadicas mas duradouras, estas robustas algemas de velcro destinam-se obrigatoriamente a manter algu\u00e9m onde pertence.<\/p>\n<p>Tudo isto em neoprene super macio e velcro. Super f\u00e1cil de usar e lavar!<\/p>","protected":false},"featured_media":10943,"comment_status":"open","ping_status":"closed","template":"","meta":{"_acf_changed":false},"pwb-brand":[344],"product_brand":[],"product_cat":[113,126,116,123,117,491,155,492,555],"product_tag":[213,217,241,226,245,355,220,250,216,219],"class_list":{"0":"post-10942","1":"product","2":"type-product","3":"status-publish","4":"has-post-thumbnail","6":"pwb-brand-miscellaneous","7":"product_cat-accessorieskink","8":"product_cat-blindfolds-masks","9":"product_cat-bondage","10":"product_cat-collarsgag","11":"product_cat-cuffs","12":"product_cat-packs","13":"product_cat-packs-promos","14":"product_cat-promos","15":"product_cat-readytoship","16":"product_tag-bdsm","17":"product_tag-blindfold","18":"product_tag-collar","19":"product_tag-cuffs","20":"product_tag-external","21":"product_tag-picobong","22":"product_tag-restriction","23":"product_tag-sensory-play","24":"product_tag-vision","25":"product_tag-wrists","26":"pa_color-black","27":"pa_color-blue","28":"pa_color-pink","29":"nt-post-class","30":"","31":"masonry-item","32":"col-lg-6","40":"first","41":"instock","42":"sale","43":"taxable","44":"shipping-taxable","45":"purchasable","46":"product-type-simple","47":"add-to-wishlist-after_add_to_cart"},"acf":[],"brands":[{"id":344,"name":"Variadas","slug":"miscellaneous"}],"_links":{"self":[{"href":"https:\/\/carmogepereira.pt\/pt\/wp-json\/wp\/v2\/product\/10942","targetHints":{"allow":["GET"]}}],"collection":[{"href":"https:\/\/carmogepereira.pt\/pt\/wp-json\/wp\/v2\/product"}],"about":[{"href":"https:\/\/carmogepereira.pt\/pt\/wp-json\/wp\/v2\/types\/product"}],"replies":[{"embeddable":true,"href":"https:\/\/carmogepereira.pt\/pt\/wp-json\/wp\/v2\/comments?post=10942"}],"version-history":[{"count":0,"href":"https:\/\/carmogepereira.pt\/pt\/wp-json\/wp\/v2\/product\/10942\/revisions"}],"wp:featuredmedia":[{"embeddable":true,"href":"https:\/\/carmogepereira.pt\/pt\/wp-json\/wp\/v2\/media\/10943"}],"wp:attachment":[{"href":"https:\/\/carmogepereira.pt\/pt\/wp-json\/wp\/v2\/media?parent=10942"}],"wp:term":[{"taxonomy":"pwb-brand","embeddable":true,"href":"https:\/\/carmogepereira.pt\/pt\/wp-json\/wp\/v2\/pwb-brand?post=10942"},{"taxonomy":"product_brand","embeddable":true,"href":"https:\/\/carmogepereira.pt\/pt\/wp-json\/wp\/v2\/product_brand?post=10942"},{"taxonomy":"product_cat","embeddable":true,"href":"https:\/\/carmogepereira.pt\/pt\/wp-json\/wp\/v2\/product_cat?post=10942"},{"taxonomy":"product_tag","embeddable":true,"href":"https:\/\/carmogepereira.pt\/pt\/wp-json\/wp\/v2\/product_tag?post=10942"}],"curies":[{"name":"wp","href":"https:\/\/api.w.org\/{rel}","templated":true}]}}