{"id":11087,"date":"2022-11-25T23:32:46","date_gmt":"2022-11-25T23:32:46","guid":{"rendered":"http:\/\/carmogepereira.pt\/vaiserperfeito\/?post_type=product&#038;p=11087"},"modified":"2025-12-13T09:00:52","modified_gmt":"2025-12-13T09:00:52","slug":"sterializerpouchbvibe","status":"publish","type":"product","link":"https:\/\/carmogepereira.pt\/pt\/shop\/sterializerpouchbvibe\/","title":{"rendered":"Sterializer Pouch B-Vibe"},"content":{"rendered":"<p><b><span data-contrast=\"auto\">Caracter\u00edsticas:<\/span><\/b><span data-ccp-props=\"{&quot;201341983&quot;:0,&quot;335559739&quot;:160,&quot;335559740&quot;:259}\">\u00a0<\/span><\/p>\n<p>Mata 99,9% dos Germes.<\/p>\n<p>Sistema de Higieniza\u00e7\u00e3o R\u00e1pida.<\/p>\n<p>Compat\u00edvel com brinquedos At\u00e9 25,4cm.<\/p>\n<p>Aprovado pela TSA e pela Travel Friendly.<\/p>\n<p>Alimentado por USB.<\/p>\n<p>Garantia de 1 Ano.<\/p>\n<p><b><span data-contrast=\"auto\">Dimens\u00f5es do Produto:<\/span><\/b><\/p>\n<p>29.3cm x 10.1cm<\/p>\n<p><b><span data-contrast=\"auto\">Conte\u00fado:<\/span><\/b><span data-ccp-props=\"{&quot;201341983&quot;:0,&quot;335559739&quot;:160,&quot;335559740&quot;:259}\">\u00a0<\/span><\/p>\n<p>1x bolsa esterilizadora UV LED<\/p>\n<p>1x cabo USB<\/p>\n<p>1x Guia do utilizador.<\/p>","protected":false},"excerpt":{"rendered":"<p>Os brinquedos sexuais podem recolher bact\u00e9rias nocivas e a limpeza adequada dos brinquedos \u00e9 crucial para evitar infec\u00e7\u00f5es por germes. O saco esterilizador UV da b-Vibe \u00e9 um sistema higienizante completo que mata mais de 99,9% das bact\u00e9rias nocivas em 3 minutos. Facilmente acomodando brinquedos de tamanho m\u00e9dio, incluindo todos os produtos b-Vibe e todos os brinquedos at\u00e9 25,4 cm de tamanho, este saco esterilizador pode ser utilizado para manter quase todos os teus produtos de prazer livres de germes.<\/p>","protected":false},"featured_media":11088,"comment_status":"open","ping_status":"closed","template":"","meta":{"_acf_changed":false},"pwb-brand":[503],"product_brand":[],"product_cat":[154],"product_tag":[272,274],"class_list":{"0":"post-11087","1":"product","2":"type-product","3":"status-publish","4":"has-post-thumbnail","6":"pwb-brand-b-vibe","7":"product_cat-household-goods","8":"product_tag-cleaner","9":"product_tag-storage","10":"pa_color-black","11":"nt-post-class","12":"","13":"masonry-item","14":"col-lg-6","22":"first","23":"outofstock","24":"taxable","25":"shipping-taxable","26":"purchasable","27":"product-type-simple","28":"add-to-wishlist-after_add_to_cart"},"acf":[],"brands":[{"id":503,"name":"b-Vibe","slug":"b-vibe"}],"_links":{"self":[{"href":"https:\/\/carmogepereira.pt\/pt\/wp-json\/wp\/v2\/product\/11087","targetHints":{"allow":["GET"]}}],"collection":[{"href":"https:\/\/carmogepereira.pt\/pt\/wp-json\/wp\/v2\/product"}],"about":[{"href":"https:\/\/carmogepereira.pt\/pt\/wp-json\/wp\/v2\/types\/product"}],"replies":[{"embeddable":true,"href":"https:\/\/carmogepereira.pt\/pt\/wp-json\/wp\/v2\/comments?post=11087"}],"version-history":[{"count":0,"href":"https:\/\/carmogepereira.pt\/pt\/wp-json\/wp\/v2\/product\/11087\/revisions"}],"wp:featuredmedia":[{"embeddable":true,"href":"https:\/\/carmogepereira.pt\/pt\/wp-json\/wp\/v2\/media\/11088"}],"wp:attachment":[{"href":"https:\/\/carmogepereira.pt\/pt\/wp-json\/wp\/v2\/media?parent=11087"}],"wp:term":[{"taxonomy":"pwb-brand","embeddable":true,"href":"https:\/\/carmogepereira.pt\/pt\/wp-json\/wp\/v2\/pwb-brand?post=11087"},{"taxonomy":"product_brand","embeddable":true,"href":"https:\/\/carmogepereira.pt\/pt\/wp-json\/wp\/v2\/product_brand?post=11087"},{"taxonomy":"product_cat","embeddable":true,"href":"https:\/\/carmogepereira.pt\/pt\/wp-json\/wp\/v2\/product_cat?post=11087"},{"taxonomy":"product_tag","embeddable":true,"href":"https:\/\/carmogepereira.pt\/pt\/wp-json\/wp\/v2\/product_tag?post=11087"}],"curies":[{"name":"wp","href":"https:\/\/api.w.org\/{rel}","templated":true}]}}