{"id":12368,"date":"2023-12-13T15:28:06","date_gmt":"2023-12-13T15:28:06","guid":{"rendered":"https:\/\/carmogepereira.pt\/?post_type=product&#038;p=12368"},"modified":"2025-12-13T09:25:09","modified_gmt":"2025-12-13T09:25:09","slug":"aria-red-ylva-dite","status":"publish","type":"product","link":"https:\/\/carmogepereira.pt\/pt\/shop\/aria-red-ylva-dite\/","title":{"rendered":"Aria Red Ylva &#038; Dite"},"content":{"rendered":"<p><strong>Cores:<\/strong><\/p>\n<p>Red.<\/p>\n<p><b><span data-contrast=\"auto\">Caracter\u00edsticas:<\/span><\/b><span data-ccp-props=\"{&quot;201341983&quot;:0,&quot;335559739&quot;:160,&quot;335559740&quot;:259}\">\u00a0<\/span><\/p>\n<p>Dildo estimulante.<\/p>\n<p>Para penetra\u00e7\u00e3o vaginal ou anal.<\/p>\n<p>Eixo ligeiramente curvado.<\/p>\n<p>Flex\u00edvel mas consistente.<\/p>\n<p>Com ranhuras horizontais e p\u00e9rolas salientes na base.<\/p>\n<p>Finalizado com uma ponta arredondada.<\/p>\n<p>Estimula a pessoa penetrada.<\/p>\n<p>Base segura para a penetra\u00e7\u00e3o anal.<\/p>\n<p>Adequado para ser combinado com um arn\u00eas.<\/p>\n<p>Base de ventosa que adere a superf\u00edcies planas.<\/p>\n<p>Vers\u00e1til.<\/p>\n<p>Feito \u00e0 m\u00e3o na Holanda.<\/p>\n<p>Recicl\u00e1vel.<\/p>\n<p>\u00c0 prova de \u00e1gua e f\u00e1cil de limpar.<\/p>\n<p>A utiliza\u00e7\u00e3o de lubrificante \u00e0 base de \u00e1gua melhora a experi\u00eancia.<\/p>\n<p><b><span data-contrast=\"auto\">Dimens\u00f5es do Produto:<\/span><\/b><\/p>\n<p>16.5cm x \u00d8 3.3-4.2cm.<\/p>\n<p><b><span data-contrast=\"auto\">Conte\u00fado:<\/span><\/b><span data-ccp-props=\"{&quot;201341983&quot;:0,&quot;335559739&quot;:160,&quot;335559740&quot;:259}\">\u00a0<\/span><\/p>\n<p>1x Dildo.<\/p>\n<p><b><span data-contrast=\"auto\">Materiais:<\/span><\/b><\/p>\n<p>100% silicone premium.<\/p>","protected":false},"excerpt":{"rendered":"<p>Aria \u00e9 um dildo de alta qualidade com um desenho estimulante, concebido para penetra\u00e7\u00e3o vaginal ou anal. Com uma haste ligeiramente curva, muito flex\u00edvel mas consistente, com ranhuras horizontais e pequenas p\u00e9rolas que se projetam suavemente na sua base. Finalizado com uma ponta arredondada para facilitar a penetra\u00e7\u00e3o. Devido \u00e0 sua textura, proporciona mais sensa\u00e7\u00f5es durante a penetra\u00e7\u00e3o. Tem uma base segura para penetra\u00e7\u00f5es anais, \u00e9 totalmente adequada para a encaixar num arn\u00eas e tamb\u00e9m faz com que a ventosa funcione para aderir a qualquer superf\u00edcie plana, abrindo assim uma vasta gama de possibilidades de utiliza\u00e7\u00e3o, quer s\u00f3 ou com companhia.<\/p>","protected":false},"featured_media":11356,"comment_status":"open","ping_status":"closed","template":"","meta":{"_acf_changed":false},"pwb-brand":[486],"product_brand":[],"product_cat":[165,258,164,555],"product_tag":[260,259,537,209,353,364,261],"class_list":{"0":"post-12368","1":"product","2":"type-product","3":"status-publish","4":"has-post-thumbnail","6":"pwb-brand-ylvaanddite","7":"product_cat-dildos","8":"product_cat-strapon-suction-cup","9":"product_cat-vibratorsdildosplugs","10":"product_cat-readytoship","11":"product_tag-analuse","12":"product_tag-dildo","13":"product_tag-silicone-sextoy","14":"product_tag-strap-on","15":"product_tag-strap-on-dildo","16":"product_tag-suction-cup","17":"product_tag-vaginal_use","18":"pa_color-red","19":"nt-post-class","20":"","21":"masonry-item","22":"col-lg-6","30":"first","31":"outofstock","32":"taxable","33":"shipping-taxable","34":"purchasable","35":"product-type-simple","36":"add-to-wishlist-after_add_to_cart"},"acf":[],"brands":[{"id":486,"name":"Ylva &amp; Dite","slug":"ylvaanddite"}],"_links":{"self":[{"href":"https:\/\/carmogepereira.pt\/pt\/wp-json\/wp\/v2\/product\/12368","targetHints":{"allow":["GET"]}}],"collection":[{"href":"https:\/\/carmogepereira.pt\/pt\/wp-json\/wp\/v2\/product"}],"about":[{"href":"https:\/\/carmogepereira.pt\/pt\/wp-json\/wp\/v2\/types\/product"}],"replies":[{"embeddable":true,"href":"https:\/\/carmogepereira.pt\/pt\/wp-json\/wp\/v2\/comments?post=12368"}],"version-history":[{"count":0,"href":"https:\/\/carmogepereira.pt\/pt\/wp-json\/wp\/v2\/product\/12368\/revisions"}],"wp:featuredmedia":[{"embeddable":true,"href":"https:\/\/carmogepereira.pt\/pt\/wp-json\/wp\/v2\/media\/11356"}],"wp:attachment":[{"href":"https:\/\/carmogepereira.pt\/pt\/wp-json\/wp\/v2\/media?parent=12368"}],"wp:term":[{"taxonomy":"pwb-brand","embeddable":true,"href":"https:\/\/carmogepereira.pt\/pt\/wp-json\/wp\/v2\/pwb-brand?post=12368"},{"taxonomy":"product_brand","embeddable":true,"href":"https:\/\/carmogepereira.pt\/pt\/wp-json\/wp\/v2\/product_brand?post=12368"},{"taxonomy":"product_cat","embeddable":true,"href":"https:\/\/carmogepereira.pt\/pt\/wp-json\/wp\/v2\/product_cat?post=12368"},{"taxonomy":"product_tag","embeddable":true,"href":"https:\/\/carmogepereira.pt\/pt\/wp-json\/wp\/v2\/product_tag?post=12368"}],"curies":[{"name":"wp","href":"https:\/\/api.w.org\/{rel}","templated":true}]}}