{"id":12439,"date":"2023-12-13T17:22:49","date_gmt":"2023-12-13T17:22:49","guid":{"rendered":"https:\/\/carmogepereira.pt\/?post_type=product&#038;p=12439"},"modified":"2026-01-23T12:12:17","modified_gmt":"2026-01-23T12:12:17","slug":"naturals-swirl-pink-lemonade-sliquid","status":"publish","type":"product","link":"https:\/\/carmogepereira.pt\/pt\/shop\/naturals-swirl-pink-lemonade-sliquid\/","title":{"rendered":"Naturals Swirl Blue Raspberry Sliquid"},"content":{"rendered":"<p><strong>Flavor:<\/strong><\/p>\n<p>Blue Raspberry.<\/p>\n<p><b><span data-contrast=\"auto\">Caracter\u00edsticas:<\/span><\/b><span data-ccp-props=\"{&quot;201341983&quot;:0,&quot;335559739&quot;:160,&quot;335559740&quot;:259}\">\u00a0<\/span><\/p>\n<p>\u00c0 base de \u00e1gua e sol\u00favel em \u00e1gua.<\/p>\n<p>100% Vegan.<\/p>\n<p>Suavemente aromatizado para real\u00e7ar o sabor.<\/p>\n<p>Sem parabenos e sem glicerina.<\/p>\n<p>Hipoalerg\u00e9nico e n\u00e3o t\u00f3xico.<\/p>\n<p>N\u00e3o mancha e tem um leve odor.<\/p>\n<p>Misturado de forma \u00fanica para imitar a lubrifica\u00e7\u00e3o natural do pr\u00f3prio corpo.<\/p>\n<p>pH equilibrado neutro.<\/p>\n<p><b><span data-contrast=\"auto\">Dimens\u00f5es do Produto:<\/span><\/b><\/p>\n<p>125ml.<\/p>\n<p><b><span data-contrast=\"auto\">Conte\u00fado:<\/span><\/b><span data-ccp-props=\"{&quot;201341983&quot;:0,&quot;335559739&quot;:160,&quot;335559740&quot;:259}\">\u00a0<\/span><\/p>\n<p>1x frasco de lubrificante de sabor.<\/p>\n<p><b><span data-contrast=\"auto\">Ingredientes:<\/span><\/b><span data-ccp-props=\"{&quot;201341983&quot;:0,&quot;335559739&quot;:160,&quot;335559740&quot;:259}\">\u00a0<\/span><\/p>\n<p>\u00c1gua purificada, Celulose vegetal (de algod\u00e3o), Cyamopsis (Guar Condicionadores), Aromatizantes naturais, Aspartame, Sorbato de pot\u00e1ssio, \u00c1cido c\u00edtrico.<\/p>","protected":false},"excerpt":{"rendered":"<p>Lubrificantes \u00e0 base de \u00e1gua, sem a\u00e7\u00facar, com sabor.<\/p>\n<p>Sliquid Naturals Swirl s\u00e3o lubrificantes \u00e0 base de \u00e1gua com sabor, todos isentos de glicerina e parabenos. Sliquid oferece actualmente oito sabores; Baunilha com Cereja, Tarte de Ma\u00e7\u00e3 Verde, Framboesa Azul, Pina Colada, Limonada Rosa, Rom\u00e3 com Morango, Figo com Amora Preta e P\u00eassego com Tangerina. Est\u00e3o sempre em prepara\u00e7\u00e3o novas formula\u00e7\u00f5es de sabores.<\/p>\n<p>Todas as formula\u00e7\u00f5es Swirl come\u00e7am com o lubrificante original \u00e0 base de \u00e1gua Naturals H2O, e agregam aroma e uma pitada de aspartame para ado\u00e7ar. Os sabores s\u00e3o subtis, e destinam-se a real\u00e7ar o sabor, e n\u00e3o a disfar\u00e7ar.<\/p>","protected":false},"featured_media":12455,"comment_status":"open","ping_status":"closed","template":"","meta":{"_acf_changed":false},"pwb-brand":[394],"product_brand":[],"product_cat":[146,135,142,555],"product_tag":[294,245,538,296,289,290,428,553],"class_list":{"0":"post-12439","1":"product","2":"type-product","3":"status-publish","4":"has-post-thumbnail","6":"pwb-brand-sliquid","7":"product_cat-flavored-lubricants","8":"product_cat-lubsafersex","9":"product_cat-lubs","10":"product_cat-readytoship","11":"product_tag-edible","12":"product_tag-external","13":"product_tag-flavored-lubricant","14":"product_tag-genital_use","15":"product_tag-internal","16":"product_tag-lubricant","17":"product_tag-oral-sex","18":"product_tag-vulva-use","19":"nt-post-class","20":"","21":"masonry-item","22":"col-lg-6","30":"first","31":"instock","32":"taxable","33":"shipping-taxable","34":"purchasable","35":"product-type-simple","36":"add-to-wishlist-after_add_to_cart"},"acf":[],"brands":[{"id":394,"name":"Sliquid","slug":"sliquid"}],"_links":{"self":[{"href":"https:\/\/carmogepereira.pt\/pt\/wp-json\/wp\/v2\/product\/12439","targetHints":{"allow":["GET"]}}],"collection":[{"href":"https:\/\/carmogepereira.pt\/pt\/wp-json\/wp\/v2\/product"}],"about":[{"href":"https:\/\/carmogepereira.pt\/pt\/wp-json\/wp\/v2\/types\/product"}],"replies":[{"embeddable":true,"href":"https:\/\/carmogepereira.pt\/pt\/wp-json\/wp\/v2\/comments?post=12439"}],"version-history":[{"count":0,"href":"https:\/\/carmogepereira.pt\/pt\/wp-json\/wp\/v2\/product\/12439\/revisions"}],"wp:featuredmedia":[{"embeddable":true,"href":"https:\/\/carmogepereira.pt\/pt\/wp-json\/wp\/v2\/media\/12455"}],"wp:attachment":[{"href":"https:\/\/carmogepereira.pt\/pt\/wp-json\/wp\/v2\/media?parent=12439"}],"wp:term":[{"taxonomy":"pwb-brand","embeddable":true,"href":"https:\/\/carmogepereira.pt\/pt\/wp-json\/wp\/v2\/pwb-brand?post=12439"},{"taxonomy":"product_brand","embeddable":true,"href":"https:\/\/carmogepereira.pt\/pt\/wp-json\/wp\/v2\/product_brand?post=12439"},{"taxonomy":"product_cat","embeddable":true,"href":"https:\/\/carmogepereira.pt\/pt\/wp-json\/wp\/v2\/product_cat?post=12439"},{"taxonomy":"product_tag","embeddable":true,"href":"https:\/\/carmogepereira.pt\/pt\/wp-json\/wp\/v2\/product_tag?post=12439"}],"curies":[{"name":"wp","href":"https:\/\/api.w.org\/{rel}","templated":true}]}}