{"id":12465,"date":"2023-12-13T18:32:01","date_gmt":"2023-12-13T18:32:01","guid":{"rendered":"https:\/\/carmogepereira.pt\/?post_type=product&#038;p=12465"},"modified":"2024-03-01T13:13:26","modified_gmt":"2024-03-01T13:13:26","slug":"pony-unicorn-purple-butt-plug-tail-tailz","status":"publish","type":"product","link":"https:\/\/carmogepereira.pt\/pt\/shop\/pony-unicorn-purple-butt-plug-tail-tailz\/","title":{"rendered":"Pony &#038; Unicorn Purple Butt Plug Tail Tailz"},"content":{"rendered":"<p><b><span data-contrast=\"auto\">Caracter\u00edsticas:<\/span><\/b><\/p>\n<p>Usufrui de ac\u00e7\u00e3o equina m\u00e1gica quente.<\/p>\n<p>Cores divertidas, sedutoras num rabo de cavalo macio e cheio.<\/p>\n<p>Torce-o, escova-o, abana-o, mostra-o!<\/p>\n<p>Fibra sint\u00e9tica, encimada por um plug de silicone macio e sem ftalatos.<\/p>\n<p>A forma cl\u00e1ssica insere-se facilmente.<\/p>\n<p>Base larga para a manter firmemente no lugar.<\/p>\n<p>\u00c0 prova de \u00e1gua.<\/p>\n<p>Usa com lubrificante \u00e0 base de \u00e1gua.<\/p>\n<p><b><span data-contrast=\"auto\">Dimens\u00f5es do Produto:<\/span><\/b><\/p>\n<p>8.90cm x 3.3cm.<\/p>\n<p>51cm de comprimento total<\/p>\n<p><b><span data-contrast=\"auto\">Conte\u00fado:<\/span><\/b><span data-ccp-props=\"{&quot;201341983&quot;:0,&quot;335559739&quot;:160,&quot;335559740&quot;:259}\">\u00a0<\/span><\/p>\n<p>1 plug com cauda.<\/p>\n<p><b><span data-contrast=\"auto\">Materiais:<\/span><\/b><span data-ccp-props=\"{&quot;201341983&quot;:0,&quot;335559739&quot;:160,&quot;335559740&quot;:259}\">\u00a0<\/span><\/p>\n<p class=\"toolbar toolbar-top\">Silicone.<\/p>","protected":false},"excerpt":{"rendered":"<p>Desfruta de ac\u00e7\u00e3o equestre m\u00e1gica e quente numa cor divertida, flertando com este rabo de cavalo macio e cheio! Torce-o, escova-o, agita-o, mostra-o! A cauda tem 51 cm cheia de fibra sint\u00e9tica, encimada por um plug de silicone macio e sem ftalatos. A forma cl\u00e1ssica insere-se facilmente, com uma base em \u00e9vas\u00e9 para a manter firmemente no lugar.<\/p>","protected":false},"featured_media":9231,"comment_status":"open","ping_status":"closed","template":"","meta":{"_acf_changed":false},"pwb-brand":[344],"product_brand":[],"product_cat":[171,174,555],"product_tag":[289,312,537,502,434,329],"class_list":{"0":"post-12465","1":"product","2":"type-product","3":"status-publish","4":"has-post-thumbnail","6":"pwb-brand-miscellaneous","7":"product_cat-plugs","8":"product_cat-plus-tails","9":"product_cat-readytoship","10":"product_tag-internal","11":"product_tag-plug","12":"product_tag-silicone-sextoy","13":"product_tag-tail-plug","14":"product_tag-unicorn","15":"product_tag-waterproof","16":"pa_color-light-pink","17":"pa_color-pink","18":"pa_color-purple","19":"pa_color-rainbow","20":"nt-post-class","21":"","22":"masonry-item","23":"col-lg-6","31":"first","32":"instock","33":"taxable","34":"shipping-taxable","35":"purchasable","36":"product-type-simple","37":"add-to-wishlist-after_add_to_cart"},"acf":[],"brands":[{"id":344,"name":"Variadas","slug":"miscellaneous"}],"_links":{"self":[{"href":"https:\/\/carmogepereira.pt\/pt\/wp-json\/wp\/v2\/product\/12465","targetHints":{"allow":["GET"]}}],"collection":[{"href":"https:\/\/carmogepereira.pt\/pt\/wp-json\/wp\/v2\/product"}],"about":[{"href":"https:\/\/carmogepereira.pt\/pt\/wp-json\/wp\/v2\/types\/product"}],"replies":[{"embeddable":true,"href":"https:\/\/carmogepereira.pt\/pt\/wp-json\/wp\/v2\/comments?post=12465"}],"version-history":[{"count":0,"href":"https:\/\/carmogepereira.pt\/pt\/wp-json\/wp\/v2\/product\/12465\/revisions"}],"wp:featuredmedia":[{"embeddable":true,"href":"https:\/\/carmogepereira.pt\/pt\/wp-json\/wp\/v2\/media\/9231"}],"wp:attachment":[{"href":"https:\/\/carmogepereira.pt\/pt\/wp-json\/wp\/v2\/media?parent=12465"}],"wp:term":[{"taxonomy":"pwb-brand","embeddable":true,"href":"https:\/\/carmogepereira.pt\/pt\/wp-json\/wp\/v2\/pwb-brand?post=12465"},{"taxonomy":"product_brand","embeddable":true,"href":"https:\/\/carmogepereira.pt\/pt\/wp-json\/wp\/v2\/product_brand?post=12465"},{"taxonomy":"product_cat","embeddable":true,"href":"https:\/\/carmogepereira.pt\/pt\/wp-json\/wp\/v2\/product_cat?post=12465"},{"taxonomy":"product_tag","embeddable":true,"href":"https:\/\/carmogepereira.pt\/pt\/wp-json\/wp\/v2\/product_tag?post=12465"}],"curies":[{"name":"wp","href":"https:\/\/api.w.org\/{rel}","templated":true}]}}