{"id":12487,"date":"2023-12-13T19:41:29","date_gmt":"2023-12-13T19:41:29","guid":{"rendered":"https:\/\/carmogepereira.pt\/?post_type=product&#038;p=12487"},"modified":"2025-12-11T13:51:31","modified_gmt":"2025-12-11T13:51:31","slug":"buck-dich-red-spanking-dildo-paddle-fun-factory","status":"publish","type":"product","link":"https:\/\/carmogepereira.pt\/pt\/shop\/buck-dich-red-spanking-dildo-paddle-fun-factory\/","title":{"rendered":"B\u00fcck Dich Red Spanking Dildo Paddle Fun Factory"},"content":{"rendered":"<p><b><span data-contrast=\"auto\">Caracter\u00edsticas:<\/span><\/b><\/p>\n<p>Dois brinquedos em um: Uma paddle para spanking com uma pega de dildo.<\/p>\n<p>Muda de disciplina para recompensa com a mesma ferramenta.<\/p>\n<p>Ilumina spanking intenso.<\/p>\n<p>Eixo ondulado que se massaja com cada movimento.<\/p>\n<p>N\u00facleo firme para melhor controlo.<\/p>\n<p>Adequado para uso anal e vaginal.<\/p>\n<p>Eixo ondulado.<\/p>\n<p>Toque suave com um n\u00facleo firme.<\/p>\n<p>Submerg\u00edvel e f\u00e1cil de limpar.<\/p>\n<p><b><span data-contrast=\"auto\">Dimens\u00f5es do Produto:<\/span><\/b><\/p>\n<p>31.5cm x 44cm<\/p>\n<p><b><span data-contrast=\"auto\">Conte\u00fado:<\/span><\/b><span data-ccp-props=\"{&quot;201341983&quot;:0,&quot;335559739&quot;:160,&quot;335559740&quot;:259}\">\u00a0<\/span><\/p>\n<p>1x Spanking Dildo Paddle<\/p>\n<p><b><span data-contrast=\"auto\">Materiais:<\/span><\/b><span data-ccp-props=\"{&quot;201341983&quot;:0,&quot;335559739&quot;:160,&quot;335559740&quot;:259}\">\u00a0<\/span><\/p>\n<p class=\"toolbar toolbar-top\"><span class=\"expand-close\"> Silicone m\u00e9dico de alta qualidade.<\/span><\/p>","protected":false},"excerpt":{"rendered":"<p>B\u00fcck Dich \u00e9 meio dildo de meia paddle com um eixo ondulado, desenvolvido em silicone m\u00e9dico de alta qualidade e seguro para o corpo. Uma alternativa \u00e0s paddle de couro ou madeira, o n\u00facleo firme vai-te dar mais controlo sobre a for\u00e7a das tuas palmadas e garante que a paddle vai manter sempre a sua forma. B\u00fcck Dich \u00e9 um brinquedo 2 em 1: spanking e estimula\u00e7\u00e3o.<\/p>\n<p>Uma  paddle com um Dildo ondulado que proporciona prazer vaginal ou anal. \u00a0Um novo e moderno brinquedo concebido exclusivamente para dar asas \u00e0 tua imagina\u00e7\u00e3o.<\/p>\n<p>Tem um toque suave, \u00e9 muito f\u00e1cil de limpar. Recomenda-se a utiliza\u00e7\u00e3o de lubrificante \u00e0 base de \u00e1gua para melhor inser\u00e7\u00e3o e cuidado do produto, uma vez que outros lubrificantes podem danificar o brinquedo.<\/p>\n<p>Limpa cuidadosamente o brinquedo antes da primeira utiliza\u00e7\u00e3o e ap\u00f3s cada utiliza\u00e7\u00e3o.<\/p>","protected":false},"featured_media":5334,"comment_status":"open","ping_status":"closed","template":"","meta":{"_acf_changed":false},"pwb-brand":[336],"product_brand":[],"product_cat":[113,165,168,121,164,119,555],"product_tag":[260,213,259,547,257,256,537,261],"class_list":{"0":"post-12487","1":"product","2":"type-product","3":"status-publish","4":"has-post-thumbnail","6":"pwb-brand-funfactory","7":"product_cat-accessorieskink","8":"product_cat-dildos","9":"product_cat-handsonelectrosex","10":"product_cat-paddles","11":"product_cat-vibratorsdildosplugs","12":"product_cat-whipsfeathers","13":"product_cat-readytoship","14":"product_tag-analuse","15":"product_tag-bdsm","16":"product_tag-dildo","17":"product_tag-hands-on-dildo","18":"product_tag-impact-play","19":"product_tag-paddle","20":"product_tag-silicone-sextoy","21":"product_tag-vaginal_use","22":"pa_color-red","23":"nt-post-class","24":"","25":"masonry-item","26":"col-lg-6","34":"first","35":"instock","36":"taxable","37":"shipping-taxable","38":"purchasable","39":"product-type-simple","40":"add-to-wishlist-after_add_to_cart"},"acf":[],"brands":[{"id":336,"name":"Fun Factory","slug":"funfactory"}],"_links":{"self":[{"href":"https:\/\/carmogepereira.pt\/pt\/wp-json\/wp\/v2\/product\/12487","targetHints":{"allow":["GET"]}}],"collection":[{"href":"https:\/\/carmogepereira.pt\/pt\/wp-json\/wp\/v2\/product"}],"about":[{"href":"https:\/\/carmogepereira.pt\/pt\/wp-json\/wp\/v2\/types\/product"}],"replies":[{"embeddable":true,"href":"https:\/\/carmogepereira.pt\/pt\/wp-json\/wp\/v2\/comments?post=12487"}],"version-history":[{"count":0,"href":"https:\/\/carmogepereira.pt\/pt\/wp-json\/wp\/v2\/product\/12487\/revisions"}],"wp:featuredmedia":[{"embeddable":true,"href":"https:\/\/carmogepereira.pt\/pt\/wp-json\/wp\/v2\/media\/5334"}],"wp:attachment":[{"href":"https:\/\/carmogepereira.pt\/pt\/wp-json\/wp\/v2\/media?parent=12487"}],"wp:term":[{"taxonomy":"pwb-brand","embeddable":true,"href":"https:\/\/carmogepereira.pt\/pt\/wp-json\/wp\/v2\/pwb-brand?post=12487"},{"taxonomy":"product_brand","embeddable":true,"href":"https:\/\/carmogepereira.pt\/pt\/wp-json\/wp\/v2\/product_brand?post=12487"},{"taxonomy":"product_cat","embeddable":true,"href":"https:\/\/carmogepereira.pt\/pt\/wp-json\/wp\/v2\/product_cat?post=12487"},{"taxonomy":"product_tag","embeddable":true,"href":"https:\/\/carmogepereira.pt\/pt\/wp-json\/wp\/v2\/product_tag?post=12487"}],"curies":[{"name":"wp","href":"https:\/\/api.w.org\/{rel}","templated":true}]}}