{"id":12891,"date":"2024-10-18T17:58:24","date_gmt":"2024-10-18T17:58:24","guid":{"rendered":"https:\/\/carmogepereira.pt\/?post_type=product&#038;p=12891"},"modified":"2025-12-13T09:48:19","modified_gmt":"2025-12-13T09:48:19","slug":"goodtogotraveler-uberlube","status":"publish","type":"product","link":"https:\/\/carmogepereira.pt\/pt\/shop\/goodtogotraveler-uberlube\/","title":{"rendered":"Good to Go Traveler Silicone Lubricant UberLube"},"content":{"rendered":"<p><strong>Cores:<\/strong><\/p>\n<p>Prateado<\/p>\n<p>Dourado<\/p>\n<p>Rosa<\/p>\n<p>Vermelho<\/p>\n<p>Aqua &#8211; Light Blue<\/p>\n<p><strong>Tamanho:<\/strong><\/p>\n<p>15ml<\/p>\n<p><b><span data-contrast=\"auto\">Caracter\u00edsticas:<\/span><\/b><span data-ccp-props=\"{&quot;201341983&quot;:0,&quot;335559739&quot;:160,&quot;335559740&quot;:259}\">\u00a0<\/span><\/p>\n<p>Good-to-Go Traveler &#8211; 15ml in an aluminium case.<\/p>\n<p>Perfect for your purse, pocket, gym bag, or carry-on luggage.<\/p>\n<p>Refill the traveler case with specially-designed cartridges.<\/p>\n<p>Have the joy of \u00fcberlube at home and away.<\/p>\n<p><span data-ccp-props=\"{&quot;201341983&quot;:0,&quot;335559739&quot;:160,&quot;335559740&quot;:259}\">Sente tudo o que queres sentir.<\/span><\/p>\n<p>Long lasting &#8211; a little drop goes a long way.<\/p>\n<p><span data-ccp-props=\"{&quot;201341983&quot;:0,&quot;335559739&quot;:160,&quot;335559740&quot;:259}\">Para rela\u00e7\u00f5es sexuais e muito mais.\u00a0<\/span><\/p>\n<p>Do not use with silicone toys before testing (except if there is a specific indication of the toy manufacturer).<\/p>\n<p>Compat\u00edvel com preservativos de l\u00e1tex.<\/p>\n<p><span data-ccp-props=\"{&quot;201341983&quot;:0,&quot;335559739&quot;:160,&quot;335559740&quot;:259}\">Reduz a fric\u00e7\u00e3o, n\u00e3o a sensa\u00e7\u00e3o.<br \/>\n<\/span><\/p>\n<p><span data-ccp-props=\"{&quot;201341983&quot;:0,&quot;335559739&quot;:160,&quot;335559740&quot;:259}\">Perfeito para pentear o cabelo!<\/span><\/p>\n<p><span data-ccp-props=\"{&quot;201341983&quot;:0,&quot;335559739&quot;:160,&quot;335559740&quot;:259}\">Protec\u00e7\u00e3o contra a irrita\u00e7\u00e3o de longa dura\u00e7\u00e3o e de alto desempenho em situa\u00e7\u00f5es desportivas e sexuais.<\/span><\/p>\n<p>Anhydrous Lubricant &#8211; without water- no pH or osmolality. \u00dcberlube doesn&#8217;t interfere with vaginal pH.<\/p>\n<p><b><span data-contrast=\"auto\">Dimens\u00f5es do Produto:<\/span><\/b><\/p>\n<p>15ml.<\/p>\n<p><b><span data-contrast=\"auto\">Conte\u00fado:<\/span><\/b><span data-ccp-props=\"{&quot;201341983&quot;:0,&quot;335559739&quot;:160,&quot;335559740&quot;:259}\">\u00a0<\/span><\/p>\n<p>1x bottle of silicone lubricant with case.<\/p>\n<p><b><span data-contrast=\"auto\">Ingredientes:<\/span><\/b><span data-ccp-props=\"{&quot;201341983&quot;:0,&quot;335559739&quot;:160,&quot;335559740&quot;:259}\">\u00a0<\/span><\/p>\n<p class=\"translation-block\">Dimeticone, Dimeticoneol, Ciclometone, Acetato de Tocoferilo (Vitamina E).<\/p>","protected":false},"excerpt":{"rendered":"<p>Good-to-Go Traveler<br \/>\nPerfect for your purse, pocket, gym bag, or carry-on luggage. Choose your favorite color. Refill the traveler case with specially-designed cartridges. Now you can have the joy of \u00fcberlube at\u00a0home\u00a0and\u00a0away.<\/p>\n<p class=\"translation-block\">A sensa\u00e7\u00e3o \u00e9 tudo<br>\nExcita\u00e7\u00e3o. Intimidade. Antecipa\u00e7\u00e3o. Satisfa\u00e7\u00e3o. \u00fcberlube deixa-te sentir tudo o que queres sentir.<br> Para atividade sexual e muito mais..<br>\n\u00dcberlube foi criado com sexo em mente, mas a f\u00f3rmula \u00e9 t\u00e3o pura e aperfei\u00e7oada, porqu\u00ea limit\u00e1-la a apenas uma \u00e1rea da sua vida?<br>\nSexo<br>\nPara qualquer g\u00e9nero, corpo, idade e orienta\u00e7\u00e3o - o \u00fcberlube torna o sexo melhor para todos ao reduzir o atrito, n\u00e3o a sensa\u00e7\u00e3o.<br>\nEstilo<br>\nDesde cuidar do frisado e das pontas de cabelo condicionadas, a obter um brilho suave e saud\u00e1vel, o \u00fcberlube \u00e9 uma solu\u00e7\u00e3o de estilo polivalente para sal\u00f5es e casa.<br>\nDesporto<br>\nQuer estejas a treinar para um Triatlo ou apenas a manter-te em forma, o \u00fcberlube proporciona uma protec\u00e7\u00e3o contra a fric\u00e7\u00e3o, duradoura e de alto desempenho.<\/p>\n<p>Osmolality and pH are generally more of a topic related with water-based lubricants. \u00dcberlube is anhydrous, meaning without water, so it doesn&#8217;t have pH or osmolality. \u00dcberlube doesn&#8217;t interfere with\u00a0vaginal\u00a0pH.<\/p>","protected":false},"featured_media":12922,"comment_status":"open","ping_status":"closed","template":"","meta":{"_acf_changed":false},"pwb-brand":[405],"product_brand":[],"product_cat":[315,135,142,133,129,144,555],"product_tag":[260,225,401,245,296,402,289,290,539,553],"class_list":{"0":"post-12891","1":"product","2":"type-product","3":"status-publish","4":"has-post-thumbnail","6":"pwb-brand-uberlube","7":"product_cat-bath-and-care","8":"product_cat-lubsafersex","9":"product_cat-lubs","10":"product_cat-massageoilscreams","11":"product_cat-sex-cosmetics","12":"product_cat-silicone-oil-lubricants","13":"product_cat-readytoship","14":"product_tag-analuse","15":"product_tag-body","16":"product_tag-body-care","17":"product_tag-external","18":"product_tag-genital_use","19":"product_tag-hair-care","20":"product_tag-internal","21":"product_tag-lubricant","22":"product_tag-silicone-lubricant","23":"product_tag-vulva-use","24":"pa_color-gold","25":"pa_color-light-blue","26":"pa_color-pink","27":"pa_color-red","28":"pa_color-silver","29":"pa_size-15ml","30":"nt-post-class","31":"","32":"masonry-item","33":"col-lg-6","41":"first","42":"outofstock","43":"taxable","44":"shipping-taxable","45":"purchasable","46":"product-type-variable","47":"add-to-wishlist-after_add_to_cart"},"acf":[],"brands":[{"id":405,"name":"\u00dcberlube","slug":"uberlube"}],"_links":{"self":[{"href":"https:\/\/carmogepereira.pt\/pt\/wp-json\/wp\/v2\/product\/12891","targetHints":{"allow":["GET"]}}],"collection":[{"href":"https:\/\/carmogepereira.pt\/pt\/wp-json\/wp\/v2\/product"}],"about":[{"href":"https:\/\/carmogepereira.pt\/pt\/wp-json\/wp\/v2\/types\/product"}],"replies":[{"embeddable":true,"href":"https:\/\/carmogepereira.pt\/pt\/wp-json\/wp\/v2\/comments?post=12891"}],"version-history":[{"count":0,"href":"https:\/\/carmogepereira.pt\/pt\/wp-json\/wp\/v2\/product\/12891\/revisions"}],"wp:featuredmedia":[{"embeddable":true,"href":"https:\/\/carmogepereira.pt\/pt\/wp-json\/wp\/v2\/media\/12922"}],"wp:attachment":[{"href":"https:\/\/carmogepereira.pt\/pt\/wp-json\/wp\/v2\/media?parent=12891"}],"wp:term":[{"taxonomy":"pwb-brand","embeddable":true,"href":"https:\/\/carmogepereira.pt\/pt\/wp-json\/wp\/v2\/pwb-brand?post=12891"},{"taxonomy":"product_brand","embeddable":true,"href":"https:\/\/carmogepereira.pt\/pt\/wp-json\/wp\/v2\/product_brand?post=12891"},{"taxonomy":"product_cat","embeddable":true,"href":"https:\/\/carmogepereira.pt\/pt\/wp-json\/wp\/v2\/product_cat?post=12891"},{"taxonomy":"product_tag","embeddable":true,"href":"https:\/\/carmogepereira.pt\/pt\/wp-json\/wp\/v2\/product_tag?post=12891"}],"curies":[{"name":"wp","href":"https:\/\/api.w.org\/{rel}","templated":true}]}}