{"id":4943,"date":"2022-08-31T01:24:52","date_gmt":"2022-08-31T01:24:52","guid":{"rendered":"http:\/\/carmogepereira.pt\/vaiserperfeito\/?post_type=product&#038;p=4943"},"modified":"2024-03-01T13:55:32","modified_gmt":"2024-03-01T13:55:32","slug":"thightstrapon","status":"publish","type":"product","link":"https:\/\/carmogepereira.pt\/pt\/shop\/thightstrapon\/","title":{"rendered":"Thight Strap-on Sportsheets"},"content":{"rendered":"<p><b><span data-contrast=\"auto\">Modelos:<\/span><\/b><\/p>\n<p><span data-ccp-props=\"{&quot;201341983&quot;:0,&quot;335559739&quot;:160,&quot;335559740&quot;:259}\">Ultra Thigh Strap On \/\u00a0Dual Penetration\u00a0Thigh Strap On\u00a0<\/span><\/p>\n<p><b><span data-contrast=\"auto\">Caracter\u00edsticas:<\/span><\/b><span data-ccp-props=\"{&quot;201341983&quot;:0,&quot;335559739&quot;:160,&quot;335559740&quot;:259}\">\u00a0<\/span><\/p>\n<p><span data-contrast=\"auto\">Neopreno macio e confort\u00e1vel com fecho de gancho e la\u00e7o\u00a0<\/span><span data-ccp-props=\"{&quot;134233279&quot;:true,&quot;201341983&quot;:0,&quot;335559739&quot;:160,&quot;335559740&quot;:259}\">\u00a0<\/span><\/p>\n<p><span data-contrast=\"auto\">Abertura refor\u00e7ada de 4.45 cm para acomodar dildos de base larga<\/span><\/p>\n<p><span data-contrast=\"auto\">Abertura refor\u00e7ada de 3.2 cm para acomodar dildos de base larga (apenas no Modelo Dual Penetration)<\/span><span data-ccp-props=\"{&quot;134233279&quot;:true,&quot;201341983&quot;:0,&quot;335559739&quot;:160,&quot;335559740&quot;:259}\">\u00a0<\/span><\/p>\n<p><span data-contrast=\"auto\">Lav\u00e1vel \u00e0 m\u00e1quina.\u00a0<\/span><span data-ccp-props=\"{&quot;134233279&quot;:true,&quot;201341983&quot;:0,&quot;335559739&quot;:160,&quot;335559740&quot;:259}\">\u00a0<\/span><\/p>\n<p><span data-contrast=\"auto\">Dildos vendidos separadamente<\/span><span data-ccp-props=\"{&quot;134233279&quot;:true,&quot;201341983&quot;:0,&quot;335559739&quot;:160,&quot;335559740&quot;:259}\">\u00a0<\/span><\/p>\n<p><span data-contrast=\"auto\">Garantia Vital\u00edcia Limitada<\/span><span data-ccp-props=\"{&quot;134233279&quot;:true,&quot;201341983&quot;:0,&quot;335559739&quot;:160,&quot;335559740&quot;:259}\">\u00a0<\/span><\/p>\n<p><b><span data-contrast=\"auto\">Conte\u00fado:<\/span><\/b><span data-ccp-props=\"{&quot;201341983&quot;:0,&quot;335559739&quot;:160,&quot;335559740&quot;:259}\">\u00a0<\/span><\/p>\n<p>Ultra Thigh Strap On \/\u00a0Dual Penetration\u00a0Thigh Strap On<\/p>\n<p><strong>Dimensions:<\/strong><\/p>\n<p>73.66cm de comprimento<\/p>\n<p>15.24cm de largura<\/p>\n<p><span class=\"TextRun SCXW34886747 BCX0\" lang=\"EN-US\" xml:lang=\"EN-US\" data-contrast=\"auto\"><span class=\"NormalTextRun SCXW34886747 BCX0\">O Ring costurado de 4.45cm<\/span><\/span><\/p>\n<p class=\"translation-block\">O Ring de 3.175cm costurado (apenas no Modelo de Penetra\u00e7\u00e3o Dupla)<\/p>\n<p>Maior tamanho de circunfer\u00eancia: 81.28cm<\/p>\n<p>Tamanho de circunfer\u00eancia mais pequeno: 43.18cm<\/p>\n<p><strong>Materiais:<\/strong><\/p>\n<p>90% Neopreno, 5% Poli\u00e9ster, 2.5% O Ring de Nitrilo, 2.5% Gancho e La\u00e7o<\/p>","protected":false},"excerpt":{"rendered":"<p>Descobre novos n\u00edveis de intimidade. Sportsheets\u00ae ULTRA e DUAL PENETRATION Thigh Strap On s\u00e3o perfeitos para o posicionamento amarrando-o firmemente a uma coxa, bra\u00e7o, joelho, ou almofada para brincadeiras sem m\u00e3os. A emo\u00e7\u00e3o das novas sensa\u00e7\u00f5es, fabricadas com uma banda de 15.2cm de largura em neoprene macio e el\u00e1stico, tornando-se confort\u00e1vel para todos os corpos. Ambos t\u00eam um generoso comprimento n\u00e3o esticado de 73.7cm com fecho em gancho e la\u00e7o proporcionando um ajuste personalizado com muita flexibilidade que pode ser usado em v\u00e1rios tipos de mobilidade.<\/p>\n<p>Sportheets\u00ae ULTRA tem um O Ring de 4.5 cm de nitrilo totalmente costurado e refor\u00e7ado que segura firmemente um dildo e o Sportsheets\u00ae DUAL PENETRATION tem dois O Rings de nitrilo totalmente costurados e refor\u00e7ados que medem 4.5cm e 3.2cm que segura solidamente 2 dildos \u00e0 tua escolha.<\/p>\n<p>*Dildos N\u00e3o Inclu\u00eddos.<\/p>","protected":false},"featured_media":4951,"comment_status":"open","ping_status":"closed","template":"","meta":{"_acf_changed":false},"pwb-brand":[347],"product_brand":[],"product_cat":[113,114],"product_tag":[208,209,211],"class_list":{"0":"post-4943","1":"product","2":"type-product","3":"status-publish","4":"has-post-thumbnail","6":"pwb-brand-sportsheets","7":"product_cat-accessorieskink","8":"product_cat-straponharness","9":"product_tag-functional-diversity","10":"product_tag-strap-on","11":"product_tag-straponharness","12":"pa_color-black","13":"nt-post-class","14":"","15":"masonry-item","16":"col-lg-6","24":"first","25":"instock","26":"taxable","27":"shipping-taxable","28":"purchasable","29":"product-type-variable","30":"add-to-wishlist-after_add_to_cart"},"acf":[],"brands":[{"id":347,"name":"Sportsheets","slug":"sportsheets"}],"_links":{"self":[{"href":"https:\/\/carmogepereira.pt\/pt\/wp-json\/wp\/v2\/product\/4943","targetHints":{"allow":["GET"]}}],"collection":[{"href":"https:\/\/carmogepereira.pt\/pt\/wp-json\/wp\/v2\/product"}],"about":[{"href":"https:\/\/carmogepereira.pt\/pt\/wp-json\/wp\/v2\/types\/product"}],"replies":[{"embeddable":true,"href":"https:\/\/carmogepereira.pt\/pt\/wp-json\/wp\/v2\/comments?post=4943"}],"version-history":[{"count":0,"href":"https:\/\/carmogepereira.pt\/pt\/wp-json\/wp\/v2\/product\/4943\/revisions"}],"wp:featuredmedia":[{"embeddable":true,"href":"https:\/\/carmogepereira.pt\/pt\/wp-json\/wp\/v2\/media\/4951"}],"wp:attachment":[{"href":"https:\/\/carmogepereira.pt\/pt\/wp-json\/wp\/v2\/media?parent=4943"}],"wp:term":[{"taxonomy":"pwb-brand","embeddable":true,"href":"https:\/\/carmogepereira.pt\/pt\/wp-json\/wp\/v2\/pwb-brand?post=4943"},{"taxonomy":"product_brand","embeddable":true,"href":"https:\/\/carmogepereira.pt\/pt\/wp-json\/wp\/v2\/product_brand?post=4943"},{"taxonomy":"product_cat","embeddable":true,"href":"https:\/\/carmogepereira.pt\/pt\/wp-json\/wp\/v2\/product_cat?post=4943"},{"taxonomy":"product_tag","embeddable":true,"href":"https:\/\/carmogepereira.pt\/pt\/wp-json\/wp\/v2\/product_tag?post=4943"}],"curies":[{"name":"wp","href":"https:\/\/api.w.org\/{rel}","templated":true}]}}