{"id":4983,"date":"2022-09-01T01:59:28","date_gmt":"2022-09-01T01:59:28","guid":{"rendered":"https:\/\/carmogepereira.pt\/vaiserperfeito\/?post_type=product&#038;p=4983"},"modified":"2024-03-01T13:55:32","modified_gmt":"2024-03-01T13:55:32","slug":"shadowenchantedhoods","status":"publish","type":"product","link":"https:\/\/carmogepereira.pt\/pt\/shop\/shadowenchantedhoods\/","title":{"rendered":"Shadow &#038; Enchanted Hoods S&#038;M"},"content":{"rendered":"<p><strong>Cor:<br \/>\n<\/strong><\/p>\n<p>Shadow - Preto<\/p>\n<p>Enchanted - Vermelho<\/p>\n<p><b><span data-contrast=\"auto\">Caracter\u00edsticas:<\/span><\/b><span data-ccp-props=\"{&quot;201341983&quot;:0,&quot;335559739&quot;:160,&quot;335559740&quot;:259}\">\u00a0<\/span><\/p>\n<p>Simples por\/tirar permite uma f\u00e1cil vestibilidade e remo\u00e7\u00e3o.<\/p>\n<p>Blackout visual com o revestimento adicional sobre os olhos.<\/p>\n<p><b><span data-contrast=\"auto\">Dimens\u00f5es do Produto:<\/span><\/b><\/p>\n<p>32cm x 23cm<\/p>\n<p><b><span data-contrast=\"auto\">Conte\u00fado:<\/span><\/b><span data-ccp-props=\"{&quot;201341983&quot;:0,&quot;335559739&quot;:160,&quot;335559740&quot;:259}\">\u00a0<\/span><\/p>\n<p>Shadow Hood S&amp;M \/ Enchanted Hood S&amp;M<\/p>\n<p><b><span data-contrast=\"auto\">Materiais:<\/span><\/b><span data-ccp-props=\"{&quot;201341983&quot;:0,&quot;335559739&quot;:160,&quot;335559740&quot;:259}\">\u00a0<\/span><\/p>\n<p class=\"toolbar toolbar-top\"><span class=\"expand-close\"> 90% Elastano \/ 5% Nylon \/ 5% Poliuretano<\/span><\/p>\n<p>LAVAR \u00c0 M\u00c3O<\/p>","protected":false},"excerpt":{"rendered":"<p>Explora jogos e fantasias de submiss\u00e3o usando ou brincando com algu\u00e9m que usa uma destas m\u00e1scaras.<\/p>\n<p>Descobre o prazer de criar priva\u00e7\u00e3o visual e explora o mundo das brincadeiras de controlo.<\/p>\n<p>Acrescenta a tua coleira e trela favoritas ou outros acess\u00f3rios para experimentar jogos de poder.<\/p>","protected":false},"featured_media":4986,"comment_status":"open","ping_status":"closed","template":"","meta":{"_acf_changed":false},"pwb-brand":[348,347],"product_brand":[],"product_cat":[113,126],"product_tag":[213,217,255,530,531,250,216],"class_list":{"0":"post-4983","1":"product","2":"type-product","3":"status-publish","4":"has-post-thumbnail","6":"pwb-brand-sexmischief","7":"pwb-brand-sportsheets","8":"product_cat-accessorieskink","9":"product_cat-blindfolds-masks","10":"product_tag-bdsm","11":"product_tag-blindfold","12":"product_tag-enchanted","13":"product_tag-head-piece","14":"product_tag-mask","15":"product_tag-sensory-play","16":"product_tag-vision","17":"pa_color-black","18":"pa_color-red","19":"nt-post-class","20":"","21":"masonry-item","22":"col-lg-6","30":"first","31":"instock","32":"taxable","33":"shipping-taxable","34":"purchasable","35":"product-type-variable","36":"add-to-wishlist-after_add_to_cart"},"acf":[],"brands":[{"id":348,"name":"Sex &amp; Mischief","slug":"sexmischief"},{"id":347,"name":"Sportsheets","slug":"sportsheets"}],"_links":{"self":[{"href":"https:\/\/carmogepereira.pt\/pt\/wp-json\/wp\/v2\/product\/4983","targetHints":{"allow":["GET"]}}],"collection":[{"href":"https:\/\/carmogepereira.pt\/pt\/wp-json\/wp\/v2\/product"}],"about":[{"href":"https:\/\/carmogepereira.pt\/pt\/wp-json\/wp\/v2\/types\/product"}],"replies":[{"embeddable":true,"href":"https:\/\/carmogepereira.pt\/pt\/wp-json\/wp\/v2\/comments?post=4983"}],"version-history":[{"count":0,"href":"https:\/\/carmogepereira.pt\/pt\/wp-json\/wp\/v2\/product\/4983\/revisions"}],"wp:featuredmedia":[{"embeddable":true,"href":"https:\/\/carmogepereira.pt\/pt\/wp-json\/wp\/v2\/media\/4986"}],"wp:attachment":[{"href":"https:\/\/carmogepereira.pt\/pt\/wp-json\/wp\/v2\/media?parent=4983"}],"wp:term":[{"taxonomy":"pwb-brand","embeddable":true,"href":"https:\/\/carmogepereira.pt\/pt\/wp-json\/wp\/v2\/pwb-brand?post=4983"},{"taxonomy":"product_brand","embeddable":true,"href":"https:\/\/carmogepereira.pt\/pt\/wp-json\/wp\/v2\/product_brand?post=4983"},{"taxonomy":"product_cat","embeddable":true,"href":"https:\/\/carmogepereira.pt\/pt\/wp-json\/wp\/v2\/product_cat?post=4983"},{"taxonomy":"product_tag","embeddable":true,"href":"https:\/\/carmogepereira.pt\/pt\/wp-json\/wp\/v2\/product_tag?post=4983"}],"curies":[{"name":"wp","href":"https:\/\/api.w.org\/{rel}","templated":true}]}}