{"id":5005,"date":"2022-09-01T03:40:25","date_gmt":"2022-09-01T03:40:25","guid":{"rendered":"https:\/\/carmogepereira.pt\/vaiserperfeito\/?post_type=product&#038;p=5005"},"modified":"2025-12-11T15:07:15","modified_gmt":"2025-12-11T15:07:15","slug":"silkysash","status":"publish","type":"product","link":"https:\/\/carmogepereira.pt\/pt\/shop\/silkysash\/","title":{"rendered":"Silky Sash S&#038;M"},"content":{"rendered":"<p><strong>Cores:<br \/>\n<\/strong><\/p>\n<p>Preto, Vermelho<\/p>\n<p><b><span data-contrast=\"auto\">Caracter\u00edsticas:<\/span><\/b><span data-ccp-props=\"{&quot;201341983&quot;:0,&quot;335559739&quot;:160,&quot;335559740&quot;:259}\">\u00a0<\/span><\/p>\n<p>Ultra vers\u00e1teis e f\u00e1ceis de usar.<\/p>\n<p>Podem ser usadas como algemas de pulsos ou tornozelos, morda\u00e7a ou venda.<\/p>\n<p><b><span data-contrast=\"auto\">Dimens\u00f5es do Produto:<\/span><\/b><\/p>\n<p>121.92cm x 10.16cm<\/p>\n<p><b><span data-contrast=\"auto\">Conte\u00fado:<\/span><\/b><span data-ccp-props=\"{&quot;201341983&quot;:0,&quot;335559739&quot;:160,&quot;335559740&quot;:259}\">\u00a0<\/span><\/p>\n<p>2 faixas de seda - Preto \/ Vermelho<\/p>\n<p><b><span data-contrast=\"auto\">Materiais:<\/span><\/b><span data-ccp-props=\"{&quot;201341983&quot;:0,&quot;335559739&quot;:160,&quot;335559740&quot;:259}\">\u00a0<\/span><\/p>\n<p class=\"toolbar toolbar-top\"><span class=\"expand-close\">Poli\u00e9ster<\/span><\/p>","protected":false},"excerpt":{"rendered":"<p>Faixa luxuosa e sedosa.<\/p>\n<p>Concede um novo e sedoso toque de imobiliza\u00e7\u00e3o com estas amarras incrivelmente suaves mas seguras. A fus\u00e3o da vulnerabilidade e do luxo proporciona uma experi\u00eancia intensamente er\u00f3tica. Ultra vers\u00e1teis e f\u00e1ceis de usar, o \u00fanico limite para o seu uso \u00e9 a tua imagina\u00e7\u00e3o. Envolve-as nos tornozelos, pulsos, ou usa uma como venda e outra para amorda\u00e7ar.<\/p>\n<p><img fetchpriority=\"high\" decoding=\"async\" class=\"alignnone size-medium\" src=\"http:\/\/carmogepereira.pt\/vaiserperfeito\/wp-content\/uploads\/2022\/09\/SS32630.gif\" width=\"300\" height=\"169\" \/><\/p>\n<p>&nbsp;<\/p>","protected":false},"featured_media":5012,"comment_status":"open","ping_status":"closed","template":"","meta":{"_acf_changed":false},"pwb-brand":[348],"product_brand":[],"product_cat":[113,126,116,123,117],"product_tag":[222,213,217,226,223,220,250,216,219],"class_list":{"0":"post-5005","1":"product","2":"type-product","3":"status-publish","4":"has-post-thumbnail","6":"pwb-brand-sexmischief","7":"product_cat-accessorieskink","8":"product_cat-blindfolds-masks","9":"product_cat-bondage","10":"product_cat-collarsgag","11":"product_cat-cuffs","12":"product_tag-ankles","13":"product_tag-bdsm","14":"product_tag-blindfold","15":"product_tag-cuffs","16":"product_tag-gag","17":"product_tag-restriction","18":"product_tag-sensory-play","19":"product_tag-vision","20":"product_tag-wrists","21":"pa_color-black","22":"pa_color-red","23":"nt-post-class","24":"","25":"masonry-item","26":"col-lg-6","34":"first","35":"outofstock","36":"taxable","37":"shipping-taxable","38":"purchasable","39":"product-type-variable","40":"add-to-wishlist-after_add_to_cart"},"acf":[],"brands":[{"id":348,"name":"Sex &amp; Mischief","slug":"sexmischief"}],"_links":{"self":[{"href":"https:\/\/carmogepereira.pt\/pt\/wp-json\/wp\/v2\/product\/5005","targetHints":{"allow":["GET"]}}],"collection":[{"href":"https:\/\/carmogepereira.pt\/pt\/wp-json\/wp\/v2\/product"}],"about":[{"href":"https:\/\/carmogepereira.pt\/pt\/wp-json\/wp\/v2\/types\/product"}],"replies":[{"embeddable":true,"href":"https:\/\/carmogepereira.pt\/pt\/wp-json\/wp\/v2\/comments?post=5005"}],"version-history":[{"count":0,"href":"https:\/\/carmogepereira.pt\/pt\/wp-json\/wp\/v2\/product\/5005\/revisions"}],"wp:featuredmedia":[{"embeddable":true,"href":"https:\/\/carmogepereira.pt\/pt\/wp-json\/wp\/v2\/media\/5012"}],"wp:attachment":[{"href":"https:\/\/carmogepereira.pt\/pt\/wp-json\/wp\/v2\/media?parent=5005"}],"wp:term":[{"taxonomy":"pwb-brand","embeddable":true,"href":"https:\/\/carmogepereira.pt\/pt\/wp-json\/wp\/v2\/pwb-brand?post=5005"},{"taxonomy":"product_brand","embeddable":true,"href":"https:\/\/carmogepereira.pt\/pt\/wp-json\/wp\/v2\/product_brand?post=5005"},{"taxonomy":"product_cat","embeddable":true,"href":"https:\/\/carmogepereira.pt\/pt\/wp-json\/wp\/v2\/product_cat?post=5005"},{"taxonomy":"product_tag","embeddable":true,"href":"https:\/\/carmogepereira.pt\/pt\/wp-json\/wp\/v2\/product_tag?post=5005"}],"curies":[{"name":"wp","href":"https:\/\/api.w.org\/{rel}","templated":true}]}}