{"id":5050,"date":"2022-09-04T00:22:33","date_gmt":"2022-09-04T00:22:33","guid":{"rendered":"https:\/\/carmogepereira.pt\/vaiserperfeito\/?post_type=product&#038;p=5050"},"modified":"2024-03-01T13:55:28","modified_gmt":"2024-03-01T13:55:28","slug":"pleasuretape","status":"publish","type":"product","link":"https:\/\/carmogepereira.pt\/pt\/shop\/pleasuretape\/","title":{"rendered":"1x Pleasure White Tape Pipedream"},"content":{"rendered":"<p><b><span data-contrast=\"auto\">Caracter\u00edsticas:<\/span><\/b><\/p>\n<p><span data-ccp-props=\"{&quot;201341983&quot;:0,&quot;335559739&quot;:160,&quot;335559740&quot;:259}\">Fita de bondage n\u00e3o aderente.<br \/>\n<\/span><\/p>\n<p>N\u00e3o puxa o cabelo nem deixa qualquer res\u00edduo pegajoso.<\/p>\n<p><b><span data-contrast=\"auto\">Dimens\u00f5es do Produto:<\/span><\/b><\/p>\n<p>10m x 5cm<\/p>\n<p><b><span data-contrast=\"auto\">Conte\u00fado:<\/span><\/b><span data-ccp-props=\"{&quot;201341983&quot;:0,&quot;335559739&quot;:160,&quot;335559740&quot;:259}\">\u00a0<\/span><\/p>\n<p>1x Pleasure White Tape Pipedream<\/p>\n<p><b><span data-contrast=\"auto\">Materiais:<\/span><\/b><\/p>\n<p><span data-ccp-props=\"{&quot;201341983&quot;:0,&quot;335559739&quot;:160,&quot;335559740&quot;:259}\">Vinil<\/span><\/p>","protected":false},"excerpt":{"rendered":"<p>P\u00f5e a pessoa amante numa situa\u00e7\u00e3o delicada com esta fita adesiva n\u00e3o aderente. Esta fita brilhante cola-se apenas a si pr\u00f3pria, de modo a n\u00e3o puxar o cabelo nem deixar qualquer res\u00edduo pegajoso. A fita de prazer pode ser usada para atar, amorda\u00e7ar, vendar, ou vestires-te a ti pr\u00f3prie ou a outra pessoa. \u00c9 f\u00e1cil de usar e visualmente deslumbrante.<\/p>\n<p>Ata para agradar todas as pessoas envolvidas!<\/p>","protected":false},"featured_media":5051,"comment_status":"open","ping_status":"closed","template":"","meta":{"_acf_changed":false},"pwb-brand":[350],"product_brand":[],"product_cat":[113,116,118],"product_tag":[222,213,217,225,226,223,220,224,227,219],"class_list":{"0":"post-5050","1":"product","2":"type-product","3":"status-publish","4":"has-post-thumbnail","6":"pwb-brand-pipedream","7":"product_cat-accessorieskink","8":"product_cat-bondage","9":"product_cat-ropetape","10":"product_tag-ankles","11":"product_tag-bdsm","12":"product_tag-blindfold","13":"product_tag-body","14":"product_tag-cuffs","15":"product_tag-gag","16":"product_tag-restriction","17":"product_tag-tape","18":"product_tag-wearable","19":"product_tag-wrists","20":"nt-post-class","21":"","22":"masonry-item","23":"col-lg-6","31":"first","32":"instock","33":"taxable","34":"shipping-taxable","35":"purchasable","36":"product-type-simple","37":"add-to-wishlist-after_add_to_cart"},"acf":[],"brands":[{"id":350,"name":"Pipedream","slug":"pipedream"}],"_links":{"self":[{"href":"https:\/\/carmogepereira.pt\/pt\/wp-json\/wp\/v2\/product\/5050","targetHints":{"allow":["GET"]}}],"collection":[{"href":"https:\/\/carmogepereira.pt\/pt\/wp-json\/wp\/v2\/product"}],"about":[{"href":"https:\/\/carmogepereira.pt\/pt\/wp-json\/wp\/v2\/types\/product"}],"replies":[{"embeddable":true,"href":"https:\/\/carmogepereira.pt\/pt\/wp-json\/wp\/v2\/comments?post=5050"}],"version-history":[{"count":0,"href":"https:\/\/carmogepereira.pt\/pt\/wp-json\/wp\/v2\/product\/5050\/revisions"}],"wp:featuredmedia":[{"embeddable":true,"href":"https:\/\/carmogepereira.pt\/pt\/wp-json\/wp\/v2\/media\/5051"}],"wp:attachment":[{"href":"https:\/\/carmogepereira.pt\/pt\/wp-json\/wp\/v2\/media?parent=5050"}],"wp:term":[{"taxonomy":"pwb-brand","embeddable":true,"href":"https:\/\/carmogepereira.pt\/pt\/wp-json\/wp\/v2\/pwb-brand?post=5050"},{"taxonomy":"product_brand","embeddable":true,"href":"https:\/\/carmogepereira.pt\/pt\/wp-json\/wp\/v2\/product_brand?post=5050"},{"taxonomy":"product_cat","embeddable":true,"href":"https:\/\/carmogepereira.pt\/pt\/wp-json\/wp\/v2\/product_cat?post=5050"},{"taxonomy":"product_tag","embeddable":true,"href":"https:\/\/carmogepereira.pt\/pt\/wp-json\/wp\/v2\/product_tag?post=5050"}],"curies":[{"name":"wp","href":"https:\/\/api.w.org\/{rel}","templated":true}]}}