{"id":5053,"date":"2022-09-04T02:13:21","date_gmt":"2022-09-04T02:13:21","guid":{"rendered":"https:\/\/carmogepereira.pt\/vaiserperfeito\/?post_type=product&#038;p=5053"},"modified":"2025-03-13T17:56:22","modified_gmt":"2025-03-13T17:56:22","slug":"kinbakuredrope","status":"publish","type":"product","link":"https:\/\/carmogepereira.pt\/pt\/shop\/kinbakuredrope\/","title":{"rendered":"Kinbaku Red Rope"},"content":{"rendered":"<p><b><span data-contrast=\"auto\">Caracter\u00edsticas:<\/span><\/b><span data-ccp-props=\"{&quot;201341983&quot;:0,&quot;335559739&quot;:160,&quot;335559740&quot;:259}\">\u00a0<\/span><\/p>\n<p>Corda de Bondage de tamanho m\u00e9dio.<\/p>\n<p>Cor contrastante.<\/p>\n<p><b><span data-contrast=\"auto\">Dimens\u00f5es do Produto:<br \/>\n<\/span><\/b><\/p>\n<p>10m<\/p>\n<p><b><span data-contrast=\"auto\">Conte\u00fado:<\/span><\/b><span data-ccp-props=\"{&quot;201341983&quot;:0,&quot;335559739&quot;:160,&quot;335559740&quot;:259}\">\u00a0<\/span><\/p>\n<p>Kinbaku Red Rope<\/p>\n<p><b><span data-contrast=\"auto\">Materiais:<\/span><\/b><span data-ccp-props=\"{&quot;201341983&quot;:0,&quot;335559739&quot;:160,&quot;335559740&quot;:259}\">\u00a0<\/span><\/p>\n<p class=\"toolbar toolbar-top\"><span class=\"expand-close\">Algod\u00e3o<\/span><\/p>","protected":false},"excerpt":{"rendered":"<p>Esta corda japonesa de algod\u00e3o vermelho \u00e9 uma corda de domina\u00e7\u00e3o, para ser usada em jogos de bondage. Amarra na posi\u00e7\u00e3o que desejas.<\/p>\n<p>Usar sempre com pesquisa e ou ensino anteriores. O uso de cordas em bondage tem um certo n\u00famero de riscos de seguran\u00e7a e n\u00e3o deve ser usado de forma imprudente.<\/p>","protected":false},"featured_media":5054,"comment_status":"open","ping_status":"closed","template":"","meta":{"_acf_changed":false},"pwb-brand":[344],"product_brand":[],"product_cat":[113,116,118,555],"product_tag":[222,213,225,226,220,533,227,219],"class_list":{"0":"post-5053","1":"product","2":"type-product","3":"status-publish","4":"has-post-thumbnail","6":"pwb-brand-miscellaneous","7":"product_cat-accessorieskink","8":"product_cat-bondage","9":"product_cat-ropetape","10":"product_cat-readytoship","11":"product_tag-ankles","12":"product_tag-bdsm","13":"product_tag-body","14":"product_tag-cuffs","15":"product_tag-restriction","16":"product_tag-rope","17":"product_tag-wearable","18":"product_tag-wrists","19":"nt-post-class","20":"","21":"masonry-item","22":"col-lg-6","30":"first","31":"outofstock","32":"taxable","33":"shipping-taxable","34":"purchasable","35":"product-type-simple","36":"add-to-wishlist-after_add_to_cart"},"acf":[],"brands":[{"id":344,"name":"Variadas","slug":"miscellaneous"}],"_links":{"self":[{"href":"https:\/\/carmogepereira.pt\/pt\/wp-json\/wp\/v2\/product\/5053","targetHints":{"allow":["GET"]}}],"collection":[{"href":"https:\/\/carmogepereira.pt\/pt\/wp-json\/wp\/v2\/product"}],"about":[{"href":"https:\/\/carmogepereira.pt\/pt\/wp-json\/wp\/v2\/types\/product"}],"replies":[{"embeddable":true,"href":"https:\/\/carmogepereira.pt\/pt\/wp-json\/wp\/v2\/comments?post=5053"}],"version-history":[{"count":0,"href":"https:\/\/carmogepereira.pt\/pt\/wp-json\/wp\/v2\/product\/5053\/revisions"}],"wp:featuredmedia":[{"embeddable":true,"href":"https:\/\/carmogepereira.pt\/pt\/wp-json\/wp\/v2\/media\/5054"}],"wp:attachment":[{"href":"https:\/\/carmogepereira.pt\/pt\/wp-json\/wp\/v2\/media?parent=5053"}],"wp:term":[{"taxonomy":"pwb-brand","embeddable":true,"href":"https:\/\/carmogepereira.pt\/pt\/wp-json\/wp\/v2\/pwb-brand?post=5053"},{"taxonomy":"product_brand","embeddable":true,"href":"https:\/\/carmogepereira.pt\/pt\/wp-json\/wp\/v2\/product_brand?post=5053"},{"taxonomy":"product_cat","embeddable":true,"href":"https:\/\/carmogepereira.pt\/pt\/wp-json\/wp\/v2\/product_cat?post=5053"},{"taxonomy":"product_tag","embeddable":true,"href":"https:\/\/carmogepereira.pt\/pt\/wp-json\/wp\/v2\/product_tag?post=5053"}],"curies":[{"name":"wp","href":"https:\/\/api.w.org\/{rel}","templated":true}]}}