{"id":5078,"date":"2022-09-04T03:20:39","date_gmt":"2022-09-04T03:20:39","guid":{"rendered":"https:\/\/carmogepereira.pt\/vaiserperfeito\/?post_type=product&#038;p=5078"},"modified":"2025-12-13T09:28:46","modified_gmt":"2025-12-13T09:28:46","slug":"bowtiegag","status":"publish","type":"product","link":"https:\/\/carmogepereira.pt\/pt\/shop\/bowtiegag\/","title":{"rendered":"Bow Tie Ball Gag Sportsheets"},"content":{"rendered":"<p><b><span data-contrast=\"auto\">Caracter\u00edsticas:<\/span><\/b><span data-ccp-props=\"{&quot;201341983&quot;:0,&quot;335559739&quot;:160,&quot;335559740&quot;:259}\">\u00a0<\/span><\/p>\n<p>Promove a acessibilidade<\/p>\n<p>Para todos os n\u00edveis de experi\u00eancia.<\/p>\n<p>Couro falso.<\/p>\n<p>Limpeza \u00e0 m\u00e3o.<\/p>\n<p>Isento de N\u00edquel.<\/p>\n<p>Restri\u00e7\u00e3o.<\/p>\n<p><b><span data-contrast=\"auto\">Dimens\u00f5es do Produto:<\/span><\/b><\/p>\n<p>Comprimento Total: 54.6cm<br \/>\nDi\u00e2metro da bola da morda\u00e7a: 4.2cm<\/p>\n<p><b><span data-contrast=\"auto\">Conte\u00fado:<\/span><\/b><span data-ccp-props=\"{&quot;201341983&quot;:0,&quot;335559739&quot;:160,&quot;335559740&quot;:259}\">\u00a0<\/span><\/p>\n<p>1x Gag Ball<br \/>\nCorreia<\/p>\n<p><b><span data-contrast=\"auto\">Materiais:<\/span><\/b><span data-ccp-props=\"{&quot;201341983&quot;:0,&quot;335559739&quot;:160,&quot;335559740&quot;:259}\">\u00a0<\/span><\/p>\n<p>85% Poliuretano Sem Ftalatos, 10% Silicone, 5% Metal Sem N\u00edquel<\/p>\n<p>Como tratar: Usa um toalhete com \u00e1lcool para a bola e correia.<\/p>","protected":false},"excerpt":{"rendered":"<p>Mant\u00e9m o sil\u00eancio, n\u00e3o queres que as visitas ou\u00e7am. Explora o reino da comunica\u00e7\u00e3o n\u00e3o-verbal com esta morda\u00e7a ajust\u00e1vel Bow Tie Ball Gag. Concebida tanto para o m\u00e1ximo conforto como para o m\u00e1ximo sil\u00eancio, a correia flex\u00edvel e a morda\u00e7a de silicone ir\u00e3o deixar sem palavras durante o tempo desejado.<\/p>","protected":false},"featured_media":5080,"comment_status":"open","ping_status":"closed","template":"","meta":{"_acf_changed":false},"pwb-brand":[347],"product_brand":[],"product_cat":[113,123],"product_tag":[213,223,220,246,361],"class_list":{"0":"post-5078","1":"product","2":"type-product","3":"status-publish","4":"has-post-thumbnail","6":"pwb-brand-sportsheets","7":"product_cat-accessorieskink","8":"product_cat-collarsgag","9":"product_tag-bdsm","10":"product_tag-gag","11":"product_tag-restriction","12":"product_tag-sincerely","13":"product_tag-sincerely-bow-tie","14":"pa_color-black","15":"nt-post-class","16":"","17":"masonry-item","18":"col-lg-6","26":"first","27":"outofstock","28":"taxable","29":"shipping-taxable","30":"purchasable","31":"product-type-simple","32":"add-to-wishlist-after_add_to_cart"},"acf":[],"brands":[{"id":347,"name":"Sportsheets","slug":"sportsheets"}],"_links":{"self":[{"href":"https:\/\/carmogepereira.pt\/pt\/wp-json\/wp\/v2\/product\/5078","targetHints":{"allow":["GET"]}}],"collection":[{"href":"https:\/\/carmogepereira.pt\/pt\/wp-json\/wp\/v2\/product"}],"about":[{"href":"https:\/\/carmogepereira.pt\/pt\/wp-json\/wp\/v2\/types\/product"}],"replies":[{"embeddable":true,"href":"https:\/\/carmogepereira.pt\/pt\/wp-json\/wp\/v2\/comments?post=5078"}],"version-history":[{"count":0,"href":"https:\/\/carmogepereira.pt\/pt\/wp-json\/wp\/v2\/product\/5078\/revisions"}],"wp:featuredmedia":[{"embeddable":true,"href":"https:\/\/carmogepereira.pt\/pt\/wp-json\/wp\/v2\/media\/5080"}],"wp:attachment":[{"href":"https:\/\/carmogepereira.pt\/pt\/wp-json\/wp\/v2\/media?parent=5078"}],"wp:term":[{"taxonomy":"pwb-brand","embeddable":true,"href":"https:\/\/carmogepereira.pt\/pt\/wp-json\/wp\/v2\/pwb-brand?post=5078"},{"taxonomy":"product_brand","embeddable":true,"href":"https:\/\/carmogepereira.pt\/pt\/wp-json\/wp\/v2\/product_brand?post=5078"},{"taxonomy":"product_cat","embeddable":true,"href":"https:\/\/carmogepereira.pt\/pt\/wp-json\/wp\/v2\/product_cat?post=5078"},{"taxonomy":"product_tag","embeddable":true,"href":"https:\/\/carmogepereira.pt\/pt\/wp-json\/wp\/v2\/product_tag?post=5078"}],"curies":[{"name":"wp","href":"https:\/\/api.w.org\/{rel}","templated":true}]}}