{"id":5131,"date":"2022-09-07T18:49:32","date_gmt":"2022-09-07T18:49:32","guid":{"rendered":"http:\/\/carmogepereira.pt\/vaiserperfeito\/?post_type=product&#038;p=5131"},"modified":"2025-12-10T16:20:25","modified_gmt":"2025-12-10T16:20:25","slug":"singlepinwheeles","status":"publish","type":"product","link":"https:\/\/carmogepereira.pt\/pt\/shop\/singlepinwheeles\/","title":{"rendered":"Single Electro Wartenberg Pinwheel ElectraStim"},"content":{"rendered":"<p><b><span data-contrast=\"auto\">Caracter\u00edsticas:<\/span><\/b><span data-ccp-props=\"{&quot;201341983&quot;:0,&quot;335559739&quot;:160,&quot;335559740&quot;:259}\">\u00a0<\/span><\/p>\n<p>A roda Wartenberg (tamb\u00e9m chamada pinwheel ou neurowheel) \u00e9 um dispositivo m\u00e9dico para uso neurol\u00f3gico, originalmente concebida pelo Dr. Robert Wartenberg para testar reac\u00e7\u00f5es nervosas \u00e0 medida que desliza sobre a pele.<\/p>\n<p>Pinwheel de Electrosex.<\/p>\n<p>Conect\u00e1vel a todos os Estimuladores Electrostim.<\/p>\n<p>Pinwheel unipolar - usa junto com outro el\u00e9ctrodo.<\/p>\n<p>Uso externo.<\/p>\n<p>Saco de armazenamento de microfibra.<\/p>\n<p>Feita para provocar as termina\u00e7\u00f5es nervosas.<\/p>\n<p>Lubrificar a roda com gel condutor para melhorar as sensa\u00e7\u00f5es.<\/p>\n<p>PRECISA DE UM ESTIMULADOR ELECTRASTIM PARA FUNCIONAR.<\/p>\n<p><b><span data-contrast=\"auto\">Dimens\u00f5es do Produto:<\/span><\/b><\/p>\n<p><span class=\"s1\">Comprimento:<\/span><span class=\"s1\">\u00a017cm\u00a0<\/span><\/p>\n<p>Espig\u00f5es: 0.6cm<\/p>\n<p>Liga\u00e7\u00e3o:\u00a00.2cm<\/p>\n<p><b><span data-contrast=\"auto\">Conte\u00fado:<\/span><\/b><span data-ccp-props=\"{&quot;201341983&quot;:0,&quot;335559739&quot;:160,&quot;335559740&quot;:259}\">\u00a0<\/span><\/p>\n<p>1x Single Electro Wartenberg Pinwheel<\/p>\n<p><b><span data-contrast=\"auto\">Materiais:<\/span><\/b><span data-ccp-props=\"{&quot;201341983&quot;:0,&quot;335559739&quot;:160,&quot;335559740&quot;:259}\">\u00a0<\/span><\/p>\n<p class=\"toolbar toolbar-top\"><span class=\"expand-close\"><span class=\"s1\">Contactos em lat\u00e3o revestido com cabos de acr\u00edlico<\/span>\u00a0.<\/span><\/p>\n<h6>SEGURAN\u00c7A<\/h6>\n<h6>DEVIDO \u00c0 NATUREZA EL\u00c9CTRICA DESTE BRINQUEDO, N\u00c3O DEVE US\u00c1-LO EM QUALQUER UM DOS SEGUINTES CEN\u00c1RIOS SEM CONSULTAR UME PROFISSIONAL DE SA\u00daDE:<\/h6>\n<h6>N\u00c3O USE SE ESTIVER GR\u00c1VIDE<br \/>\nN\u00c3O USE PARA MASSAJAR O EST\u00d4MAGO OU NO ABD\u00d3MEN SE H\u00c1 SENSA\u00c7\u00c3O DE DOR<br \/>\nN\u00c3O USE EM PELE INCHADA, INFLAMADA OU D\u00c9BIL<br \/>\nN\u00c3O USE SE TEM DOR NOS G\u00c9MEOS INEXPLIC\u00c1VEL<br \/>\nN\u00c3O USE PERTO DOS OLHOS, PESCO\u00c7O SUPERIOR, OU \u00c1REA DO CR\u00c2NIO<br \/>\nN\u00c3O USE SE SOFRE DE M\u00c1 CIRCULA\u00c7\u00c3O<br \/>\nN\u00c3O USE SE TEM UM PACEMAKER OU SOFRE DE DOEN\u00c7AS CARD\u00cdACAS<br \/>\nN\u00c3O USE SE TEM UM DIU DE METAL (DE COBRE)<br \/>\nN\u00c3O USE SE TEM EPILEPSIA<br \/>\nN\u00c3O USE PERTO DE QUAISQUER PIERCINGS DE METAL<\/h6>\n<h6>ADVERT\u00caNCIA:<\/h6>\n<h6>A ESTIMULA\u00c7\u00c3O N\u00c3O DEVE SER APLICADA ACIMA DA CINTURA. DEVES TAMB\u00c9M GARANTIR QUE OS TEUS EL\u00c9CTRODOS ESCOLHIDOS S\u00c3O ADEQUADOS PARA O EFEITO (OU SEJA: N\u00c3O USES UMA SONDA PARA ESTIMULA\u00c7\u00c3O ANAL A MENOS QUE SEJA INDICADA COMO ADEQUADA PARA O USO ANAL). SE TIVERES INFLAMA\u00c7\u00c3O OU IRRITA\u00c7\u00c3O CUT\u00c2NEA, N\u00c3O DEVES UTILIZAR EL\u00c9CTRODOS NESSAS \u00c1REAS.<\/h6>","protected":false},"excerpt":{"rendered":"<h4><strong>* GUIA PARA ELECTROSEX AQUI *\u00a0\u00a0<\/strong><\/h4>\n<p>Aumentar o impacto de cada toque er\u00f3tico com a Single Electro Wartenberg Pinwheel. A pinwheel faz c\u00f3cegas enquanto desliza sobre a superf\u00edcie da pele, provocando as extremidades nervosas \u00e0 aten\u00e7\u00e3o e deixando a resposta ao toque mais elevada.<\/p>\n<p>A pinwheel unipolar \u00e9 o brinquedo de electro-sexo ideal para utilizar juntamente com outro el\u00e9ctrodo para maximizar o efeito er\u00f3tico. Utiliza-a para despertar o desejo e acelerar a resposta sexual ou incorpora-a na tua explora\u00e7\u00e3o de S&amp;M para um toque de provoca\u00e7\u00e3o.<\/p>\n<p>Como com todos os el\u00e9ctrodos externos, \u00e9 recomend\u00e1vel que lubrifique a pinwheel com gel condutor para melhorar as sensa\u00e7\u00f5es. Ser\u00e1 necess\u00e1rio utilizar outro el\u00e9ctrodo unipolar junto com a pinwheel para completar um circuito.<\/p>\n<p>PRECISA DE UM ESTIMULADOR ELECTRASTIM PARA FUNCIONAR.<\/p>","protected":false},"featured_media":5132,"comment_status":"open","ping_status":"closed","template":"","meta":{"_acf_changed":false},"pwb-brand":[349],"product_brand":[],"product_cat":[113,124,122,119],"product_tag":[213,234,236,250,254],"class_list":{"0":"post-5131","1":"product","2":"type-product","3":"status-publish","4":"has-post-thumbnail","6":"pwb-brand-electrastim","7":"product_cat-accessorieskink","8":"product_cat-electrosexmore","9":"product_cat-feathers-pinwheels","10":"product_cat-whipsfeathers","11":"product_tag-bdsm","12":"product_tag-electrosex","13":"product_tag-pinwheel","14":"product_tag-sensory-play","15":"product_tag-temperature-play","16":"pa_color-black","17":"pa_color-silver","18":"nt-post-class","19":"","20":"masonry-item","21":"col-lg-6","29":"first","30":"outofstock","31":"taxable","32":"shipping-taxable","33":"purchasable","34":"product-type-simple","35":"add-to-wishlist-after_add_to_cart"},"acf":[],"brands":[{"id":349,"name":"ElectraStim","slug":"electrastim"}],"_links":{"self":[{"href":"https:\/\/carmogepereira.pt\/pt\/wp-json\/wp\/v2\/product\/5131","targetHints":{"allow":["GET"]}}],"collection":[{"href":"https:\/\/carmogepereira.pt\/pt\/wp-json\/wp\/v2\/product"}],"about":[{"href":"https:\/\/carmogepereira.pt\/pt\/wp-json\/wp\/v2\/types\/product"}],"replies":[{"embeddable":true,"href":"https:\/\/carmogepereira.pt\/pt\/wp-json\/wp\/v2\/comments?post=5131"}],"version-history":[{"count":0,"href":"https:\/\/carmogepereira.pt\/pt\/wp-json\/wp\/v2\/product\/5131\/revisions"}],"wp:featuredmedia":[{"embeddable":true,"href":"https:\/\/carmogepereira.pt\/pt\/wp-json\/wp\/v2\/media\/5132"}],"wp:attachment":[{"href":"https:\/\/carmogepereira.pt\/pt\/wp-json\/wp\/v2\/media?parent=5131"}],"wp:term":[{"taxonomy":"pwb-brand","embeddable":true,"href":"https:\/\/carmogepereira.pt\/pt\/wp-json\/wp\/v2\/pwb-brand?post=5131"},{"taxonomy":"product_brand","embeddable":true,"href":"https:\/\/carmogepereira.pt\/pt\/wp-json\/wp\/v2\/product_brand?post=5131"},{"taxonomy":"product_cat","embeddable":true,"href":"https:\/\/carmogepereira.pt\/pt\/wp-json\/wp\/v2\/product_cat?post=5131"},{"taxonomy":"product_tag","embeddable":true,"href":"https:\/\/carmogepereira.pt\/pt\/wp-json\/wp\/v2\/product_tag?post=5131"}],"curies":[{"name":"wp","href":"https:\/\/api.w.org\/{rel}","templated":true}]}}