{"id":5134,"date":"2022-09-07T22:56:27","date_gmt":"2022-09-07T22:56:27","guid":{"rendered":"http:\/\/carmogepereira.pt\/vaiserperfeito\/?post_type=product&#038;p=5134"},"modified":"2025-08-07T17:24:52","modified_gmt":"2025-08-07T17:24:52","slug":"magnifiquewhipbi","status":"publish","type":"product","link":"https:\/\/carmogepereira.pt\/pt\/shop\/magnifiquewhipbi\/","title":{"rendered":"Magnifique Whip Necklace Bijoux Indiscrets"},"content":{"rendered":"<p><strong>Cores: <\/strong><\/p>\n<p>Prateado<\/p>\n<p>Dourado<\/p>\n<p><b><span data-contrast=\"auto\">Caracter\u00edsticas:<\/span><\/b><span data-ccp-props=\"{&quot;201341983&quot;:0,&quot;335559739&quot;:160,&quot;335559740&quot;:259}\">\u00a0<\/span><\/p>\n<p>Dupla utiliza\u00e7\u00e3o! Um colar elegante para qualquer ocasi\u00e3o e um \u00f3ptimo chicote que castiga com prazer para os teus momentos de paix\u00e3o.<\/p>\n<p>Faz um brilharete! Use o colar com as algemas Magnifique.<\/p>\n<p>Usa-a com um outfit noturno, lingerie ou simplesmente com a tua pele.<\/p>\n<p>Dois n\u00edveis! Correntes met\u00e1licas para acariciar e para punir.<\/p>\n<p>Surpresa! O toque frio das correntes met\u00e1licas contrasta com a temperatura da tua pele.<\/p>\n<p>Brinca sem medo! N\u00e3o h\u00e1 nenhum n\u00edquel nela, por isso n\u00e3o ir\u00e1 causar quaisquer reac\u00e7\u00f5es al\u00e9rgicas.<\/p>\n<p>Prazer dos sentidos! Usa com uma venda para aumentar as sensa\u00e7\u00f5es.<\/p>\n<p>Design exclusivo da Bijoux Indiscrets.<\/p>\n<p>Desenho inspirado em performers sensuais dos cabar\u00e9s de Nova Iorque, onde a sedu\u00e7\u00e3o est\u00e1 presente em todos os detalhes.<\/p>\n<p><b><span data-contrast=\"auto\">Conte\u00fado:<\/span><\/b><span data-ccp-props=\"{&quot;201341983&quot;:0,&quot;335559739&quot;:160,&quot;335559740&quot;:259}\">\u00a0<\/span><\/p>\n<p>1x Metallic chains Whip Necklace.<\/p>\n<p><b><span data-contrast=\"auto\">Materiais:<\/span><\/b><span data-ccp-props=\"{&quot;201341983&quot;:0,&quot;335559739&quot;:160,&quot;335559740&quot;:259}\">\u00a0<\/span><\/p>\n<p class=\"toolbar toolbar-top\"><span class=\"expand-close\"> Metal sem N\u00edquel\u00a0<\/span><\/p>","protected":false},"excerpt":{"rendered":"<p>O toque de correntes met\u00e1licas na pele desperta a imagina\u00e7\u00e3o...<\/p>\n<p>Um colar que parece suficientemente adequado para qualquer ocasi\u00e3o e um chicote que castiga com prazer. Bem-vindo ao mundo do bondage suave!<\/p>","protected":false},"featured_media":5138,"comment_status":"open","ping_status":"closed","template":"","meta":{"_acf_changed":false},"pwb-brand":[340],"product_brand":[],"product_cat":[113,115,120],"product_tag":[225,529,242,240,237,250],"class_list":{"0":"post-5134","1":"product","2":"type-product","3":"status-publish","4":"has-post-thumbnail","6":"pwb-brand-bijouxindiscrets","7":"product_cat-accessorieskink","8":"product_cat-jewelry","9":"product_cat-whipsandcanes","10":"product_tag-body","11":"product_tag-flogger-or-whip","12":"product_tag-jewelry","13":"product_tag-magnifique","14":"product_tag-necklace","15":"product_tag-sensory-play","16":"pa_color-gold","17":"pa_color-silver","18":"nt-post-class","19":"","20":"masonry-item","21":"col-lg-6","29":"first","30":"instock","31":"taxable","32":"shipping-taxable","33":"purchasable","34":"product-type-variable","35":"add-to-wishlist-after_add_to_cart"},"acf":[],"brands":[{"id":340,"name":"Bijoux Indiscrets","slug":"bijouxindiscrets"}],"_links":{"self":[{"href":"https:\/\/carmogepereira.pt\/pt\/wp-json\/wp\/v2\/product\/5134","targetHints":{"allow":["GET"]}}],"collection":[{"href":"https:\/\/carmogepereira.pt\/pt\/wp-json\/wp\/v2\/product"}],"about":[{"href":"https:\/\/carmogepereira.pt\/pt\/wp-json\/wp\/v2\/types\/product"}],"replies":[{"embeddable":true,"href":"https:\/\/carmogepereira.pt\/pt\/wp-json\/wp\/v2\/comments?post=5134"}],"version-history":[{"count":0,"href":"https:\/\/carmogepereira.pt\/pt\/wp-json\/wp\/v2\/product\/5134\/revisions"}],"wp:featuredmedia":[{"embeddable":true,"href":"https:\/\/carmogepereira.pt\/pt\/wp-json\/wp\/v2\/media\/5138"}],"wp:attachment":[{"href":"https:\/\/carmogepereira.pt\/pt\/wp-json\/wp\/v2\/media?parent=5134"}],"wp:term":[{"taxonomy":"pwb-brand","embeddable":true,"href":"https:\/\/carmogepereira.pt\/pt\/wp-json\/wp\/v2\/pwb-brand?post=5134"},{"taxonomy":"product_brand","embeddable":true,"href":"https:\/\/carmogepereira.pt\/pt\/wp-json\/wp\/v2\/product_brand?post=5134"},{"taxonomy":"product_cat","embeddable":true,"href":"https:\/\/carmogepereira.pt\/pt\/wp-json\/wp\/v2\/product_cat?post=5134"},{"taxonomy":"product_tag","embeddable":true,"href":"https:\/\/carmogepereira.pt\/pt\/wp-json\/wp\/v2\/product_tag?post=5134"}],"curies":[{"name":"wp","href":"https:\/\/api.w.org\/{rel}","templated":true}]}}