{"id":5145,"date":"2022-09-07T23:24:51","date_gmt":"2022-09-07T23:24:51","guid":{"rendered":"http:\/\/carmogepereira.pt\/vaiserperfeito\/?post_type=product&#038;p=5145"},"modified":"2024-03-01T13:55:22","modified_gmt":"2024-03-01T13:55:22","slug":"padlockheartcollar","status":"publish","type":"product","link":"https:\/\/carmogepereira.pt\/pt\/shop\/padlockheartcollar\/","title":{"rendered":"Padlock Heart Collar OhMama"},"content":{"rendered":"<p><b><span data-contrast=\"auto\">Caracter\u00edsticas:<\/span><\/b><span data-ccp-props=\"{&quot;201341983&quot;:0,&quot;335559739&quot;:160,&quot;335559740&quot;:259}\">\u00a0<\/span><\/p>\n<p>Colar de a\u00e7o inoxid\u00e1vel.<\/p>\n<p>Com cadeado.<b><\/b><\/p>\n<p><b><span data-contrast=\"auto\">Conte\u00fado:<\/span><\/b><span data-ccp-props=\"{&quot;201341983&quot;:0,&quot;335559739&quot;:160,&quot;335559740&quot;:259}\">\u00a0<\/span><\/p>\n<p>1x Colar de cadeado em cora\u00e7\u00e3o.<\/p>\n<p><b><span data-contrast=\"auto\">Materiais:<\/span><\/b><span data-ccp-props=\"{&quot;201341983&quot;:0,&quot;335559739&quot;:160,&quot;335559740&quot;:259}\">\u00a0<\/span><\/p>\n<p class=\"toolbar toolbar-top\">A\u00e7o Inoxid\u00e1vel<\/p>","protected":false},"excerpt":{"rendered":"<p>Colarinho simb\u00f3lico para brincadeiras de poderes, com cora\u00e7\u00e3o de cadeado.<\/p>","protected":false},"featured_media":5151,"comment_status":"open","ping_status":"closed","template":"","meta":{"_acf_changed":false},"pwb-brand":[344],"product_brand":[],"product_cat":[113,115],"product_tag":[213,241,242],"class_list":{"0":"post-5145","1":"product","2":"type-product","3":"status-publish","4":"has-post-thumbnail","6":"pwb-brand-miscellaneous","7":"product_cat-accessorieskink","8":"product_cat-jewelry","9":"product_tag-bdsm","10":"product_tag-collar","11":"product_tag-jewelry","12":"pa_color-silver","13":"nt-post-class","14":"","15":"masonry-item","16":"col-lg-6","24":"first","25":"instock","26":"taxable","27":"shipping-taxable","28":"purchasable","29":"product-type-simple","30":"add-to-wishlist-after_add_to_cart"},"acf":[],"brands":[{"id":344,"name":"Variadas","slug":"miscellaneous"}],"_links":{"self":[{"href":"https:\/\/carmogepereira.pt\/pt\/wp-json\/wp\/v2\/product\/5145","targetHints":{"allow":["GET"]}}],"collection":[{"href":"https:\/\/carmogepereira.pt\/pt\/wp-json\/wp\/v2\/product"}],"about":[{"href":"https:\/\/carmogepereira.pt\/pt\/wp-json\/wp\/v2\/types\/product"}],"replies":[{"embeddable":true,"href":"https:\/\/carmogepereira.pt\/pt\/wp-json\/wp\/v2\/comments?post=5145"}],"version-history":[{"count":0,"href":"https:\/\/carmogepereira.pt\/pt\/wp-json\/wp\/v2\/product\/5145\/revisions"}],"wp:featuredmedia":[{"embeddable":true,"href":"https:\/\/carmogepereira.pt\/pt\/wp-json\/wp\/v2\/media\/5151"}],"wp:attachment":[{"href":"https:\/\/carmogepereira.pt\/pt\/wp-json\/wp\/v2\/media?parent=5145"}],"wp:term":[{"taxonomy":"pwb-brand","embeddable":true,"href":"https:\/\/carmogepereira.pt\/pt\/wp-json\/wp\/v2\/pwb-brand?post=5145"},{"taxonomy":"product_brand","embeddable":true,"href":"https:\/\/carmogepereira.pt\/pt\/wp-json\/wp\/v2\/product_brand?post=5145"},{"taxonomy":"product_cat","embeddable":true,"href":"https:\/\/carmogepereira.pt\/pt\/wp-json\/wp\/v2\/product_cat?post=5145"},{"taxonomy":"product_tag","embeddable":true,"href":"https:\/\/carmogepereira.pt\/pt\/wp-json\/wp\/v2\/product_tag?post=5145"}],"curies":[{"name":"wp","href":"https:\/\/api.w.org\/{rel}","templated":true}]}}