{"id":5184,"date":"2022-09-08T01:11:03","date_gmt":"2022-09-08T01:11:03","guid":{"rendered":"http:\/\/carmogepereira.pt\/vaiserperfeito\/?post_type=product&#038;p=5184"},"modified":"2024-03-01T13:55:32","modified_gmt":"2024-03-01T13:55:32","slug":"flashpastiesbi","status":"publish","type":"product","link":"https:\/\/carmogepereira.pt\/pt\/shop\/flashpastiesbi\/","title":{"rendered":"Flash Bijoux Indiscrets"},"content":{"rendered":"<p><strong>Modelo:<\/strong><\/p>\n<p>Cora\u00e7\u00e3o, Estrela, Cruz<\/p>\n<p><strong>Cores:<\/strong><\/p>\n<p>Preto, Dourado<\/p>\n<p><b><span data-contrast=\"auto\">Caracter\u00edsticas:<\/span><\/b><span data-ccp-props=\"{&quot;201341983&quot;:0,&quot;335559739&quot;:160,&quot;335559740&quot;:259}\">\u00a0<\/span><\/p>\n<p>Silicone Adesivo<\/p>\n<p>Serve a todos os peitos<\/p>\n<p>Reutiliz\u00e1vel.<\/p>\n<p><b><span data-contrast=\"auto\">Dimens\u00f5es do Produto:<\/span><\/b><\/p>\n<p>Diagonal: 9.7cm<\/p>\n<p>3.5cm- 8cm x 5.7cm<\/p>\n<p><b><span data-contrast=\"auto\">Conte\u00fado:<\/span><\/b><span data-ccp-props=\"{&quot;201341983&quot;:0,&quot;335559739&quot;:160,&quot;335559740&quot;:259}\">\u00a0<\/span><\/p>\n<p>2x tapa mamilos<\/p>\n<p class=\"toolbar toolbar-top\"><strong>Materiais:<\/strong><\/p>\n<p>Glitter auto-adesivo<\/p>","protected":false},"excerpt":{"rendered":"<p>Flash \u00e9 uma nova colec\u00e7\u00e3o de arte corporal cintilante da Bijoux Indiscrets que vem em duas tonalidades deslumbrantes, ouro e prata. Inspirada na banda desenhada norte-americana, concebida para todas as superpessoas, Flash \u00e9 o derradeiro bra\u00e7o de sedu\u00e7\u00e3o.<\/p>","protected":false},"featured_media":5442,"comment_status":"open","ping_status":"closed","template":"","meta":{"_acf_changed":false},"pwb-brand":[340],"product_brand":[],"product_cat":[113,125],"product_tag":[225,244,249],"class_list":{"0":"post-5184","1":"product","2":"type-product","3":"status-publish","4":"has-post-thumbnail","6":"pwb-brand-bijouxindiscrets","7":"product_cat-accessorieskink","8":"product_cat-nipples","9":"product_tag-body","10":"product_tag-nipple_use","11":"product_tag-pasties","12":"pa_color-black","13":"pa_color-gold","14":"nt-post-class","15":"","16":"masonry-item","17":"col-lg-6","25":"first","26":"instock","27":"taxable","28":"shipping-taxable","29":"purchasable","30":"product-type-variable","31":"add-to-wishlist-after_add_to_cart"},"acf":[],"brands":[{"id":340,"name":"Bijoux Indiscrets","slug":"bijouxindiscrets"}],"_links":{"self":[{"href":"https:\/\/carmogepereira.pt\/pt\/wp-json\/wp\/v2\/product\/5184","targetHints":{"allow":["GET"]}}],"collection":[{"href":"https:\/\/carmogepereira.pt\/pt\/wp-json\/wp\/v2\/product"}],"about":[{"href":"https:\/\/carmogepereira.pt\/pt\/wp-json\/wp\/v2\/types\/product"}],"replies":[{"embeddable":true,"href":"https:\/\/carmogepereira.pt\/pt\/wp-json\/wp\/v2\/comments?post=5184"}],"version-history":[{"count":0,"href":"https:\/\/carmogepereira.pt\/pt\/wp-json\/wp\/v2\/product\/5184\/revisions"}],"wp:featuredmedia":[{"embeddable":true,"href":"https:\/\/carmogepereira.pt\/pt\/wp-json\/wp\/v2\/media\/5442"}],"wp:attachment":[{"href":"https:\/\/carmogepereira.pt\/pt\/wp-json\/wp\/v2\/media?parent=5184"}],"wp:term":[{"taxonomy":"pwb-brand","embeddable":true,"href":"https:\/\/carmogepereira.pt\/pt\/wp-json\/wp\/v2\/pwb-brand?post=5184"},{"taxonomy":"product_brand","embeddable":true,"href":"https:\/\/carmogepereira.pt\/pt\/wp-json\/wp\/v2\/product_brand?post=5184"},{"taxonomy":"product_cat","embeddable":true,"href":"https:\/\/carmogepereira.pt\/pt\/wp-json\/wp\/v2\/product_cat?post=5184"},{"taxonomy":"product_tag","embeddable":true,"href":"https:\/\/carmogepereira.pt\/pt\/wp-json\/wp\/v2\/product_tag?post=5184"}],"curies":[{"name":"wp","href":"https:\/\/api.w.org\/{rel}","templated":true}]}}