{"id":5257,"date":"2022-09-09T00:24:03","date_gmt":"2022-09-09T00:24:03","guid":{"rendered":"http:\/\/carmogepereira.pt\/vaiserperfeito\/?post_type=product&#038;p=5257"},"modified":"2025-08-07T17:14:46","modified_gmt":"2025-08-07T17:14:46","slug":"magnifiquewaistchainbi","status":"publish","type":"product","link":"https:\/\/carmogepereira.pt\/pt\/shop\/magnifiquewaistchainbi\/","title":{"rendered":"Magnifique Waist Chain Bijoux Indiscrets"},"content":{"rendered":"<p><strong>Cores:<\/strong><\/p>\n<p>Prateado<\/p>\n<p>Dourado<\/p>\n<p><b><span data-contrast=\"auto\">Caracter\u00edsticas:<\/span><\/b><span data-ccp-props=\"{&quot;201341983&quot;:0,&quot;335559739&quot;:160,&quot;335559740&quot;:259}\">\u00a0<\/span><\/p>\n<p>O presente perfeito! Acess\u00f3rios que enfeitam o corpo de uma forma l\u00fadica, apresentados em embalagens de designer.<\/p>\n<p>Pequenas correntes que abra\u00e7am o corpo, real\u00e7ando as tuas regi\u00f5es mais sensuais.<\/p>\n<p>Utiliza\u00e7\u00e3o dupla. J\u00f3ias elegantes para ostentar em qualquer ocasi\u00e3o e adere\u00e7os sugestivos para intensificar os momentos \u00edntimos.<\/p>\n<p>Acess\u00f3rios Er\u00f3ticos de Moda: Uma mistura entre as tend\u00eancias actuais da moda e o erotismo tradicional.<\/p>\n<p>Brinca sem problemas! As correntes s\u00e3o isentas de n\u00edquel, por isso n\u00e3o provocam reac\u00e7\u00f5es al\u00e9rgicas.<\/p>\n<p>Look de Festival de Ver\u00e3o! As tend\u00eancias come\u00e7am em pistas alternativas. Define a tend\u00eancia com Magnifique!<\/p>\n<p>Design exclusivo da Bijoux Indiscrets.<\/p>\n<p><b><span data-contrast=\"auto\">Conte\u00fado:<\/span><\/b><span data-ccp-props=\"{&quot;201341983&quot;:0,&quot;335559739&quot;:160,&quot;335559740&quot;:259}\">\u00a0<\/span><\/p>\n<p>1x Magnifique Waist Chain<\/p>\n<p><b><span data-contrast=\"auto\">Materiais:<\/span><\/b><span data-ccp-props=\"{&quot;201341983&quot;:0,&quot;335559739&quot;:160,&quot;335559740&quot;:259}\">\u00a0<\/span><\/p>\n<p class=\"toolbar toolbar-top\">Metal sem N\u00edquel<\/p>","protected":false},"excerpt":{"rendered":"<p>Chegou a altura da #belfie perfeita! Pequenas correntes met\u00e1licas que despertam a imagina\u00e7\u00e3o.\u00a0 Um acess\u00f3rio que acrescenta um toque sensual ao teu look, tanto no interior como no exterior do quarto.<\/p>\n<p class=\"translation-block\">A Magnifique Waist Chain real\u00e7a o teu derrier com os seus movimentos hipnotizantes!<\/p>","protected":false},"featured_media":5261,"comment_status":"open","ping_status":"closed","template":"","meta":{"_acf_changed":false},"pwb-brand":[340],"product_brand":[],"product_cat":[113,115,381,127],"product_tag":[225,251,242,536,240,227],"class_list":{"0":"post-5257","1":"product","2":"type-product","3":"status-publish","4":"has-post-thumbnail","6":"pwb-brand-bijouxindiscrets","7":"product_cat-accessorieskink","8":"product_cat-jewelry","9":"product_cat-lower_body","10":"product_cat-wearables","11":"product_tag-body","12":"product_tag-body-chain","13":"product_tag-jewelry","14":"product_tag-lower-body","15":"product_tag-magnifique","16":"product_tag-wearable","17":"pa_color-gold","18":"pa_color-silver","19":"nt-post-class","20":"","21":"masonry-item","22":"col-lg-6","30":"first","31":"instock","32":"taxable","33":"shipping-taxable","34":"purchasable","35":"product-type-variable","36":"add-to-wishlist-after_add_to_cart"},"acf":[],"brands":[{"id":340,"name":"Bijoux Indiscrets","slug":"bijouxindiscrets"}],"_links":{"self":[{"href":"https:\/\/carmogepereira.pt\/pt\/wp-json\/wp\/v2\/product\/5257","targetHints":{"allow":["GET"]}}],"collection":[{"href":"https:\/\/carmogepereira.pt\/pt\/wp-json\/wp\/v2\/product"}],"about":[{"href":"https:\/\/carmogepereira.pt\/pt\/wp-json\/wp\/v2\/types\/product"}],"replies":[{"embeddable":true,"href":"https:\/\/carmogepereira.pt\/pt\/wp-json\/wp\/v2\/comments?post=5257"}],"version-history":[{"count":0,"href":"https:\/\/carmogepereira.pt\/pt\/wp-json\/wp\/v2\/product\/5257\/revisions"}],"wp:featuredmedia":[{"embeddable":true,"href":"https:\/\/carmogepereira.pt\/pt\/wp-json\/wp\/v2\/media\/5261"}],"wp:attachment":[{"href":"https:\/\/carmogepereira.pt\/pt\/wp-json\/wp\/v2\/media?parent=5257"}],"wp:term":[{"taxonomy":"pwb-brand","embeddable":true,"href":"https:\/\/carmogepereira.pt\/pt\/wp-json\/wp\/v2\/pwb-brand?post=5257"},{"taxonomy":"product_brand","embeddable":true,"href":"https:\/\/carmogepereira.pt\/pt\/wp-json\/wp\/v2\/product_brand?post=5257"},{"taxonomy":"product_cat","embeddable":true,"href":"https:\/\/carmogepereira.pt\/pt\/wp-json\/wp\/v2\/product_cat?post=5257"},{"taxonomy":"product_tag","embeddable":true,"href":"https:\/\/carmogepereira.pt\/pt\/wp-json\/wp\/v2\/product_tag?post=5257"}],"curies":[{"name":"wp","href":"https:\/\/api.w.org\/{rel}","templated":true}]}}