{"id":5275,"date":"2022-09-09T01:03:57","date_gmt":"2022-09-09T01:03:57","guid":{"rendered":"http:\/\/carmogepereira.pt\/vaiserperfeito\/?post_type=product&#038;p=5275"},"modified":"2025-08-07T17:14:22","modified_gmt":"2025-08-07T17:14:22","slug":"magnifiquefeetchainsbi","status":"publish","type":"product","link":"https:\/\/carmogepereira.pt\/pt\/shop\/magnifiquefeetchainsbi\/","title":{"rendered":"Magnifique Feet Chains Bijoux Indiscrets"},"content":{"rendered":"<p><strong>Cores:<\/strong><\/p>\n<p>Prateado<\/p>\n<p>Dourado<\/p>\n<p><b><span data-contrast=\"auto\">Caracter\u00edsticas:<\/span><\/b><span data-ccp-props=\"{&quot;201341983&quot;:0,&quot;335559739&quot;:160,&quot;335559740&quot;:259}\">\u00a0<\/span><\/p>\n<p>O presente perfeito! Acess\u00f3rios que enfeitam o corpo de uma forma l\u00fadica, apresentados em embalagens de designer.<\/p>\n<p>100% ajust\u00e1vel! As correntes da colec\u00e7\u00e3o podem ser adaptadas ao teu corpo com o seu fecho ajust\u00e1vel.<\/p>\n<p>Acess\u00f3rios Er\u00f3ticos de Moda: Uma mistura entre as tend\u00eancias actuais da moda e o erotismo tradicional.<\/p>\n<p>Brinca sem problemas! As correntes s\u00e3o isentas de n\u00edquel, por isso n\u00e3o provocam reac\u00e7\u00f5es al\u00e9rgicas.<\/p>\n<p>Design exclusivo da Bijoux Indiscrets.<\/p>\n<p><b><span data-contrast=\"auto\">Conte\u00fado:<\/span><\/b><span data-ccp-props=\"{&quot;201341983&quot;:0,&quot;335559739&quot;:160,&quot;335559740&quot;:259}\">\u00a0<\/span><\/p>\n<p>1x Magnifique\u00a0Feet Chains<\/p>\n<p><strong>Tamanho: <\/strong><\/p>\n<p>Tornozelo 16cm-29cm<\/p>\n<p><b><span data-contrast=\"auto\">Materiais:<\/span><\/b><span data-ccp-props=\"{&quot;201341983&quot;:0,&quot;335559739&quot;:160,&quot;335559740&quot;:259}\">\u00a0<\/span><\/p>\n<p class=\"toolbar toolbar-top\">Metal sem N\u00edquel<\/p>","protected":false},"excerpt":{"rendered":"<p>Estes acess\u00f3rios de p\u00e9 adornam o peito do p\u00e9 gra\u00e7as aos an\u00e9is e pequenas correntes que caracterizam a colec\u00e7\u00e3o.<\/p>\n<p>Acess\u00f3rios inspirados nes performers de cabaret dos 1920s: inconformistas, sensuais e impressionantes.<\/p>\n<p>Como usar:<br \/>\nAjusta o acess\u00f3rio ao teu tornozelo.<br \/>\nDeixe o anel e as correntes do acess\u00f3rio cair \u00e0 volta do seu peito do p\u00e9.<br \/>\nColoque o segundo dedo do p\u00e9 no fim da cadeia mais longa.<\/p>","protected":false},"featured_media":5282,"comment_status":"open","ping_status":"closed","template":"","meta":{"_acf_changed":false},"pwb-brand":[340],"product_brand":[],"product_cat":[113,115,381,127],"product_tag":[222,251,242,536,240],"class_list":{"0":"post-5275","1":"product","2":"type-product","3":"status-publish","4":"has-post-thumbnail","6":"pwb-brand-bijouxindiscrets","7":"product_cat-accessorieskink","8":"product_cat-jewelry","9":"product_cat-lower_body","10":"product_cat-wearables","11":"product_tag-ankles","12":"product_tag-body-chain","13":"product_tag-jewelry","14":"product_tag-lower-body","15":"product_tag-magnifique","16":"pa_color-gold","17":"pa_color-silver","18":"nt-post-class","19":"","20":"masonry-item","21":"col-lg-6","29":"first","30":"instock","31":"taxable","32":"shipping-taxable","33":"purchasable","34":"product-type-variable","35":"add-to-wishlist-after_add_to_cart"},"acf":[],"brands":[{"id":340,"name":"Bijoux Indiscrets","slug":"bijouxindiscrets"}],"_links":{"self":[{"href":"https:\/\/carmogepereira.pt\/pt\/wp-json\/wp\/v2\/product\/5275","targetHints":{"allow":["GET"]}}],"collection":[{"href":"https:\/\/carmogepereira.pt\/pt\/wp-json\/wp\/v2\/product"}],"about":[{"href":"https:\/\/carmogepereira.pt\/pt\/wp-json\/wp\/v2\/types\/product"}],"replies":[{"embeddable":true,"href":"https:\/\/carmogepereira.pt\/pt\/wp-json\/wp\/v2\/comments?post=5275"}],"version-history":[{"count":0,"href":"https:\/\/carmogepereira.pt\/pt\/wp-json\/wp\/v2\/product\/5275\/revisions"}],"wp:featuredmedia":[{"embeddable":true,"href":"https:\/\/carmogepereira.pt\/pt\/wp-json\/wp\/v2\/media\/5282"}],"wp:attachment":[{"href":"https:\/\/carmogepereira.pt\/pt\/wp-json\/wp\/v2\/media?parent=5275"}],"wp:term":[{"taxonomy":"pwb-brand","embeddable":true,"href":"https:\/\/carmogepereira.pt\/pt\/wp-json\/wp\/v2\/pwb-brand?post=5275"},{"taxonomy":"product_brand","embeddable":true,"href":"https:\/\/carmogepereira.pt\/pt\/wp-json\/wp\/v2\/product_brand?post=5275"},{"taxonomy":"product_cat","embeddable":true,"href":"https:\/\/carmogepereira.pt\/pt\/wp-json\/wp\/v2\/product_cat?post=5275"},{"taxonomy":"product_tag","embeddable":true,"href":"https:\/\/carmogepereira.pt\/pt\/wp-json\/wp\/v2\/product_tag?post=5275"}],"curies":[{"name":"wp","href":"https:\/\/api.w.org\/{rel}","templated":true}]}}