{"id":5290,"date":"2022-09-09T17:06:17","date_gmt":"2022-09-09T17:06:17","guid":{"rendered":"http:\/\/carmogepereira.pt\/vaiserperfeito\/?post_type=product&#038;p=5290"},"modified":"2024-03-01T13:59:04","modified_gmt":"2024-03-01T13:59:04","slug":"wartenberg-pinwheelohmama","status":"publish","type":"product","link":"https:\/\/carmogepereira.pt\/pt\/shop\/wartenberg-pinwheelohmama\/","title":{"rendered":"Wartenberg Pinwheel OhMama"},"content":{"rendered":"<p><b><span data-contrast=\"auto\">Caracter\u00edsticas:<\/span><\/b><span data-ccp-props=\"{&quot;201341983&quot;:0,&quot;335559739&quot;:160,&quot;335559740&quot;:259}\">\u00a0<\/span><\/p>\n<p>A roda Wartenberg (tamb\u00e9m chamada pinwheel ou neurowheel) \u00e9 um dispositivo m\u00e9dico para uso neurol\u00f3gico, originalmente concebida pelo Dr. Robert Wartenberg para testar reac\u00e7\u00f5es nervosas \u00e0 medida que desliza sobre a pele.<\/p>\n<p>Com uma apar\u00eancia imponente no entanto um brinquedo muito seguro!<\/p>\n<p>Metal isento de n\u00edquel, perfeito para jogos de temperatura! Mergulha em \u00e1gua gelada ou aquece um pouco!<\/p>\n<p><b><span data-contrast=\"auto\">Dimens\u00f5es do Produto:<\/span><\/b><\/p>\n<p>18cm<\/p>\n<p><b><span data-contrast=\"auto\">Conte\u00fado:<\/span><\/b><span data-ccp-props=\"{&quot;201341983&quot;:0,&quot;335559739&quot;:160,&quot;335559740&quot;:259}\">\u00a0<\/span><\/p>\n<p>1x Pinwheel<\/p>\n<p><b><span data-contrast=\"auto\">Materiais:<\/span><\/b><span data-ccp-props=\"{&quot;201341983&quot;:0,&quot;335559739&quot;:160,&quot;335559740&quot;:259}\">\u00a0<\/span><\/p>\n<p class=\"toolbar toolbar-top\"><span class=\"expand-close\">Metal sem N\u00edquel\u00a0<\/span><\/p>","protected":false},"excerpt":{"rendered":"<p>As rodas Wartenberg s\u00e3o um brinquedo BDSM popular, com uma apar\u00eancia imponente mas, na realidade, um brinquedo muito seguro!<br \/>\nNa pr\u00e1tica, utiliza-se para rolar sobre a pele de uma pessoa, com mais ou menos intensidade, embora os pinos desta roda sejam bastante afiados, n\u00e3o s\u00e3o suficientemente afiados para perfurar a pele, a menos que sejam utilizados com press\u00e3o excessiva.<br \/>\nPode combinar-se com varia\u00e7\u00f5es de temperatura para obter sensa\u00e7\u00f5es mais elevadas ou com o toque de uma pena.<\/p>","protected":false},"featured_media":5292,"comment_status":"open","ping_status":"closed","template":"","meta":{"_acf_changed":false},"pwb-brand":[344],"product_brand":[],"product_cat":[113,122,119],"product_tag":[213,225,236,250,254],"class_list":{"0":"post-5290","1":"product","2":"type-product","3":"status-publish","4":"has-post-thumbnail","6":"pwb-brand-miscellaneous","7":"product_cat-accessorieskink","8":"product_cat-feathers-pinwheels","9":"product_cat-whipsfeathers","10":"product_tag-bdsm","11":"product_tag-body","12":"product_tag-pinwheel","13":"product_tag-sensory-play","14":"product_tag-temperature-play","15":"pa_color-silver","16":"nt-post-class","17":"","18":"masonry-item","19":"col-lg-6","27":"first","28":"instock","29":"taxable","30":"shipping-taxable","31":"purchasable","32":"product-type-simple","33":"add-to-wishlist-after_add_to_cart"},"acf":[],"brands":[{"id":344,"name":"Variadas","slug":"miscellaneous"}],"_links":{"self":[{"href":"https:\/\/carmogepereira.pt\/pt\/wp-json\/wp\/v2\/product\/5290","targetHints":{"allow":["GET"]}}],"collection":[{"href":"https:\/\/carmogepereira.pt\/pt\/wp-json\/wp\/v2\/product"}],"about":[{"href":"https:\/\/carmogepereira.pt\/pt\/wp-json\/wp\/v2\/types\/product"}],"replies":[{"embeddable":true,"href":"https:\/\/carmogepereira.pt\/pt\/wp-json\/wp\/v2\/comments?post=5290"}],"version-history":[{"count":0,"href":"https:\/\/carmogepereira.pt\/pt\/wp-json\/wp\/v2\/product\/5290\/revisions"}],"wp:featuredmedia":[{"embeddable":true,"href":"https:\/\/carmogepereira.pt\/pt\/wp-json\/wp\/v2\/media\/5292"}],"wp:attachment":[{"href":"https:\/\/carmogepereira.pt\/pt\/wp-json\/wp\/v2\/media?parent=5290"}],"wp:term":[{"taxonomy":"pwb-brand","embeddable":true,"href":"https:\/\/carmogepereira.pt\/pt\/wp-json\/wp\/v2\/pwb-brand?post=5290"},{"taxonomy":"product_brand","embeddable":true,"href":"https:\/\/carmogepereira.pt\/pt\/wp-json\/wp\/v2\/product_brand?post=5290"},{"taxonomy":"product_cat","embeddable":true,"href":"https:\/\/carmogepereira.pt\/pt\/wp-json\/wp\/v2\/product_cat?post=5290"},{"taxonomy":"product_tag","embeddable":true,"href":"https:\/\/carmogepereira.pt\/pt\/wp-json\/wp\/v2\/product_tag?post=5290"}],"curies":[{"name":"wp","href":"https:\/\/api.w.org\/{rel}","templated":true}]}}