{"id":5301,"date":"2022-09-09T21:07:43","date_gmt":"2022-09-09T21:07:43","guid":{"rendered":"http:\/\/carmogepereira.pt\/vaiserperfeito\/?post_type=product&#038;p=5301"},"modified":"2025-12-11T15:07:14","modified_gmt":"2025-12-11T15:07:14","slug":"enchanted-heart-paddle-sm","status":"publish","type":"product","link":"https:\/\/carmogepereira.pt\/pt\/shop\/enchanted-heart-paddle-sm\/","title":{"rendered":"Enchanted Heart Paddle S&#038;M"},"content":{"rendered":"<p><b><span data-contrast=\"auto\">Caracter\u00edsticas:<\/span><\/b><span data-ccp-props=\"{&quot;201341983&quot;:0,&quot;335559739&quot;:160,&quot;335559740&quot;:259}\">\u00a0<\/span><\/p>\n<p>Dupla face para sensa\u00e7\u00f5es duplas.<\/p>\n<p>Bate e acaricia com esta paddle suave, sensual, e s\u00e1dica.<\/p>\n<p>Deixa formas de cora\u00e7\u00f5es na pele com o lado de camur\u00e7a macia e aveludada.<\/p>\n<p>Pele vegan ultra peluda para acariciar a pessoa ao teu dispor com sensa\u00e7\u00f5es doces.<\/p>\n<p><b><span data-contrast=\"auto\">Dimens\u00f5es do Produto:<\/span><\/b><\/p>\n<p>26cm x 15.9cm<\/p>\n<p><b><span data-contrast=\"auto\">Conte\u00fado:<\/span><\/b><span data-ccp-props=\"{&quot;201341983&quot;:0,&quot;335559739&quot;:160,&quot;335559740&quot;:259}\">\u00a0<\/span><\/p>\n<p>1x heart paddle<\/p>\n<p><b><span data-contrast=\"auto\">Materiais:<\/span><\/b><span data-ccp-props=\"{&quot;201341983&quot;:0,&quot;335559739&quot;:160,&quot;335559740&quot;:259}\">\u00a0<\/span><\/p>\n<p class=\"toolbar toolbar-top\"><span class=\"expand-close\">Pele Vegan, P\u00ealo Vegan, Camur\u00e7a Vegan.<\/span><\/p>","protected":false},"excerpt":{"rendered":"<p>Quer carinho e ousadia? A Enchanted Heart Paddle tem dois lados, um de p\u00ealo bordeaux vegan e o outro de pele aveludada, para qualquer que seja o teu humor. Come\u00e7a por fazer c\u00f3cegas e acariciar com o doce p\u00ealo vegan e depois causa uma ferroada atrevida com o lado liso e macio.<\/p>","protected":false},"featured_media":5303,"comment_status":"open","ping_status":"closed","template":"","meta":{"_acf_changed":false},"pwb-brand":[348,347],"product_brand":[],"product_cat":[113,121,119],"product_tag":[213,255,257,256],"class_list":{"0":"post-5301","1":"product","2":"type-product","3":"status-publish","4":"has-post-thumbnail","6":"pwb-brand-sexmischief","7":"pwb-brand-sportsheets","8":"product_cat-accessorieskink","9":"product_cat-paddles","10":"product_cat-whipsfeathers","11":"product_tag-bdsm","12":"product_tag-enchanted","13":"product_tag-impact-play","14":"product_tag-paddle","15":"pa_color-red","16":"nt-post-class","17":"","18":"masonry-item","19":"col-lg-6","27":"first","28":"outofstock","29":"taxable","30":"shipping-taxable","31":"purchasable","32":"product-type-simple","33":"add-to-wishlist-after_add_to_cart"},"acf":[],"brands":[{"id":348,"name":"Sex &amp; Mischief","slug":"sexmischief"},{"id":347,"name":"Sportsheets","slug":"sportsheets"}],"_links":{"self":[{"href":"https:\/\/carmogepereira.pt\/pt\/wp-json\/wp\/v2\/product\/5301","targetHints":{"allow":["GET"]}}],"collection":[{"href":"https:\/\/carmogepereira.pt\/pt\/wp-json\/wp\/v2\/product"}],"about":[{"href":"https:\/\/carmogepereira.pt\/pt\/wp-json\/wp\/v2\/types\/product"}],"replies":[{"embeddable":true,"href":"https:\/\/carmogepereira.pt\/pt\/wp-json\/wp\/v2\/comments?post=5301"}],"version-history":[{"count":0,"href":"https:\/\/carmogepereira.pt\/pt\/wp-json\/wp\/v2\/product\/5301\/revisions"}],"wp:featuredmedia":[{"embeddable":true,"href":"https:\/\/carmogepereira.pt\/pt\/wp-json\/wp\/v2\/media\/5303"}],"wp:attachment":[{"href":"https:\/\/carmogepereira.pt\/pt\/wp-json\/wp\/v2\/media?parent=5301"}],"wp:term":[{"taxonomy":"pwb-brand","embeddable":true,"href":"https:\/\/carmogepereira.pt\/pt\/wp-json\/wp\/v2\/pwb-brand?post=5301"},{"taxonomy":"product_brand","embeddable":true,"href":"https:\/\/carmogepereira.pt\/pt\/wp-json\/wp\/v2\/product_brand?post=5301"},{"taxonomy":"product_cat","embeddable":true,"href":"https:\/\/carmogepereira.pt\/pt\/wp-json\/wp\/v2\/product_cat?post=5301"},{"taxonomy":"product_tag","embeddable":true,"href":"https:\/\/carmogepereira.pt\/pt\/wp-json\/wp\/v2\/product_tag?post=5301"}],"curies":[{"name":"wp","href":"https:\/\/api.w.org\/{rel}","templated":true}]}}