{"id":5314,"date":"2022-09-09T23:27:14","date_gmt":"2022-09-09T23:27:14","guid":{"rendered":"http:\/\/carmogepereira.pt\/vaiserperfeito\/?post_type=product&#038;p=5314"},"modified":"2024-03-01T13:59:00","modified_gmt":"2024-03-01T13:59:00","slug":"sunriselacestraponsp","status":"publish","type":"product","link":"https:\/\/carmogepereira.pt\/pt\/shop\/sunriselacestraponsp\/","title":{"rendered":"Sunrise Lace Corsette Strap On Sportsheets"},"content":{"rendered":"<p><b><span data-contrast=\"auto\">Caracter\u00edsticas:<\/span><\/b><\/p>\n<p>Strap on estilo espartilho feito de tecido de renda de pel\u00facia vermelha.<\/p>\n<p>Correias ajust\u00e1veis em quatro pontos para ancas at\u00e9 152cm.<\/p>\n<p>Bolsa perfeitamente colocada que pode conter um vibrador bullet (n\u00e3o inclu\u00eddo) para estimula\u00e7\u00e3o do clitoris.<\/p>\n<p>Leva dildos com base larga.<\/p>\n<p>Inclui 3 Orings de borracha intercambi\u00e1veis (3.8cm, 4.4cm, e 5.1cm).<\/p>\n<p><span data-ccp-props=\"{&quot;201341983&quot;:0,&quot;335559739&quot;:160,&quot;335559740&quot;:259}\">Lav\u00e1vel \u00e0 m\u00e1quina.<\/span><\/p>\n<p><b><span data-contrast=\"auto\">Dimens\u00f5es do Produto:<\/span><\/b><\/p>\n<p>At\u00e9 152cm<\/p>\n<p><b><span data-contrast=\"auto\">Conte\u00fado:<\/span><\/b><span data-ccp-props=\"{&quot;201341983&quot;:0,&quot;335559739&quot;:160,&quot;335559740&quot;:259}\">\u00a0<\/span><\/p>\n<p>1x Sunrise Lace Corsette Strap On<\/p>\n<p><b><span data-contrast=\"auto\">Materiais:<\/span><\/b><span data-ccp-props=\"{&quot;201341983&quot;:0,&quot;335559739&quot;:160,&quot;335559740&quot;:259}\">\u00a0<\/span><\/p>\n<p>Poli\u00e9ster, Polipropileno, Poliuretano, Metal sem n\u00edquel, pl\u00e1stico ABS.<\/p>\n<p class=\"toolbar toolbar-top\"><span class=\"expand-close\">\u00a0<\/span><\/p>","protected":false},"excerpt":{"rendered":"<p>O brilho do escarlate ilumina a sala e o ambiente \u00e9 instantaneamente definido.<\/p>\n<p>Insere o teu dildo preferido e ensopa a luz da ribalta enquanto as correias ajust\u00e1veis do arn\u00eas abra\u00e7am o teu corpo. Podes alterar facilmente qualquer rotina com os tr\u00eas O-rings intercambi\u00e1veis, compat\u00edveis com dildos de base larga. Uma bolsa secreta no interior do painel frontal permite acomodar uma bala vibrat\u00f3ria para tua satisfa\u00e7\u00e3o enquanto brincas a l\u00edder da arena durante a noite.<\/p>\n<p><img fetchpriority=\"high\" decoding=\"async\" class=\"alignnone size-medium aligncenter\" src=\"http:\/\/carmogepereira.pt\/vaiserperfeito\/wp-content\/uploads\/2022\/09\/sunrise.gif\" width=\"300\" height=\"169\" \/><\/p>","protected":false},"featured_media":5318,"comment_status":"open","ping_status":"closed","template":"","meta":{"_acf_changed":false},"pwb-brand":[347],"product_brand":[],"product_cat":[113,114],"product_tag":[225,209,211],"class_list":{"0":"post-5314","1":"product","2":"type-product","3":"status-publish","4":"has-post-thumbnail","6":"pwb-brand-sportsheets","7":"product_cat-accessorieskink","8":"product_cat-straponharness","9":"product_tag-body","10":"product_tag-strap-on","11":"product_tag-straponharness","12":"pa_color-red","13":"nt-post-class","14":"","15":"masonry-item","16":"col-lg-6","24":"first","25":"instock","26":"taxable","27":"shipping-taxable","28":"purchasable","29":"product-type-simple","30":"add-to-wishlist-after_add_to_cart"},"acf":[],"brands":[{"id":347,"name":"Sportsheets","slug":"sportsheets"}],"_links":{"self":[{"href":"https:\/\/carmogepereira.pt\/pt\/wp-json\/wp\/v2\/product\/5314","targetHints":{"allow":["GET"]}}],"collection":[{"href":"https:\/\/carmogepereira.pt\/pt\/wp-json\/wp\/v2\/product"}],"about":[{"href":"https:\/\/carmogepereira.pt\/pt\/wp-json\/wp\/v2\/types\/product"}],"replies":[{"embeddable":true,"href":"https:\/\/carmogepereira.pt\/pt\/wp-json\/wp\/v2\/comments?post=5314"}],"version-history":[{"count":0,"href":"https:\/\/carmogepereira.pt\/pt\/wp-json\/wp\/v2\/product\/5314\/revisions"}],"wp:featuredmedia":[{"embeddable":true,"href":"https:\/\/carmogepereira.pt\/pt\/wp-json\/wp\/v2\/media\/5318"}],"wp:attachment":[{"href":"https:\/\/carmogepereira.pt\/pt\/wp-json\/wp\/v2\/media?parent=5314"}],"wp:term":[{"taxonomy":"pwb-brand","embeddable":true,"href":"https:\/\/carmogepereira.pt\/pt\/wp-json\/wp\/v2\/pwb-brand?post=5314"},{"taxonomy":"product_brand","embeddable":true,"href":"https:\/\/carmogepereira.pt\/pt\/wp-json\/wp\/v2\/product_brand?post=5314"},{"taxonomy":"product_cat","embeddable":true,"href":"https:\/\/carmogepereira.pt\/pt\/wp-json\/wp\/v2\/product_cat?post=5314"},{"taxonomy":"product_tag","embeddable":true,"href":"https:\/\/carmogepereira.pt\/pt\/wp-json\/wp\/v2\/product_tag?post=5314"}],"curies":[{"name":"wp","href":"https:\/\/api.w.org\/{rel}","templated":true}]}}