{"id":5315,"date":"2022-09-09T23:27:49","date_gmt":"2022-09-09T23:27:49","guid":{"rendered":"http:\/\/carmogepereira.pt\/vaiserperfeito\/?post_type=product&#038;p=5315"},"modified":"2025-12-11T15:07:14","modified_gmt":"2025-12-11T15:07:14","slug":"enchantedcropsm","status":"publish","type":"product","link":"https:\/\/carmogepereira.pt\/pt\/shop\/enchantedcropsm\/","title":{"rendered":"Enchanted Crop S&#038;M"},"content":{"rendered":"<p><b><span data-contrast=\"auto\">Caracter\u00edsticas:<\/span><\/b><span data-ccp-props=\"{&quot;201341983&quot;:0,&quot;335559739&quot;:160,&quot;335559740&quot;:259}\">\u00a0<\/span><\/p>\n<p>Resistente e dur\u00e1vel, a Enchanted Crop \u00e9 certamente um novo item de impacto favorito.<\/p>\n<p>.Bordeaux profundo com extremidade e pega preta n\u00e3o s\u00f3 funcional mas tamb\u00e9m bela.<\/p>\n<p>Emparelha com a sua lingerie favorita ou retire cada pe\u00e7a de roupa e leva a submiss\u00e3o para o quarto.<\/p>\n<p><b><span data-contrast=\"auto\">Dimens\u00f5es do Produto:<\/span><\/b><\/p>\n<p>65 cm: ponta 6,4 cm, haste 38 cm, pega 21cm<\/p>\n<p><b><span data-contrast=\"auto\">Conte\u00fado:<\/span><\/b><span data-ccp-props=\"{&quot;201341983&quot;:0,&quot;335559739&quot;:160,&quot;335559740&quot;:259}\">\u00a0<\/span><\/p>\n<p>1x enchanted crop<\/p>\n<p><b><span data-contrast=\"auto\">Materiais:<\/span><\/b><span data-ccp-props=\"{&quot;201341983&quot;:0,&quot;335559739&quot;:160,&quot;335559740&quot;:259}\">\u00a0<\/span><\/p>\n<p class=\"toolbar toolbar-top\"><span class=\"expand-close\"> 45% Policarbonato, 33% TRP, 22% PVC.<\/span><\/p>","protected":false},"excerpt":{"rendered":"<p>Resistente, dur\u00e1vel e leve, Enchanted Crop \u00e9 certamente o teu novo brinquedo de impacto. Coloca a outra pessoa na posi\u00e7\u00e3o perfeita e o pingalim de fibra de carbono desliza rapidamente pelo ar e deixa uma impress\u00e3o. A cor Bordeaux profunda com extremidade e pega preta torna esta crop n\u00e3o s\u00f3 funcional mas tamb\u00e9m bela. Leve as coisas para o pr\u00f3ximo n\u00edvel emparelhando com o Enchanted Hood, a pessoa em estado de submiss\u00e3o n\u00e3o saber\u00e1 o que esperar a seguir.<\/p>","protected":false},"featured_media":5323,"comment_status":"open","ping_status":"closed","template":"","meta":{"_acf_changed":false},"pwb-brand":[348,347],"product_brand":[],"product_cat":[113,119,120],"product_tag":[213,225,262,257],"class_list":{"0":"post-5315","1":"product","2":"type-product","3":"status-publish","4":"has-post-thumbnail","6":"pwb-brand-sexmischief","7":"pwb-brand-sportsheets","8":"product_cat-accessorieskink","9":"product_cat-whipsfeathers","10":"product_cat-whipsandcanes","11":"product_tag-bdsm","12":"product_tag-body","13":"product_tag-crop","14":"product_tag-impact-play","15":"pa_color-black","16":"pa_color-red","17":"nt-post-class","18":"","19":"masonry-item","20":"col-lg-6","28":"first","29":"outofstock","30":"taxable","31":"shipping-taxable","32":"purchasable","33":"product-type-simple","34":"add-to-wishlist-after_add_to_cart"},"acf":[],"brands":[{"id":348,"name":"Sex &amp; Mischief","slug":"sexmischief"},{"id":347,"name":"Sportsheets","slug":"sportsheets"}],"_links":{"self":[{"href":"https:\/\/carmogepereira.pt\/pt\/wp-json\/wp\/v2\/product\/5315","targetHints":{"allow":["GET"]}}],"collection":[{"href":"https:\/\/carmogepereira.pt\/pt\/wp-json\/wp\/v2\/product"}],"about":[{"href":"https:\/\/carmogepereira.pt\/pt\/wp-json\/wp\/v2\/types\/product"}],"replies":[{"embeddable":true,"href":"https:\/\/carmogepereira.pt\/pt\/wp-json\/wp\/v2\/comments?post=5315"}],"version-history":[{"count":0,"href":"https:\/\/carmogepereira.pt\/pt\/wp-json\/wp\/v2\/product\/5315\/revisions"}],"wp:featuredmedia":[{"embeddable":true,"href":"https:\/\/carmogepereira.pt\/pt\/wp-json\/wp\/v2\/media\/5323"}],"wp:attachment":[{"href":"https:\/\/carmogepereira.pt\/pt\/wp-json\/wp\/v2\/media?parent=5315"}],"wp:term":[{"taxonomy":"pwb-brand","embeddable":true,"href":"https:\/\/carmogepereira.pt\/pt\/wp-json\/wp\/v2\/pwb-brand?post=5315"},{"taxonomy":"product_brand","embeddable":true,"href":"https:\/\/carmogepereira.pt\/pt\/wp-json\/wp\/v2\/product_brand?post=5315"},{"taxonomy":"product_cat","embeddable":true,"href":"https:\/\/carmogepereira.pt\/pt\/wp-json\/wp\/v2\/product_cat?post=5315"},{"taxonomy":"product_tag","embeddable":true,"href":"https:\/\/carmogepereira.pt\/pt\/wp-json\/wp\/v2\/product_tag?post=5315"}],"curies":[{"name":"wp","href":"https:\/\/api.w.org\/{rel}","templated":true}]}}