{"id":5340,"date":"2022-09-10T16:06:04","date_gmt":"2022-09-10T16:06:04","guid":{"rendered":"http:\/\/carmogepereira.pt\/vaiserperfeito\/?post_type=product&#038;p=5340"},"modified":"2024-03-01T13:58:57","modified_gmt":"2024-03-01T13:58:57","slug":"heavydutypositionmasterff","status":"publish","type":"product","link":"https:\/\/carmogepereira.pt\/pt\/shop\/heavydutypositionmasterff\/","title":{"rendered":"Heavy Duty Position Master Fetish Fantasy"},"content":{"rendered":"<p><b><span data-contrast=\"auto\">Caracter\u00edsticas:<\/span><\/b><span data-ccp-props=\"{&quot;201341983&quot;:0,&quot;335559739&quot;:160,&quot;335559740&quot;:259}\">\u00a0<\/span><\/p>\n<p>Correia ajust\u00e1vel logo abaixo do peito com um simples pux\u00e3o.<\/p>\n<p>As algemas robustas nas coxas.<\/p>\n<p>Pernas no \u00e2ngulo desejado e firmemente mantidas no lugar.<\/p>\n<p>Ader\u00eancia robusta no arn\u00eas.<\/p>\n<p>Algemas de pulso opcionais.<\/p>\n<p>Facilmente ajust\u00e1vel para caber na maioria dos tamanhos com tiras de velcro, e o arn\u00eas de peito ajusta-se com um simples pux\u00e3o.<\/p>\n<p><b><span data-contrast=\"auto\">Conte\u00fado:<\/span><\/b><span data-ccp-props=\"{&quot;201341983&quot;:0,&quot;335559739&quot;:160,&quot;335559740&quot;:259}\">\u00a0<\/span><\/p>\n<p>Arn\u00eas Regul\u00e1vel Pesado<\/p>\n<p>Algemas de punho e coxa ajust\u00e1veis de alta resist\u00eancia<\/p>\n<p><b><span data-contrast=\"auto\">Materiais:<\/span><\/b><span data-ccp-props=\"{&quot;201341983&quot;:0,&quot;335559739&quot;:160,&quot;335559740&quot;:259}\">\u00a0<\/span><\/p>\n<p class=\"toolbar toolbar-top\"><span class=\"expand-close\">Nylon, Metal, Pl\u00e1stico\u00a0<\/span><\/p>","protected":false},"excerpt":{"rendered":"<p>Basta colocar o arn\u00eas sobre os ombros e encaixar a correia ajust\u00e1vel logo abaixo do peito. As algemas robustas das coxas prendem directamente ao arn\u00eas, posicionando as tuas pernas no \u00e2ngulo perfeito enquanto as segura firmemente no lugar para que n\u00e3o se cansem.<\/p>\n<p>O arn\u00eas tamb\u00e9m proporciona uma ader\u00eancia robusta para que uma pessoa se possa agarrar para se divertir, e inclui algemas de pulso. Todas as algemas s\u00e3o facilmente ajust\u00e1veis para caber na maioria dos tamanhos atrav\u00e9s de tiras de velcro, e o arn\u00eas de peito ajusta-se com um simples pux\u00e3o.<\/p>\n<p>Assume a posi\u00e7\u00e3o e s\u00ea l\u00edder do teu pr\u00f3ximo encontro!<\/p>","protected":false},"featured_media":5341,"comment_status":"open","ping_status":"closed","template":"","meta":{"_acf_changed":false},"pwb-brand":[350],"product_brand":[],"product_cat":[253],"product_tag":[222,225,226,208,265,264],"class_list":{"0":"post-5340","1":"product","2":"type-product","3":"status-publish","4":"has-post-thumbnail","6":"pwb-brand-pipedream","7":"product_cat-furniture-and-sex-swings","8":"product_tag-ankles","9":"product_tag-body","10":"product_tag-cuffs","11":"product_tag-functional-diversity","12":"product_tag-mobility-aid","13":"product_tag-swing","14":"pa_color-black","15":"nt-post-class","16":"","17":"masonry-item","18":"col-lg-6","26":"first","27":"instock","28":"taxable","29":"shipping-taxable","30":"purchasable","31":"product-type-simple","32":"add-to-wishlist-after_add_to_cart"},"acf":[],"brands":[{"id":350,"name":"Pipedream","slug":"pipedream"}],"_links":{"self":[{"href":"https:\/\/carmogepereira.pt\/pt\/wp-json\/wp\/v2\/product\/5340","targetHints":{"allow":["GET"]}}],"collection":[{"href":"https:\/\/carmogepereira.pt\/pt\/wp-json\/wp\/v2\/product"}],"about":[{"href":"https:\/\/carmogepereira.pt\/pt\/wp-json\/wp\/v2\/types\/product"}],"replies":[{"embeddable":true,"href":"https:\/\/carmogepereira.pt\/pt\/wp-json\/wp\/v2\/comments?post=5340"}],"version-history":[{"count":0,"href":"https:\/\/carmogepereira.pt\/pt\/wp-json\/wp\/v2\/product\/5340\/revisions"}],"wp:featuredmedia":[{"embeddable":true,"href":"https:\/\/carmogepereira.pt\/pt\/wp-json\/wp\/v2\/media\/5341"}],"wp:attachment":[{"href":"https:\/\/carmogepereira.pt\/pt\/wp-json\/wp\/v2\/media?parent=5340"}],"wp:term":[{"taxonomy":"pwb-brand","embeddable":true,"href":"https:\/\/carmogepereira.pt\/pt\/wp-json\/wp\/v2\/pwb-brand?post=5340"},{"taxonomy":"product_brand","embeddable":true,"href":"https:\/\/carmogepereira.pt\/pt\/wp-json\/wp\/v2\/product_brand?post=5340"},{"taxonomy":"product_cat","embeddable":true,"href":"https:\/\/carmogepereira.pt\/pt\/wp-json\/wp\/v2\/product_cat?post=5340"},{"taxonomy":"product_tag","embeddable":true,"href":"https:\/\/carmogepereira.pt\/pt\/wp-json\/wp\/v2\/product_tag?post=5340"}],"curies":[{"name":"wp","href":"https:\/\/api.w.org\/{rel}","templated":true}]}}