{"id":5344,"date":"2022-09-10T16:52:12","date_gmt":"2022-09-10T16:52:12","guid":{"rendered":"http:\/\/carmogepereira.pt\/vaiserperfeito\/?post_type=product&#038;p=5344"},"modified":"2024-03-01T13:58:56","modified_gmt":"2024-03-01T13:58:56","slug":"fantasybondageswingff","status":"publish","type":"product","link":"https:\/\/carmogepereira.pt\/pt\/shop\/fantasybondageswingff\/","title":{"rendered":"Fantasy Bondage Swing"},"content":{"rendered":"<p><b><span data-contrast=\"auto\">Caracter\u00edsticas:<\/span><\/b><\/p>\n<p>Perfeito para pares de diferentes tamanhos, ajusta-se facilmente a qualquer altura ou \u00e2ngulo.<\/p>\n<p>An\u00e9is em D estrategicamente colocados ligados ao baloi\u00e7o que se ligam aos punhos do pulso e do tornozelo.<\/p>\n<p>Totalmente ajust\u00e1veis, todas as correias podem ser ajustadas a qualquer tamanho.<\/p>\n<p>Algemas ajust\u00e1veis com correntes e grampos met\u00e1licos.<\/p>\n<p>An\u00e9is em D de metal resistente estrategicamente colocados ao longo do baloi\u00e7o, permitindo-te explorar uma variedade de posi\u00e7\u00f5es de reten\u00e7\u00e3o enquanto uma pessoa balan\u00e7a.<\/p>\n<p>Suportes grandes almofadados para o rabo e costas e estribos pequenos almofadados para pernas.<\/p>\n<p>As correias s\u00e3o feitas de nylon de alta resist\u00eancia, concebidas como uma s\u00f3, o baloi\u00e7o \u00e9 muito dur\u00e1vel.<\/p>\n<p>Fabricado com materiais modernos, muito confort\u00e1veis para o m\u00e1ximo prazer.<\/p>\n<p>Suporta at\u00e9 160 quilos.<\/p>\n<p>Vem quase completamente pr\u00e9-montado, os procedimentos de instala\u00e7\u00e3o s\u00e3o muito simples.<\/p>\n<p>Mola inclu\u00edda.<\/p>\n<p>F\u00e1cil de remover.<\/p>\n<p>Para uma ou duas pessoas, podes desfrutar s\u00f3 ou em casal.<\/p>\n<p>Descubra novas experi\u00eancias!<\/p>\n<div class=\"woocommerce-product-details__short-description\">\n<p>*Produto dispon\u00edvel apenas para territ\u00f3rio nacional continental.<\/p>\n<\/div>\n<p>* O pre\u00e7o inclui uma taxa de 50 euros para entrega nacional, continental. A diferen\u00e7a de custo ser\u00e1 fornecida pelo cliente, se maior, ou devolvida em formato de voucher de loja.<\/p>\n<p><strong>Peso:<\/strong> 72kg<\/p>\n<p><b><span data-contrast=\"auto\">Conte\u00fado:<\/span><\/b><span data-ccp-props=\"{&quot;201341983&quot;:0,&quot;335559739&quot;:160,&quot;335559740&quot;:259}\">\u00a0<\/span><\/p>\n<p>A\u00e7o resistente, Parafuso de ilh\u00f3s, Corrente de liga\u00e7\u00e3o resistente, Mola de tor\u00e7\u00e3o, Barra de suporte met\u00e1lica, 2 Suportes almofadados grandes para o rabo e costas<\/p>\n<p>2x pequenos estribos almofadados para pernas<\/p>\n<p>2x Algemas de Pulso<\/p>\n<p>2x Algemas de tornozelo Colocadas estrategicamente An\u00e9is O<\/p>\n<p>2x ganchos de liga\u00e7\u00e3o abertura EZ<\/p>\n<p>Folha de Instru\u00e7\u00f5es<\/p>\n<p><b><span data-contrast=\"auto\">Materiais:<\/span><\/b><span data-ccp-props=\"{&quot;201341983&quot;:0,&quot;335559739&quot;:160,&quot;335559740&quot;:259}\">\u00a0<\/span><\/p>\n<div class=\"easyspecs-spec-row\">\n<div class=\"easyspecs-value-cell easyspecs-cell\"><span class=\"easyspec-cell-content\">Nylon, Metal, Vinil, Velcro.<\/span><\/div>\n<\/div>","protected":false},"excerpt":{"rendered":"<p>Incr\u00edvel baloi\u00e7o totalmente ajust\u00e1vel, extra amplo com apoio de p\u00e9, tornozelo e pulso para o m\u00e1ximo conforto que apoia as costas ou o peito, apoiando as pernas e m\u00e3os dos tornozelos e pulsos, dando a possibilidade de conseguir numerosas posi\u00e7\u00f5es com facilidade e conforto.<\/p>\n<p>O Fantasy Bondage Swing White pode ser instalado em locais como uma moldura de madeira ou uma porta ou uma viga no tecto. \u00c9 f\u00e1cil de instalar, especialmente numa moldura de porta, e inclui instru\u00e7\u00f5es de coloca\u00e7\u00e3o e utiliza\u00e7\u00e3o.<br \/>\n\u00c9 de tamanho \u00fanico.<\/p>\n<p>* O pre\u00e7o inclui uma taxa de 50 euros para entrega nacional, continental. A diferen\u00e7a de custo ser\u00e1 fornecida pelo cliente, se maior, ou devolvida em formato de voucher de loja.<br \/>\n*Produto dispon\u00edvel apenas para territ\u00f3rio nacional continental.<\/p>\n<p>&nbsp;<\/p>","protected":false},"featured_media":5348,"comment_status":"open","ping_status":"closed","template":"","meta":{"_acf_changed":false},"pwb-brand":[350],"product_brand":[],"product_cat":[253],"product_tag":[222,213,225,226,208,265,220,264,219],"class_list":{"0":"post-5344","1":"product","2":"type-product","3":"status-publish","4":"has-post-thumbnail","6":"pwb-brand-pipedream","7":"product_cat-furniture-and-sex-swings","8":"product_tag-ankles","9":"product_tag-bdsm","10":"product_tag-body","11":"product_tag-cuffs","12":"product_tag-functional-diversity","13":"product_tag-mobility-aid","14":"product_tag-restriction","15":"product_tag-swing","16":"product_tag-wrists","17":"pa_color-white","18":"nt-post-class","19":"","20":"masonry-item","21":"col-lg-6","29":"first","30":"instock","31":"taxable","32":"shipping-taxable","33":"purchasable","34":"product-type-simple","35":"add-to-wishlist-after_add_to_cart"},"acf":[],"brands":[{"id":350,"name":"Pipedream","slug":"pipedream"}],"_links":{"self":[{"href":"https:\/\/carmogepereira.pt\/pt\/wp-json\/wp\/v2\/product\/5344","targetHints":{"allow":["GET"]}}],"collection":[{"href":"https:\/\/carmogepereira.pt\/pt\/wp-json\/wp\/v2\/product"}],"about":[{"href":"https:\/\/carmogepereira.pt\/pt\/wp-json\/wp\/v2\/types\/product"}],"replies":[{"embeddable":true,"href":"https:\/\/carmogepereira.pt\/pt\/wp-json\/wp\/v2\/comments?post=5344"}],"version-history":[{"count":0,"href":"https:\/\/carmogepereira.pt\/pt\/wp-json\/wp\/v2\/product\/5344\/revisions"}],"wp:featuredmedia":[{"embeddable":true,"href":"https:\/\/carmogepereira.pt\/pt\/wp-json\/wp\/v2\/media\/5348"}],"wp:attachment":[{"href":"https:\/\/carmogepereira.pt\/pt\/wp-json\/wp\/v2\/media?parent=5344"}],"wp:term":[{"taxonomy":"pwb-brand","embeddable":true,"href":"https:\/\/carmogepereira.pt\/pt\/wp-json\/wp\/v2\/pwb-brand?post=5344"},{"taxonomy":"product_brand","embeddable":true,"href":"https:\/\/carmogepereira.pt\/pt\/wp-json\/wp\/v2\/product_brand?post=5344"},{"taxonomy":"product_cat","embeddable":true,"href":"https:\/\/carmogepereira.pt\/pt\/wp-json\/wp\/v2\/product_cat?post=5344"},{"taxonomy":"product_tag","embeddable":true,"href":"https:\/\/carmogepereira.pt\/pt\/wp-json\/wp\/v2\/product_tag?post=5344"}],"curies":[{"name":"wp","href":"https:\/\/api.w.org\/{rel}","templated":true}]}}