{"id":5349,"date":"2022-09-10T17:58:31","date_gmt":"2022-09-10T17:58:31","guid":{"rendered":"http:\/\/carmogepereira.pt\/vaiserperfeito\/?post_type=product&#038;p=5349"},"modified":"2024-03-01T13:58:55","modified_gmt":"2024-03-01T13:58:55","slug":"incrediblesexstoolff","status":"publish","type":"product","link":"https:\/\/carmogepereira.pt\/pt\/shop\/incrediblesexstoolff\/","title":{"rendered":"The Incredible Sex Stool Fetish Fantasy"},"content":{"rendered":"<p><b><span data-contrast=\"auto\">Caracter\u00edsticas:<\/span><\/b><span data-ccp-props=\"{&quot;201341983&quot;:0,&quot;335559739&quot;:160,&quot;335559740&quot;:259}\">\u00a0<\/span><\/p>\n<p>Sexo sem peso.<\/p>\n<p>Suporta at\u00e9 136kg \/300 libras.<\/p>\n<p>Estrutura de a\u00e7o tubular de alta resist\u00eancia.<\/p>\n<p>Flex\u00edvel, f\u00e1cil de limpar, e feito de TPU de alta resist\u00eancia.<\/p>\n<p>Pode ser desmontado para f\u00e1cil armazenamento.<\/p>\n<p><b><span data-contrast=\"auto\">Conte\u00fado:<\/span><\/b><span data-ccp-props=\"{&quot;201341983&quot;:0,&quot;335559739&quot;:160,&quot;335559740&quot;:259}\">\u00a0<\/span><\/p>\n<p>1x Moldura de Sex Stool<br \/>\n2x L\u00e2minas de TPU de alta resist\u00eancia.<\/p>\n<p><b><span data-contrast=\"auto\">Materiais:<\/span><\/b><span data-ccp-props=\"{&quot;201341983&quot;:0,&quot;335559739&quot;:160,&quot;335559740&quot;:259}\">\u00a0<\/span><\/p>\n<p><span class=\"expand-close\">Metal ,Vinil\u00a0<\/span><\/p>","protected":false},"excerpt":{"rendered":"<p>Tira a tens\u00e3o das coxas e desfruta de sexo sem peso, saltando para cima e para baixo sobre outra pessoa com facilidade, e experimentando posi\u00e7\u00f5es!<\/p>\n<p>O Sex Stool suporta at\u00e9 136kg \/ 300lbs e \u00e9 constitu\u00eddo por uma estrutura tubular de a\u00e7o resistente que pode ser desmontada para facilitar o armazenamento. O assento \u00e9 flex\u00edvel, f\u00e1cil de limpar, e feito de TPU de alta resist\u00eancia. A abertura no centro do assento permite a proximidade e a profundidade!<\/p>\n<p>DICA: Se o banco te parecer um pouco alto demais, coloca uma almofada por baixo do rabo da pessoa deitada.<\/p>\n<p>Tira a tens\u00e3o e liga a divers\u00e3o!<\/p>","protected":false},"featured_media":5354,"comment_status":"open","ping_status":"closed","template":"","meta":{"_acf_changed":false},"pwb-brand":[350],"product_brand":[],"product_cat":[253],"product_tag":[225,208,265,359,264],"class_list":{"0":"post-5349","1":"product","2":"type-product","3":"status-publish","4":"has-post-thumbnail","6":"pwb-brand-pipedream","7":"product_cat-furniture-and-sex-swings","8":"product_tag-body","9":"product_tag-functional-diversity","10":"product_tag-mobility-aid","11":"product_tag-sex-furniture","12":"product_tag-swing","13":"pa_color-black","14":"pa_color-clear","15":"nt-post-class","16":"","17":"masonry-item","18":"col-lg-6","26":"first","27":"instock","28":"taxable","29":"shipping-taxable","30":"purchasable","31":"product-type-simple","32":"add-to-wishlist-after_add_to_cart"},"acf":[],"brands":[{"id":350,"name":"Pipedream","slug":"pipedream"}],"_links":{"self":[{"href":"https:\/\/carmogepereira.pt\/pt\/wp-json\/wp\/v2\/product\/5349","targetHints":{"allow":["GET"]}}],"collection":[{"href":"https:\/\/carmogepereira.pt\/pt\/wp-json\/wp\/v2\/product"}],"about":[{"href":"https:\/\/carmogepereira.pt\/pt\/wp-json\/wp\/v2\/types\/product"}],"replies":[{"embeddable":true,"href":"https:\/\/carmogepereira.pt\/pt\/wp-json\/wp\/v2\/comments?post=5349"}],"version-history":[{"count":0,"href":"https:\/\/carmogepereira.pt\/pt\/wp-json\/wp\/v2\/product\/5349\/revisions"}],"wp:featuredmedia":[{"embeddable":true,"href":"https:\/\/carmogepereira.pt\/pt\/wp-json\/wp\/v2\/media\/5354"}],"wp:attachment":[{"href":"https:\/\/carmogepereira.pt\/pt\/wp-json\/wp\/v2\/media?parent=5349"}],"wp:term":[{"taxonomy":"pwb-brand","embeddable":true,"href":"https:\/\/carmogepereira.pt\/pt\/wp-json\/wp\/v2\/pwb-brand?post=5349"},{"taxonomy":"product_brand","embeddable":true,"href":"https:\/\/carmogepereira.pt\/pt\/wp-json\/wp\/v2\/product_brand?post=5349"},{"taxonomy":"product_cat","embeddable":true,"href":"https:\/\/carmogepereira.pt\/pt\/wp-json\/wp\/v2\/product_cat?post=5349"},{"taxonomy":"product_tag","embeddable":true,"href":"https:\/\/carmogepereira.pt\/pt\/wp-json\/wp\/v2\/product_tag?post=5349"}],"curies":[{"name":"wp","href":"https:\/\/api.w.org\/{rel}","templated":true}]}}