{"id":5360,"date":"2022-09-10T18:58:49","date_gmt":"2022-09-10T18:58:49","guid":{"rendered":"http:\/\/carmogepereira.pt\/vaiserperfeito\/?post_type=product&#038;p=5360"},"modified":"2025-12-13T09:00:49","modified_gmt":"2025-12-13T09:00:49","slug":"minitryanglewps","status":"publish","type":"product","link":"https:\/\/carmogepereira.pt\/pt\/shop\/minitryanglewps\/","title":{"rendered":"The Mini Try-Angle WhipSmart"},"content":{"rendered":"<p><b><span data-contrast=\"auto\">Caracter\u00edsticas:<\/span><\/b><span data-ccp-props=\"{&quot;201341983&quot;:0,&quot;335559739&quot;:160,&quot;335559740&quot;:259}\">\u00a0<\/span><\/p>\n<p>Potencia experi\u00eancias \u00edntimas.<\/p>\n<p>Assume posi\u00e7\u00f5es sexuais favoritas com facilidade, incluindo mission\u00e1rio, de quatro e muito mais.<\/p>\n<p>Dispon\u00edvel num tamanho conveniente e port\u00e1til.<\/p>\n<p>Mistura-se discretamente na decora\u00e7\u00e3o da tua casa quando n\u00e3o est\u00e1 a ser utilizada.<\/p>\n<p>Transporta-se facilmente por prazer para onde quer que v\u00e1s.<\/p>\n<p>Cobertura de peluche de veludo lav\u00e1vel \u00e0 m\u00e1quina e confort\u00e1vel.<\/p>\n<p><b><span data-contrast=\"auto\">Dimens\u00f5es do Produto:<\/span><\/b><\/p>\n<p>61cm x 41cm x 15cm<\/p>\n<p><b><span data-contrast=\"auto\">Conte\u00fado:<\/span><\/b><span data-ccp-props=\"{&quot;201341983&quot;:0,&quot;335559739&quot;:160,&quot;335559740&quot;:259}\">\u00a0<\/span><\/p>\n<p>1x Almofada Mini Try-angle.<\/p>\n<p>2x Algemas de nylon e velcro.<\/p>\n<p><b><span data-contrast=\"auto\">Materiais:<\/span><\/b><span data-ccp-props=\"{&quot;201341983&quot;:0,&quot;335559739&quot;:160,&quot;335559740&quot;:259}\">\u00a0<\/span><\/p>\n<p class=\"toolbar toolbar-top\"><span class=\"expand-close\">Cobertura de pel\u00facia de veludo, Poli\u00e9ster interior, Espuma, Nylon, Velcro\u00a0<\/span><\/p>\n<p>*Produto dispon\u00edvel apenas para territ\u00f3rio nacional continental.<\/p>","protected":false},"excerpt":{"rendered":"<p>A Almofada de posi\u00e7\u00e3o de Whipsmart Mini Try-Angle d\u00e1-te conforto para experimentares posi\u00e7\u00f5es sexuais e ir al\u00e9m.<\/p>\n<p>Estar\u00e1s \u00e0 vontade para fazer confus\u00e3o porque a sua cobertura de veludo de pel\u00facia \u00e9 lav\u00e1vel \u00e0 m\u00e1quina (e extremamente confort\u00e1vel)e tem um revestimento interior de poli\u00e9ster que protege a base de espuma contra quaisquer l\u00edquidos ou sujidade.<\/p>\n<p>\u00c9 o tamanho perfeito para guardar no arm\u00e1rio ou debaixo da cama quando n\u00e3o est\u00e1 a ser utilizado.<\/p>\n<p>*Produto dispon\u00edvel apenas para territ\u00f3rio nacional continental.<\/p>","protected":false},"featured_media":5361,"comment_status":"open","ping_status":"closed","template":"","meta":{"_acf_changed":false},"pwb-brand":[346],"product_brand":[],"product_cat":[253],"product_tag":[213,225,226,208,265,417,220,359,219],"class_list":{"0":"post-5360","1":"product","2":"type-product","3":"status-publish","4":"has-post-thumbnail","6":"pwb-brand-whipsmart","7":"product_cat-furniture-and-sex-swings","8":"product_tag-bdsm","9":"product_tag-body","10":"product_tag-cuffs","11":"product_tag-functional-diversity","12":"product_tag-mobility-aid","13":"product_tag-pillow","14":"product_tag-restriction","15":"product_tag-sex-furniture","16":"product_tag-wrists","17":"pa_color-black","18":"nt-post-class","19":"","20":"masonry-item","21":"col-lg-6","29":"first","30":"outofstock","31":"taxable","32":"shipping-taxable","33":"purchasable","34":"product-type-simple","35":"add-to-wishlist-after_add_to_cart"},"acf":[],"brands":[{"id":346,"name":"Whipsmart","slug":"whipsmart"}],"_links":{"self":[{"href":"https:\/\/carmogepereira.pt\/pt\/wp-json\/wp\/v2\/product\/5360","targetHints":{"allow":["GET"]}}],"collection":[{"href":"https:\/\/carmogepereira.pt\/pt\/wp-json\/wp\/v2\/product"}],"about":[{"href":"https:\/\/carmogepereira.pt\/pt\/wp-json\/wp\/v2\/types\/product"}],"replies":[{"embeddable":true,"href":"https:\/\/carmogepereira.pt\/pt\/wp-json\/wp\/v2\/comments?post=5360"}],"version-history":[{"count":0,"href":"https:\/\/carmogepereira.pt\/pt\/wp-json\/wp\/v2\/product\/5360\/revisions"}],"wp:featuredmedia":[{"embeddable":true,"href":"https:\/\/carmogepereira.pt\/pt\/wp-json\/wp\/v2\/media\/5361"}],"wp:attachment":[{"href":"https:\/\/carmogepereira.pt\/pt\/wp-json\/wp\/v2\/media?parent=5360"}],"wp:term":[{"taxonomy":"pwb-brand","embeddable":true,"href":"https:\/\/carmogepereira.pt\/pt\/wp-json\/wp\/v2\/pwb-brand?post=5360"},{"taxonomy":"product_brand","embeddable":true,"href":"https:\/\/carmogepereira.pt\/pt\/wp-json\/wp\/v2\/product_brand?post=5360"},{"taxonomy":"product_cat","embeddable":true,"href":"https:\/\/carmogepereira.pt\/pt\/wp-json\/wp\/v2\/product_cat?post=5360"},{"taxonomy":"product_tag","embeddable":true,"href":"https:\/\/carmogepereira.pt\/pt\/wp-json\/wp\/v2\/product_tag?post=5360"}],"curies":[{"name":"wp","href":"https:\/\/api.w.org\/{rel}","templated":true}]}}