{"id":5363,"date":"2022-09-10T19:08:57","date_gmt":"2022-09-10T19:08:57","guid":{"rendered":"http:\/\/carmogepereira.pt\/vaiserperfeito\/?post_type=product&#038;p=5363"},"modified":"2025-12-13T09:00:49","modified_gmt":"2025-12-13T09:00:49","slug":"try-angle-wps","status":"publish","type":"product","link":"https:\/\/carmogepereira.pt\/pt\/shop\/try-angle-wps\/","title":{"rendered":"The Try-Angle WhipSmart"},"content":{"rendered":"<p><b><span data-contrast=\"auto\">Caracter\u00edsticas:<\/span><\/b><span data-ccp-props=\"{&quot;201341983&quot;:0,&quot;335559739&quot;:160,&quot;335559740&quot;:259}\">\u00a0<\/span><\/p>\n<p>Almofada de posi\u00e7\u00e3o de luxo firme.<\/p>\n<p>Modelo grande.<\/p>\n<p>Inclui algemas ajust\u00e1veis.<\/p>\n<p>Ideal para parelhas.<\/p>\n<p>Confort\u00e1vel na utiliza\u00e7\u00e3o.<\/p>\n<p>Capa de micro-camur\u00e7a lav\u00e1vel.<\/p>\n<p>Forro remov\u00edvel.<\/p>\n<p><b><span data-contrast=\"auto\">Dimens\u00f5es do Produto:<\/span><\/b><\/p>\n<p>86cm x 60cm x 30cm<\/p>\n<p><b><span data-contrast=\"auto\">Conte\u00fado:<\/span><\/b><span data-ccp-props=\"{&quot;201341983&quot;:0,&quot;335559739&quot;:160,&quot;335559740&quot;:259}\">\u00a0<\/span><\/p>\n<p>1x Almofada Try-angle<\/p>\n<p>2x Algemas de nylon e velcro.<\/p>\n<p><b><span data-contrast=\"auto\">Materiais:<\/span><\/b><span data-ccp-props=\"{&quot;201341983&quot;:0,&quot;335559739&quot;:160,&quot;335559740&quot;:259}\">\u00a0<\/span><\/p>\n<p class=\"toolbar toolbar-top\"><span class=\"expand-close\">Cobertura de pel\u00facia de veludo, Poli\u00e9ster interior, Espuma, Nylon, Velcro\u00a0<\/span><\/p>\n<p>*Produto dispon\u00edvel apenas para territ\u00f3rio nacional continental.<\/p>","protected":false},"excerpt":{"rendered":"<p>Experimenta as posi\u00e7\u00f5es mais excitantes juntamente com esta conveniente almofada de posi\u00e7\u00e3o de luxo da Whipsmart. Esta almofada de toque suave assegura que mesmo os movimentos mais acrob\u00e1ticos s\u00e3o confort\u00e1veis e podem durar mais tempo. A almofada tem um enchimento remov\u00edvel de espuma firme e a capa lav\u00e1vel tem um acabamento de micro camur\u00e7a de toque suave. Tem um conjunto de algemas ajust\u00e1veis que se podem prender a qualquer um dos lados da almofada.<\/p>\n<p>*Produto dispon\u00edvel apenas para territ\u00f3rio nacional continental.<\/p>","protected":false},"featured_media":5365,"comment_status":"open","ping_status":"closed","template":"","meta":{"_acf_changed":false},"pwb-brand":[346],"product_brand":[],"product_cat":[253],"product_tag":[213,225,226,208,265,417,220,359,219],"class_list":{"0":"post-5363","1":"product","2":"type-product","3":"status-publish","4":"has-post-thumbnail","6":"pwb-brand-whipsmart","7":"product_cat-furniture-and-sex-swings","8":"product_tag-bdsm","9":"product_tag-body","10":"product_tag-cuffs","11":"product_tag-functional-diversity","12":"product_tag-mobility-aid","13":"product_tag-pillow","14":"product_tag-restriction","15":"product_tag-sex-furniture","16":"product_tag-wrists","17":"pa_color-black","18":"nt-post-class","19":"","20":"masonry-item","21":"col-lg-6","29":"first","30":"outofstock","31":"taxable","32":"shipping-taxable","33":"purchasable","34":"product-type-simple","35":"add-to-wishlist-after_add_to_cart"},"acf":[],"brands":[{"id":346,"name":"Whipsmart","slug":"whipsmart"}],"_links":{"self":[{"href":"https:\/\/carmogepereira.pt\/pt\/wp-json\/wp\/v2\/product\/5363","targetHints":{"allow":["GET"]}}],"collection":[{"href":"https:\/\/carmogepereira.pt\/pt\/wp-json\/wp\/v2\/product"}],"about":[{"href":"https:\/\/carmogepereira.pt\/pt\/wp-json\/wp\/v2\/types\/product"}],"replies":[{"embeddable":true,"href":"https:\/\/carmogepereira.pt\/pt\/wp-json\/wp\/v2\/comments?post=5363"}],"version-history":[{"count":0,"href":"https:\/\/carmogepereira.pt\/pt\/wp-json\/wp\/v2\/product\/5363\/revisions"}],"wp:featuredmedia":[{"embeddable":true,"href":"https:\/\/carmogepereira.pt\/pt\/wp-json\/wp\/v2\/media\/5365"}],"wp:attachment":[{"href":"https:\/\/carmogepereira.pt\/pt\/wp-json\/wp\/v2\/media?parent=5363"}],"wp:term":[{"taxonomy":"pwb-brand","embeddable":true,"href":"https:\/\/carmogepereira.pt\/pt\/wp-json\/wp\/v2\/pwb-brand?post=5363"},{"taxonomy":"product_brand","embeddable":true,"href":"https:\/\/carmogepereira.pt\/pt\/wp-json\/wp\/v2\/product_brand?post=5363"},{"taxonomy":"product_cat","embeddable":true,"href":"https:\/\/carmogepereira.pt\/pt\/wp-json\/wp\/v2\/product_cat?post=5363"},{"taxonomy":"product_tag","embeddable":true,"href":"https:\/\/carmogepereira.pt\/pt\/wp-json\/wp\/v2\/product_tag?post=5363"}],"curies":[{"name":"wp","href":"https:\/\/api.w.org\/{rel}","templated":true}]}}