{"id":5366,"date":"2022-09-10T23:35:06","date_gmt":"2022-09-10T23:35:06","guid":{"rendered":"http:\/\/carmogepereira.pt\/vaiserperfeito\/?post_type=product&#038;p=5366"},"modified":"2024-03-01T14:02:15","modified_gmt":"2024-03-01T14:02:15","slug":"wetgamessheet","status":"publish","type":"product","link":"https:\/\/carmogepereira.pt\/pt\/shop\/wetgamessheet\/","title":{"rendered":"WetGames Sheet SexMax"},"content":{"rendered":"<p><strong>Cores:<\/strong><\/p>\n<p>Preto<\/p>\n<p>Branco<\/p>\n<p>Vermelho<\/p>\n<p><b><span data-contrast=\"auto\">Caracter\u00edsticas:<\/span><\/b><span data-ccp-props=\"{&quot;201341983&quot;:0,&quot;335559739&quot;:160,&quot;335559740&quot;:259}\">\u00a0<\/span><\/p>\n<p>F\u00e1cil de por e tirar.<\/p>\n<p>Feito em PVC.<\/p>\n<p>Lav\u00e1vel a 30 graus.<\/p>\n<p>Ideal para jogos escorregadios em companhia.<\/p>\n<p><b><span data-contrast=\"auto\">Dimens\u00f5es do Produto:<\/span><\/b><\/p>\n<p>180cm x 220cm<\/p>\n<p><b><span data-contrast=\"auto\">Conte\u00fado:<\/span><\/b><span data-ccp-props=\"{&quot;201341983&quot;:0,&quot;335559739&quot;:160,&quot;335559740&quot;:259}\">\u00a0<\/span><\/p>\n<p>1x Len\u00e7ol<\/p>\n<p><b><span data-contrast=\"auto\">Materiais:<\/span><\/b><span data-ccp-props=\"{&quot;201341983&quot;:0,&quot;335559739&quot;:160,&quot;335559740&quot;:259}\">\u00a0<\/span><\/p>\n<p>PVC.<\/p>","protected":false},"excerpt":{"rendered":"<p>SEXMAX SABANA \u00e9 um len\u00e7ol deslizante nas cores branco, vermelho ou preto, feito de PVC lav\u00e1vel para desfrutar da cama com jogos escorregadios tanto com \u00e1gua como com \u00f3leo, muito f\u00e1cil de colocar e remover.<\/p>\n<p>As suas medidas s\u00e3o: 180 cm x 220 cm e pode ser lavado num programa delicado at\u00e9 30 graus.<\/p>\n<p>Proteje a tua cama de l\u00edquidos tais como champanhe, g\u00e9is, \u00f3leos de massagem e outros l\u00edquidos - vale tudo!<\/p>","protected":false},"featured_media":5370,"comment_status":"open","ping_status":"closed","template":"","meta":{"_acf_changed":false},"pwb-brand":[344],"product_brand":[],"product_cat":[154],"product_tag":[213,225,430,270,250,268,271],"class_list":{"0":"post-5366","1":"product","2":"type-product","3":"status-publish","4":"has-post-thumbnail","6":"pwb-brand-miscellaneous","7":"product_cat-household-goods","8":"product_tag-bdsm","9":"product_tag-body","10":"product_tag-household-good","11":"product_tag-massage_goody","12":"product_tag-sensory-play","13":"product_tag-sheet","14":"product_tag-water-sports","15":"pa_color-black","16":"pa_color-red","17":"pa_color-white","18":"nt-post-class","19":"","20":"masonry-item","21":"col-lg-6","29":"first","30":"instock","31":"taxable","32":"shipping-taxable","33":"purchasable","34":"product-type-variable","35":"add-to-wishlist-after_add_to_cart"},"acf":[],"brands":[{"id":344,"name":"Variadas","slug":"miscellaneous"}],"_links":{"self":[{"href":"https:\/\/carmogepereira.pt\/pt\/wp-json\/wp\/v2\/product\/5366","targetHints":{"allow":["GET"]}}],"collection":[{"href":"https:\/\/carmogepereira.pt\/pt\/wp-json\/wp\/v2\/product"}],"about":[{"href":"https:\/\/carmogepereira.pt\/pt\/wp-json\/wp\/v2\/types\/product"}],"replies":[{"embeddable":true,"href":"https:\/\/carmogepereira.pt\/pt\/wp-json\/wp\/v2\/comments?post=5366"}],"version-history":[{"count":0,"href":"https:\/\/carmogepereira.pt\/pt\/wp-json\/wp\/v2\/product\/5366\/revisions"}],"wp:featuredmedia":[{"embeddable":true,"href":"https:\/\/carmogepereira.pt\/pt\/wp-json\/wp\/v2\/media\/5370"}],"wp:attachment":[{"href":"https:\/\/carmogepereira.pt\/pt\/wp-json\/wp\/v2\/media?parent=5366"}],"wp:term":[{"taxonomy":"pwb-brand","embeddable":true,"href":"https:\/\/carmogepereira.pt\/pt\/wp-json\/wp\/v2\/pwb-brand?post=5366"},{"taxonomy":"product_brand","embeddable":true,"href":"https:\/\/carmogepereira.pt\/pt\/wp-json\/wp\/v2\/product_brand?post=5366"},{"taxonomy":"product_cat","embeddable":true,"href":"https:\/\/carmogepereira.pt\/pt\/wp-json\/wp\/v2\/product_cat?post=5366"},{"taxonomy":"product_tag","embeddable":true,"href":"https:\/\/carmogepereira.pt\/pt\/wp-json\/wp\/v2\/product_tag?post=5366"}],"curies":[{"name":"wp","href":"https:\/\/api.w.org\/{rel}","templated":true}]}}