{"id":5373,"date":"2022-09-10T23:53:53","date_gmt":"2022-09-10T23:53:53","guid":{"rendered":"http:\/\/carmogepereira.pt\/vaiserperfeito\/?post_type=product&#038;p=5373"},"modified":"2024-09-25T13:48:46","modified_gmt":"2024-09-25T13:48:46","slug":"handvibecleanerdame","status":"publish","type":"product","link":"https:\/\/carmogepereira.pt\/pt\/shop\/handvibecleanerdame\/","title":{"rendered":"Hand and Vibe Cleaner Dame Products"},"content":{"rendered":"<p><b><span data-contrast=\"auto\">Caracter\u00edsticas:<\/span><\/b><span data-ccp-props=\"{&quot;201341983&quot;:0,&quot;335559739&quot;:160,&quot;335559740&quot;:259}\">\u00a0<\/span><\/p>\n<p>Suave na pele sens\u00edvel<\/p>\n<p>Vegan<\/p>\n<p>Comprovado que mata 99,9% de todos os germes.<\/p>\n<p>Livre de glicerina, parabenos, gl\u00faten, petroqu\u00edmicos e a\u00e7\u00facares.<\/p>\n<p>Seguro para utiliza\u00e7\u00e3o com brinquedos sexuais.<\/p>\n<p>*Este produto n\u00e3o cumpre as recomenda\u00e7\u00f5es do CDC para a COVID-19.<\/p>\n<p><b><span data-contrast=\"auto\">Dimens\u00f5es do Produto:<\/span><\/b><\/p>\n<p>60ml<\/p>\n<p><b><span data-contrast=\"auto\">Conte\u00fado:<\/span><\/b><span data-ccp-props=\"{&quot;201341983&quot;:0,&quot;335559739&quot;:160,&quot;335559740&quot;:259}\">\u00a0<\/span><\/p>\n<p>1x Liquido de limpeza de M\u00e3os e Sextoys<\/p>\n<p><strong>Ingredientes:\u00a0<\/strong><\/p>\n<p>\u00c1gua**, \u00c1lcool isoprop\u00edlico, Hamamelis Virginiana (Hamamelis) **, Vitis Vinifera (Uva) Seed Extract**, Citrus Sinensis (Laranja Doce)**, Polissorbato, Mistura de \u00f3leos essenciais**, Gluconolactona**, Benzoato de S\u00f3dio<\/p>\n<p>** Naturalmente derivado<\/p>\n<p><strong>Prazo de validade: <\/strong>24 Meses<\/p>","protected":false},"excerpt":{"rendered":"<p class=\"translation-block\">A gentle yet effective sex toy cleaner clinically proven to kill 99,9% of germs*. With a fresh scent derived from sweet orange, a spritz or two will leave you and your toys ready for pleasure.<br>\r\nHOW TO USE<br>\r\nAs hand cleaner: spray directly onto your hands and rub vigorously until liquid evaporates.<br>\r\nAs toy cleaner: spray directly onto the product, both before use and afterward. Wipe away extra fluid with a clean, dry cloth.<br>\r\nSafe for use on all adult toys: silicone, rubber, latex, plastic, or metal.<br>\r\nCome clean, anywhere. Balancing pleasure with safety is essential nowadays. This portable, versatile cleaner can be spritzed on your hands or toys, inside and outside the bedroom. No water needed!<br>\r\nKind to your body. The formula is vegan, paraben-free, and glycerin-free. It\u2019s safe for your pleasure products and gentle enough for your most sensitive parts.<br>\r\nUnkind to germs.&nbsp;The cleaner is clinically proven to kill 99,9% of bacteria and viruses*\u2014wherever they appear.<\/p>\n<p>*Este produto n\u00e3o cumpre as recomenda\u00e7\u00f5es do CDC para a COVID-19.<\/p>","protected":false},"featured_media":5374,"comment_status":"open","ping_status":"closed","template":"","meta":{"_acf_changed":false},"pwb-brand":[343],"product_brand":[],"product_cat":[154],"product_tag":[225,272,430],"class_list":{"0":"post-5373","1":"product","2":"type-product","3":"status-publish","4":"has-post-thumbnail","6":"pwb-brand-dame","7":"product_cat-household-goods","8":"product_tag-body","9":"product_tag-cleaner","10":"product_tag-household-good","11":"pa_color-blue","12":"nt-post-class","13":"","14":"masonry-item","15":"col-lg-6","23":"first","24":"outofstock","25":"taxable","26":"shipping-taxable","27":"purchasable","28":"product-type-simple","29":"add-to-wishlist-after_add_to_cart"},"acf":[],"brands":[{"id":343,"name":"Dame","slug":"dame"}],"_links":{"self":[{"href":"https:\/\/carmogepereira.pt\/pt\/wp-json\/wp\/v2\/product\/5373","targetHints":{"allow":["GET"]}}],"collection":[{"href":"https:\/\/carmogepereira.pt\/pt\/wp-json\/wp\/v2\/product"}],"about":[{"href":"https:\/\/carmogepereira.pt\/pt\/wp-json\/wp\/v2\/types\/product"}],"replies":[{"embeddable":true,"href":"https:\/\/carmogepereira.pt\/pt\/wp-json\/wp\/v2\/comments?post=5373"}],"version-history":[{"count":0,"href":"https:\/\/carmogepereira.pt\/pt\/wp-json\/wp\/v2\/product\/5373\/revisions"}],"wp:featuredmedia":[{"embeddable":true,"href":"https:\/\/carmogepereira.pt\/pt\/wp-json\/wp\/v2\/media\/5374"}],"wp:attachment":[{"href":"https:\/\/carmogepereira.pt\/pt\/wp-json\/wp\/v2\/media?parent=5373"}],"wp:term":[{"taxonomy":"pwb-brand","embeddable":true,"href":"https:\/\/carmogepereira.pt\/pt\/wp-json\/wp\/v2\/pwb-brand?post=5373"},{"taxonomy":"product_brand","embeddable":true,"href":"https:\/\/carmogepereira.pt\/pt\/wp-json\/wp\/v2\/product_brand?post=5373"},{"taxonomy":"product_cat","embeddable":true,"href":"https:\/\/carmogepereira.pt\/pt\/wp-json\/wp\/v2\/product_cat?post=5373"},{"taxonomy":"product_tag","embeddable":true,"href":"https:\/\/carmogepereira.pt\/pt\/wp-json\/wp\/v2\/product_tag?post=5373"}],"curies":[{"name":"wp","href":"https:\/\/api.w.org\/{rel}","templated":true}]}}