{"id":5376,"date":"2022-09-11T00:12:52","date_gmt":"2022-09-11T00:12:52","guid":{"rendered":"http:\/\/carmogepereira.pt\/vaiserperfeito\/?post_type=product&#038;p=5376"},"modified":"2024-03-01T14:02:11","modified_gmt":"2024-03-01T14:02:11","slug":"stashtoypouchdame","status":"publish","type":"product","link":"https:\/\/carmogepereira.pt\/pt\/shop\/stashtoypouchdame\/","title":{"rendered":"Sky Stash Toy Pouch Dame Products"},"content":{"rendered":"<p><b><span data-contrast=\"auto\">Caracter\u00edsticas:<\/span><\/b><span data-ccp-props=\"{&quot;201341983&quot;:0,&quot;335559739&quot;:160,&quot;335559740&quot;:259}\">\u00a0<\/span><\/p>\n<p>Lav\u00e1vel \u00e0 m\u00e1quina<\/p>\n<p>Encerra com fecho de correr.<\/p>\n<p>3 Bolsos + 2 La\u00e7os El\u00e1sticos.<\/p>\n<p><b><span data-contrast=\"auto\">Dimens\u00f5es do Produto:<\/span><\/b><\/p>\n<p>22.9cm x 7.6cm x12.7cm<\/p>\n<p><b><span data-contrast=\"auto\">Conte\u00fado:<\/span><\/b><span data-ccp-props=\"{&quot;201341983&quot;:0,&quot;335559739&quot;:160,&quot;335559740&quot;:259}\">\u00a0<\/span><\/p>\n<p>1x Bolsa de brinquedos Stash<\/p>\n<p><b><span data-contrast=\"auto\">Materiais:<\/span><\/b><span data-ccp-props=\"{&quot;201341983&quot;:0,&quot;335559739&quot;:160,&quot;335559740&quot;:259}\">\u00a0<\/span><\/p>\n<p class=\"toolbar toolbar-top\">100% Algod\u00e3o.<\/p>","protected":false},"excerpt":{"rendered":"<p>Stash \u00e9 uma bolsa com fecho de correr para manter as tuas coisas sensuais essenciais \u00e0 m\u00e3o. Os seus bolsos interiores e el\u00e1sticos mant\u00eam os teus brinquedos, cabos e preservativos organizados, enquanto que o seu forro resistente a manchas assegura uma arruma\u00e7\u00e3o livre de manchas quando est\u00e1s em movimento.<\/p>\n<p>Pr\u00f3ximo da divindade: lav\u00e1vel \u00e0 m\u00e1quina e com um forro interior resistente a manchas, mantendo-te a salvo de passageiros clandestinos indesejados.<\/p>\n<p>Tudo numa s\u00f3 bolsa: com v\u00e1rios bolsos interiores e el\u00e1sticos, tornando-a perfeita para separar e organizar os teus brinquedos, lubrificantes, preservativos, cabos de carregamento, e tokens de arcade.<\/p>\n<p>Fecha antes de imergir: um fecho de correr dur\u00e1vel e resistente e uma conveniente tira para o pulso fazem da Stash uma viajante experiente. N\u00e3o inclui a verifica\u00e7\u00e3o pr\u00e9via da TSA.<\/p>","protected":false},"featured_media":5377,"comment_status":"open","ping_status":"closed","template":"","meta":{"_acf_changed":false},"pwb-brand":[343],"product_brand":[],"product_cat":[154],"product_tag":[430,274],"class_list":{"0":"post-5376","1":"product","2":"type-product","3":"status-publish","4":"has-post-thumbnail","6":"pwb-brand-dame","7":"product_cat-household-goods","8":"product_tag-household-good","9":"product_tag-storage","10":"pa_color-light-blue","11":"pa_color-white","12":"nt-post-class","13":"","14":"masonry-item","15":"col-lg-6","23":"first","24":"instock","25":"taxable","26":"shipping-taxable","27":"purchasable","28":"product-type-simple","29":"add-to-wishlist-after_add_to_cart"},"acf":[],"brands":[{"id":343,"name":"Dame","slug":"dame"}],"_links":{"self":[{"href":"https:\/\/carmogepereira.pt\/pt\/wp-json\/wp\/v2\/product\/5376","targetHints":{"allow":["GET"]}}],"collection":[{"href":"https:\/\/carmogepereira.pt\/pt\/wp-json\/wp\/v2\/product"}],"about":[{"href":"https:\/\/carmogepereira.pt\/pt\/wp-json\/wp\/v2\/types\/product"}],"replies":[{"embeddable":true,"href":"https:\/\/carmogepereira.pt\/pt\/wp-json\/wp\/v2\/comments?post=5376"}],"version-history":[{"count":0,"href":"https:\/\/carmogepereira.pt\/pt\/wp-json\/wp\/v2\/product\/5376\/revisions"}],"wp:featuredmedia":[{"embeddable":true,"href":"https:\/\/carmogepereira.pt\/pt\/wp-json\/wp\/v2\/media\/5377"}],"wp:attachment":[{"href":"https:\/\/carmogepereira.pt\/pt\/wp-json\/wp\/v2\/media?parent=5376"}],"wp:term":[{"taxonomy":"pwb-brand","embeddable":true,"href":"https:\/\/carmogepereira.pt\/pt\/wp-json\/wp\/v2\/pwb-brand?post=5376"},{"taxonomy":"product_brand","embeddable":true,"href":"https:\/\/carmogepereira.pt\/pt\/wp-json\/wp\/v2\/product_brand?post=5376"},{"taxonomy":"product_cat","embeddable":true,"href":"https:\/\/carmogepereira.pt\/pt\/wp-json\/wp\/v2\/product_cat?post=5376"},{"taxonomy":"product_tag","embeddable":true,"href":"https:\/\/carmogepereira.pt\/pt\/wp-json\/wp\/v2\/product_tag?post=5376"}],"curies":[{"name":"wp","href":"https:\/\/api.w.org\/{rel}","templated":true}]}}