{"id":5505,"date":"2022-09-11T22:49:02","date_gmt":"2022-09-11T22:49:02","guid":{"rendered":"http:\/\/carmogepereira.pt\/vaiserperfeito\/?post_type=product&#038;p=5505"},"modified":"2025-05-22T16:49:14","modified_gmt":"2025-05-22T16:49:14","slug":"heroinelingerieharnesssom","status":"publish","type":"product","link":"https:\/\/carmogepereira.pt\/pt\/shop\/heroinelingerieharnesssom\/","title":{"rendered":"Heroine Lingerie Harness Strap On Me"},"content":{"rendered":"<p><strong>Tamanhos:<\/strong><\/p>\n<p>S, M, L, XL, XXL<\/p>\n<p><b><span data-contrast=\"auto\">Caracter\u00edsticas:<\/span><\/b><span data-ccp-props=\"{&quot;201341983&quot;:0,&quot;335559739&quot;:160,&quot;335559740&quot;:259}\">\u00a0<\/span><\/p>\n<p>Fabricado com tule e microfibra.<\/p>\n<p>Compat\u00edvel com dildos.<\/p>\n<p>Cinto el\u00e1stico.<\/p>\n<p>Efeito de segunda pele.<\/p>\n<p>Lav\u00e1vel \u00e0 m\u00e1quina.<\/p>\n<p><b><span data-contrast=\"auto\">Dimens\u00f5es do Produto:<\/span><\/b><\/p>\n<p>S 62cm-66cm Ancas 88cm-91cm<\/p>\n<p>M 67cm-70cm Ancas 92cm-95cm<\/p>\n<p>L 71cm-74cm Ancas 96cm-100cm<\/p>\n<p>XL 75cm-78cm Ancas 101-104cm<\/p>\n<p>XXL 79cm-82cm Ancas 105-108cm<\/p>\n<p><b><span data-contrast=\"auto\">Conte\u00fado:<\/span><\/b><\/p>\n<p><span data-ccp-props=\"{&quot;201341983&quot;:0,&quot;335559739&quot;:160,&quot;335559740&quot;:259}\">Heroine Lingerie Harness <\/span><\/p>\n<p><b><span data-contrast=\"auto\">Materiais:<\/span><\/b><span data-ccp-props=\"{&quot;201341983&quot;:0,&quot;335559739&quot;:160,&quot;335559740&quot;:259}\">\u00a0<\/span><\/p>\n<p>Tule e Microfibra<\/p>\n<p>Tecido: nylon (75%), elastano (25%)<br \/>\nTule: nylon (62%), elastano (38%)<\/p>","protected":false},"excerpt":{"rendered":"<p>De frente, este Strap-on parece simples e confort\u00e1vel com a sua cinta el\u00e1stica e f\u00e1cil moldagem ao corpo. Quando visto de tr\u00e1s, Heroine \u00e9 transformado em lingerie com as suas al\u00e7as ajust\u00e1veis. F\u00e1cil de usar, s\u00f3 demora alguns segundos para colocares o teu dildo de elei\u00e7\u00e3o sem que percas a excita\u00e7\u00e3o e o desejo de provares novos jogos.<\/p>\n<p>Deixa a tua imagina\u00e7\u00e3o andar desenfreada e atreve-te a todo o tipo de pr\u00e1ticas. Aceita o poder de escolher se recebes ou d\u00e1s um est\u00edmulo interno intenso! Compat\u00edvel com todos os dildos, oferecendo-te uma combina\u00e7\u00e3o infind\u00e1vel para as tuas pr\u00e1ticas.<\/p>\n<p>Vamos mudar a moral, strap-ons s\u00e3o para pessoas aventureiras \u00e0 procura de novas sensa\u00e7\u00f5es! Sim, estimades aventureires, \u00e9 um acess\u00f3rio de prazer. O \u00fanico limite \u00e9 a imagina\u00e7\u00e3o.<\/p>\n<p>Atreve-te e abre caminho para todas as tuas fantasias !<\/p>","protected":false},"featured_media":5511,"comment_status":"open","ping_status":"closed","template":"","meta":{"_acf_changed":false},"pwb-brand":[333],"product_brand":[],"product_cat":[113,114],"product_tag":[225,209,211],"class_list":{"0":"post-5505","1":"product","2":"type-product","3":"status-publish","4":"has-post-thumbnail","6":"pwb-brand-strap-on-me","7":"product_cat-accessorieskink","8":"product_cat-straponharness","9":"product_tag-body","10":"product_tag-strap-on","11":"product_tag-straponharness","12":"pa_color-black","13":"pa_size-s","14":"pa_size-m","15":"pa_size-l","16":"pa_size-xl","17":"pa_size-xxl","18":"nt-post-class","19":"","20":"masonry-item","21":"col-lg-6","29":"first","30":"outofstock","31":"taxable","32":"shipping-taxable","33":"purchasable","34":"product-type-variable","35":"add-to-wishlist-after_add_to_cart"},"acf":[],"brands":[{"id":333,"name":"Strap-on-me","slug":"strap-on-me"}],"_links":{"self":[{"href":"https:\/\/carmogepereira.pt\/pt\/wp-json\/wp\/v2\/product\/5505","targetHints":{"allow":["GET"]}}],"collection":[{"href":"https:\/\/carmogepereira.pt\/pt\/wp-json\/wp\/v2\/product"}],"about":[{"href":"https:\/\/carmogepereira.pt\/pt\/wp-json\/wp\/v2\/types\/product"}],"replies":[{"embeddable":true,"href":"https:\/\/carmogepereira.pt\/pt\/wp-json\/wp\/v2\/comments?post=5505"}],"version-history":[{"count":0,"href":"https:\/\/carmogepereira.pt\/pt\/wp-json\/wp\/v2\/product\/5505\/revisions"}],"wp:featuredmedia":[{"embeddable":true,"href":"https:\/\/carmogepereira.pt\/pt\/wp-json\/wp\/v2\/media\/5511"}],"wp:attachment":[{"href":"https:\/\/carmogepereira.pt\/pt\/wp-json\/wp\/v2\/media?parent=5505"}],"wp:term":[{"taxonomy":"pwb-brand","embeddable":true,"href":"https:\/\/carmogepereira.pt\/pt\/wp-json\/wp\/v2\/pwb-brand?post=5505"},{"taxonomy":"product_brand","embeddable":true,"href":"https:\/\/carmogepereira.pt\/pt\/wp-json\/wp\/v2\/product_brand?post=5505"},{"taxonomy":"product_cat","embeddable":true,"href":"https:\/\/carmogepereira.pt\/pt\/wp-json\/wp\/v2\/product_cat?post=5505"},{"taxonomy":"product_tag","embeddable":true,"href":"https:\/\/carmogepereira.pt\/pt\/wp-json\/wp\/v2\/product_tag?post=5505"}],"curies":[{"name":"wp","href":"https:\/\/api.w.org\/{rel}","templated":true}]}}