{"id":5721,"date":"2022-09-17T15:49:54","date_gmt":"2022-09-17T15:49:54","guid":{"rendered":"http:\/\/carmogepereira.pt\/vaiserperfeito\/?post_type=product&#038;p=5721"},"modified":"2025-12-13T09:28:46","modified_gmt":"2025-12-13T09:28:46","slug":"curiousharnesssom","status":"publish","type":"product","link":"https:\/\/carmogepereira.pt\/pt\/shop\/curiousharnesssom\/","title":{"rendered":"Curious Harness Strap On Me"},"content":{"rendered":"<p><b><span data-contrast=\"auto\">Caracter\u00edsticas:<\/span><\/b><span data-ccp-props=\"{&quot;201341983&quot;:0,&quot;335559739&quot;:160,&quot;335559740&quot;:259}\">\u00a0<\/span><\/p>\n<p>Leatherette<\/p>\n<p>Compat\u00edvel com dildos<\/p>\n<p>Cintura e correias ajust\u00e1veis<\/p>\n<p>Costas acolchoadas para maior conforto<\/p>\n<p><b><span data-contrast=\"auto\">Dimens\u00f5es do Produto:<\/span><\/b><\/p>\n<p>Cintura 41cm - 52cm<\/p>\n<p>Perna 17.5cm \u2013 23.5cm<\/p>\n<p><b><span data-contrast=\"auto\">Conte\u00fado:<\/span><\/b><span data-ccp-props=\"{&quot;201341983&quot;:0,&quot;335559739&quot;:160,&quot;335559740&quot;:259}\">\u00a0<\/span><\/p>\n<p>1x Harness Curious Strap On Me<\/p>\n<p><b><span data-contrast=\"auto\">Materiais:<\/span><\/b><span data-ccp-props=\"{&quot;201341983&quot;:0,&quot;335559739&quot;:160,&quot;335559740&quot;:259}\">\u00a0<\/span><\/p>\n<p class=\"toolbar toolbar-top\"><span class=\"expand-close\"> Poliuretano (92%), Silicone (5%), Metal (3%)<\/span><\/p>","protected":false},"excerpt":{"rendered":"<p>Curious Strap-on-me com o seu design \u00fanico ir\u00e1 deliciar-vos com a sua simplicidade e conforto de utiliza\u00e7\u00e3o. O seu sistema de fecho de velcro nas costas e a sua correia ajust\u00e1vel na coxa tornam-no muito pr\u00e1tico de colocar e utilizar.<\/p>\n<p>Tamb\u00e9m vais adorar a facilidade com que consegues inserir o dildo escolhido na banda el\u00e1stica!<\/p>\n<p>Vamos mudar a moral, strap-ons s\u00e3o para pessoas aventureiras \u00e0 procura de novas sensa\u00e7\u00f5es! Sim, estimades aventureires, \u00e9 um acess\u00f3rio de prazer. O \u00fanico limite \u00e9 a imagina\u00e7\u00e3o.<\/p>\n<p>Atreve-te e abre caminho para todas as tuas fantasias !<\/p>","protected":false},"featured_media":5723,"comment_status":"open","ping_status":"closed","template":"","meta":{"_acf_changed":false},"pwb-brand":[333],"product_brand":[],"product_cat":[113,114],"product_tag":[225,209,211],"class_list":{"0":"post-5721","1":"product","2":"type-product","3":"status-publish","4":"has-post-thumbnail","6":"pwb-brand-strap-on-me","7":"product_cat-accessorieskink","8":"product_cat-straponharness","9":"product_tag-body","10":"product_tag-strap-on","11":"product_tag-straponharness","12":"pa_color-black","13":"pa_color-light-brown","14":"nt-post-class","15":"","16":"masonry-item","17":"col-lg-6","25":"first","26":"outofstock","27":"taxable","28":"shipping-taxable","29":"purchasable","30":"product-type-simple","31":"add-to-wishlist-after_add_to_cart"},"acf":[],"brands":[{"id":333,"name":"Strap-on-me","slug":"strap-on-me"}],"_links":{"self":[{"href":"https:\/\/carmogepereira.pt\/pt\/wp-json\/wp\/v2\/product\/5721","targetHints":{"allow":["GET"]}}],"collection":[{"href":"https:\/\/carmogepereira.pt\/pt\/wp-json\/wp\/v2\/product"}],"about":[{"href":"https:\/\/carmogepereira.pt\/pt\/wp-json\/wp\/v2\/types\/product"}],"replies":[{"embeddable":true,"href":"https:\/\/carmogepereira.pt\/pt\/wp-json\/wp\/v2\/comments?post=5721"}],"version-history":[{"count":0,"href":"https:\/\/carmogepereira.pt\/pt\/wp-json\/wp\/v2\/product\/5721\/revisions"}],"wp:featuredmedia":[{"embeddable":true,"href":"https:\/\/carmogepereira.pt\/pt\/wp-json\/wp\/v2\/media\/5723"}],"wp:attachment":[{"href":"https:\/\/carmogepereira.pt\/pt\/wp-json\/wp\/v2\/media?parent=5721"}],"wp:term":[{"taxonomy":"pwb-brand","embeddable":true,"href":"https:\/\/carmogepereira.pt\/pt\/wp-json\/wp\/v2\/pwb-brand?post=5721"},{"taxonomy":"product_brand","embeddable":true,"href":"https:\/\/carmogepereira.pt\/pt\/wp-json\/wp\/v2\/product_brand?post=5721"},{"taxonomy":"product_cat","embeddable":true,"href":"https:\/\/carmogepereira.pt\/pt\/wp-json\/wp\/v2\/product_cat?post=5721"},{"taxonomy":"product_tag","embeddable":true,"href":"https:\/\/carmogepereira.pt\/pt\/wp-json\/wp\/v2\/product_tag?post=5721"}],"curies":[{"name":"wp","href":"https:\/\/api.w.org\/{rel}","templated":true}]}}