{"id":5735,"date":"2022-09-17T17:33:31","date_gmt":"2022-09-17T17:33:31","guid":{"rendered":"http:\/\/carmogepereira.pt\/vaiserperfeito\/?post_type=product&#038;p=5735"},"modified":"2024-12-14T13:13:00","modified_gmt":"2024-12-14T13:13:00","slug":"ilubytaurajwrl","status":"publish","type":"product","link":"https:\/\/carmogepereira.pt\/pt\/shop\/ilubytaurajwrl\/","title":{"rendered":"ilu By Taura JWRL"},"content":{"rendered":"<p><strong>Modelos:<\/strong><\/p>\n<p>Ilu Colar de Prata Esterlina<\/p>\n<p><b><span data-contrast=\"auto\">Caracter\u00edsticas:<\/span><\/b><span data-ccp-props=\"{&quot;201341983&quot;:0,&quot;335559739&quot;:160,&quot;335559740&quot;:259}\">\u00a0<\/span><\/p>\n<p>Pe\u00e7a \u00fanica<\/p>\n<p><b><span data-contrast=\"auto\">Dimens\u00f5es do Produto:<\/span><\/b><\/p>\n<p>44cm<\/p>\n<p><b><span data-contrast=\"auto\">Conte\u00fado:<\/span><\/b><span data-ccp-props=\"{&quot;201341983&quot;:0,&quot;335559739&quot;:160,&quot;335559740&quot;:259}\">\u00a0<\/span><\/p>\n<p>Ilu Colar de Prata Esterlina<\/p>\n<p><b><span data-contrast=\"auto\">Materiais:<\/span><\/b><span data-ccp-props=\"{&quot;201341983&quot;:0,&quot;335559739&quot;:160,&quot;335559740&quot;:259}\">\u00a0<\/span><\/p>\n<p class=\"toolbar toolbar-top\"><span class=\"expand-close\">100% prata esterlina 925<\/span><\/p>","protected":false},"excerpt":{"rendered":"<p>Colar de prata esterlina 925 com o pronome neutro ilu.<\/p>\n<p>LUCIANA ROEDEL \/ TAURA: artes\u00e3 e joalheira se artes\u00e3, grrrrll revoltada e feminista irada de nascen\u00e7a.<\/p>\n<p>pe\u00e7a \u00fanica<\/p>\n<p><span data-tt=\"{&quot;paragraphStyle&quot;:{&quot;alignment&quot;:4}}\">Taura_jwrl \u2013\u00a0 https:\/\/www.instagram.com\/taura_jwlr\/<\/span><\/p>","protected":false},"featured_media":5736,"comment_status":"open","ping_status":"closed","template":"","meta":{"_acf_changed":false},"pwb-brand":[370],"product_brand":[],"product_cat":[113,115],"product_tag":[242,237],"class_list":{"0":"post-5735","1":"product","2":"type-product","3":"status-publish","4":"has-post-thumbnail","6":"pwb-brand-taura-jwlr","7":"product_cat-accessorieskink","8":"product_cat-jewelry","9":"product_tag-jewelry","10":"product_tag-necklace","11":"nt-post-class","12":"","13":"masonry-item","14":"col-lg-6","22":"first","23":"outofstock","24":"taxable","25":"shipping-taxable","26":"purchasable","27":"product-type-simple","28":"add-to-wishlist-after_add_to_cart"},"acf":[],"brands":[{"id":370,"name":"TAURA_JWLR","slug":"taura-jwlr"}],"_links":{"self":[{"href":"https:\/\/carmogepereira.pt\/pt\/wp-json\/wp\/v2\/product\/5735","targetHints":{"allow":["GET"]}}],"collection":[{"href":"https:\/\/carmogepereira.pt\/pt\/wp-json\/wp\/v2\/product"}],"about":[{"href":"https:\/\/carmogepereira.pt\/pt\/wp-json\/wp\/v2\/types\/product"}],"replies":[{"embeddable":true,"href":"https:\/\/carmogepereira.pt\/pt\/wp-json\/wp\/v2\/comments?post=5735"}],"version-history":[{"count":0,"href":"https:\/\/carmogepereira.pt\/pt\/wp-json\/wp\/v2\/product\/5735\/revisions"}],"wp:featuredmedia":[{"embeddable":true,"href":"https:\/\/carmogepereira.pt\/pt\/wp-json\/wp\/v2\/media\/5736"}],"wp:attachment":[{"href":"https:\/\/carmogepereira.pt\/pt\/wp-json\/wp\/v2\/media?parent=5735"}],"wp:term":[{"taxonomy":"pwb-brand","embeddable":true,"href":"https:\/\/carmogepereira.pt\/pt\/wp-json\/wp\/v2\/pwb-brand?post=5735"},{"taxonomy":"product_brand","embeddable":true,"href":"https:\/\/carmogepereira.pt\/pt\/wp-json\/wp\/v2\/product_brand?post=5735"},{"taxonomy":"product_cat","embeddable":true,"href":"https:\/\/carmogepereira.pt\/pt\/wp-json\/wp\/v2\/product_cat?post=5735"},{"taxonomy":"product_tag","embeddable":true,"href":"https:\/\/carmogepereira.pt\/pt\/wp-json\/wp\/v2\/product_tag?post=5735"}],"curies":[{"name":"wp","href":"https:\/\/api.w.org\/{rel}","templated":true}]}}