{"id":5785,"date":"2022-10-03T01:27:48","date_gmt":"2022-10-03T01:27:48","guid":{"rendered":"http:\/\/carmogepereira.pt\/vaiserperfeito\/?post_type=product&#038;p=5785"},"modified":"2024-03-01T14:06:11","modified_gmt":"2024-03-01T14:06:11","slug":"monterostrap-on","status":"publish","type":"product","link":"https:\/\/carmogepereira.pt\/pt\/shop\/monterostrap-on\/","title":{"rendered":"Montero Strap On Sportsheets"},"content":{"rendered":"<p><b><span data-contrast=\"auto\">Caracter\u00edsticas:<\/span><\/b><span data-ccp-props=\"{&quot;201341983&quot;:0,&quot;335559739&quot;:160,&quot;335559740&quot;:259}\">\u00a0<\/span><\/p>\n<p><span data-contrast=\"auto\">Tem encaixes que ir\u00e3o acomodar uma variedade de tamanhos de O Ring.<\/span><span data-ccp-props=\"{&quot;134233279&quot;:true,&quot;201341983&quot;:0,&quot;335559739&quot;:160,&quot;335559740&quot;:259}\">\u00a0.<\/span><\/p>\n<p><span data-contrast=\"auto\">Pode ser usado com a maioria dos dildos.<\/span><\/p>\n<p><span data-contrast=\"auto\">Vem com um O Ring de 5.08cm permut\u00e1vel.<\/span><\/p>\n<p><span data-contrast=\"auto\">As correias ajust\u00e1veis de 4 dire\u00e7\u00f5es est\u00e3o especialmente posicionadas para evitar beliscar o escroto ou virilha.<\/span><span data-ccp-props=\"{&quot;134233279&quot;:true,&quot;201341983&quot;:0,&quot;335559739&quot;:160,&quot;335559740&quot;:259}\">\u00a0<\/span><\/p>\n<p><span data-contrast=\"auto\">Conjuga-se com dildos inser\u00edveis e O Rings intercambi\u00e1veis.<\/span><\/p>\n<p>*Dildo n\u00e3o inclu\u00eddo.<\/p>\n<p><b><span data-contrast=\"auto\">Dimens\u00f5es do Produto:<\/span><\/b><\/p>\n<p><span data-contrast=\"none\">Adapta-se a ancas at\u00e9 175.3cm<\/span><\/p>\n<p><span data-ccp-props=\"{&quot;134233279&quot;:true,&quot;201341983&quot;:0,&quot;335559739&quot;:160,&quot;335559740&quot;:259}\">O-Rings 5.08cm<\/span><\/p>\n<p><b><span data-contrast=\"auto\">Conte\u00fado:<\/span><\/b><span data-ccp-props=\"{&quot;201341983&quot;:0,&quot;335559739&quot;:160,&quot;335559740&quot;:259}\">\u00a0<\/span><\/p>\n<p>1x Strap-on.<\/p>\n<p><b><span data-contrast=\"auto\">Materiais<\/span><\/b><b><span data-contrast=\"auto\">:<\/span><\/b><\/p>\n<p>80% Poliuretano, 20% Metal isento de n\u00edquel.<\/p>","protected":false},"excerpt":{"rendered":"<p>Sabe mesmo bem ficar t\u00e3o bem. Nunca se saberia ao toc\u00e1-lo, mas o Sportsheets\u00ae MONTERO STRAP ON \u00e9 couro falso. O material forte e espesso faz deste strap-on resistente mantendo-se simples de usar, garantindo que a fun\u00e7\u00e3o \u00e9 fundamental. Os toques de ferragens prateadas fazem com que esta arn\u00eas tenha um aspecto de parar o tr\u00e2nsito. O material em excesso da correia pode ser cuidadosamente cortado mais curto, personalizando para o teu tipo de corpo. Adiciona um Bumpher para conferir ainda mais estabilidade durante a trac\u00e7\u00e3o e penetra\u00e7\u00e3o.<\/p>\n<p>Como usar:\u00a0Desliza para dentro do Strap-on Montero, \u00e9 ajust\u00e1vel e servir\u00e1 a maioria das pessoas. Assim que estiveres confort\u00e1vel, aplica lubrificante e desfruta com quem te acompanha. Com o dildo colocado no arn\u00eas, veste o arn\u00eas... uma perna de cada vez.\u00a0Puxa para cima \u00e0 volta da cintura.\u00a0Puxa ambas as correias da cintura e das pernas para ajustar.\u00a0Ajusta o bloco central e o dildo.<\/p>\n<p>*Dildo N\u00e3o Inclu\u00eddo.<\/p>","protected":false},"featured_media":5786,"comment_status":"open","ping_status":"closed","template":"","meta":{"_acf_changed":false},"pwb-brand":[347],"product_brand":[],"product_cat":[113,114],"product_tag":[225,209,211],"class_list":{"0":"post-5785","1":"product","2":"type-product","3":"status-publish","4":"has-post-thumbnail","6":"pwb-brand-sportsheets","7":"product_cat-accessorieskink","8":"product_cat-straponharness","9":"product_tag-body","10":"product_tag-strap-on","11":"product_tag-straponharness","12":"pa_color-black","13":"nt-post-class","14":"","15":"masonry-item","16":"col-lg-6","24":"first","25":"instock","26":"taxable","27":"shipping-taxable","28":"purchasable","29":"product-type-simple","30":"add-to-wishlist-after_add_to_cart"},"acf":[],"brands":[{"id":347,"name":"Sportsheets","slug":"sportsheets"}],"_links":{"self":[{"href":"https:\/\/carmogepereira.pt\/pt\/wp-json\/wp\/v2\/product\/5785","targetHints":{"allow":["GET"]}}],"collection":[{"href":"https:\/\/carmogepereira.pt\/pt\/wp-json\/wp\/v2\/product"}],"about":[{"href":"https:\/\/carmogepereira.pt\/pt\/wp-json\/wp\/v2\/types\/product"}],"replies":[{"embeddable":true,"href":"https:\/\/carmogepereira.pt\/pt\/wp-json\/wp\/v2\/comments?post=5785"}],"version-history":[{"count":0,"href":"https:\/\/carmogepereira.pt\/pt\/wp-json\/wp\/v2\/product\/5785\/revisions"}],"wp:featuredmedia":[{"embeddable":true,"href":"https:\/\/carmogepereira.pt\/pt\/wp-json\/wp\/v2\/media\/5786"}],"wp:attachment":[{"href":"https:\/\/carmogepereira.pt\/pt\/wp-json\/wp\/v2\/media?parent=5785"}],"wp:term":[{"taxonomy":"pwb-brand","embeddable":true,"href":"https:\/\/carmogepereira.pt\/pt\/wp-json\/wp\/v2\/pwb-brand?post=5785"},{"taxonomy":"product_brand","embeddable":true,"href":"https:\/\/carmogepereira.pt\/pt\/wp-json\/wp\/v2\/product_brand?post=5785"},{"taxonomy":"product_cat","embeddable":true,"href":"https:\/\/carmogepereira.pt\/pt\/wp-json\/wp\/v2\/product_cat?post=5785"},{"taxonomy":"product_tag","embeddable":true,"href":"https:\/\/carmogepereira.pt\/pt\/wp-json\/wp\/v2\/product_tag?post=5785"}],"curies":[{"name":"wp","href":"https:\/\/api.w.org\/{rel}","templated":true}]}}