{"id":5802,"date":"2022-10-03T01:47:09","date_gmt":"2022-10-03T01:47:09","guid":{"rendered":"http:\/\/carmogepereira.pt\/vaiserperfeito\/?post_type=product&#038;p=5802"},"modified":"2024-03-01T14:10:35","modified_gmt":"2024-03-01T14:10:35","slug":"menageatrois-strapon","status":"publish","type":"product","link":"https:\/\/carmogepereira.pt\/pt\/shop\/menageatrois-strapon\/","title":{"rendered":"M\u00e9nage \u00e0 Trois Strap On Sportsheets"},"content":{"rendered":"<p><b><span data-contrast=\"auto\">Caracter\u00edsticas:<\/span><\/b><\/p>\n<p><span data-ccp-props=\"{&quot;201341983&quot;:0,&quot;335559739&quot;:160,&quot;335559740&quot;:259}\">M\u00e3os livres de dupla penetra\u00e7\u00e3o sem a introdu\u00e7\u00e3o de uma terceira pessoa. <\/span><\/p>\n<p><span data-ccp-props=\"{&quot;201341983&quot;:0,&quot;335559739&quot;:160,&quot;335559740&quot;:259}\">Arn\u00eas ajust\u00e1vel, estilo tanga.<\/span><\/p>\n<p><span data-ccp-props=\"{&quot;201341983&quot;:0,&quot;335559739&quot;:160,&quot;335559740&quot;:259}\">Com um dildo de silicone, dois an\u00e9is de nitrilo intercambi\u00e1veis e dois an\u00e9is de metal intercambi\u00e1veis. <\/span><\/p>\n<p><span data-ccp-props=\"{&quot;201341983&quot;:0,&quot;335559739&quot;:160,&quot;335559740&quot;:259}\">Usa dois dildos ou inserir os teus genitais num dos an\u00e9is.<\/span><\/p>\n<p><b><span data-contrast=\"auto\">Dimens\u00f5es do Produto:<\/span><\/b><\/p>\n<p>Dildo 14.61cm<\/p>\n<p>O-rings de metal com 4.4cm e 3.84cm de di\u00e2metro.<\/p>\n<p>O-rings de nitrilo 5cm e 4.5cm.<\/p>\n<p>Correias ajust\u00e1veis servem at\u00e9 152cm de ancas.<\/p>\n<p><b><span data-contrast=\"auto\">Conte\u00fado:<\/span><\/b><span data-ccp-props=\"{&quot;201341983&quot;:0,&quot;335559739&quot;:160,&quot;335559740&quot;:259}\">\u00a0<\/span><\/p>\n<p>1x Dildo de Silicone.<\/p>\n<p>1x Arn\u00eas Strap-on.<\/p>\n<p>2x An\u00e9is de Nitrilo.<\/p>\n<p>2x An\u00e9is de Metal.<\/p>\n<p><b><span data-contrast=\"auto\">Materiais:<\/span><\/b><\/p>\n<p>Correias de nylon, Ferragens de metal sem n\u00edquel, Ferragens pl\u00e1sticas, Ferragens de lat\u00e3o, O-Rings de nitrilo, Dildo de silicone.<\/p>","protected":false},"excerpt":{"rendered":"<p>Quebra as barreiras das tuas fantasias mais maliciosas com o Menage A Trois Strap On. Agora poder\u00e1s encenar o arrebatamento risqu\u00e9 da dupla penetra\u00e7\u00e3o sem introduzir uma terceira pessoa na rela\u00e7\u00e3o. O arn\u00eas ajust\u00e1vel, estilo tanga vem com um dildo de silicone, dois an\u00e9is de nitrilo intercambi\u00e1veis, e dois an\u00e9is de metal intercambi\u00e1veis. Tu e a tua pessoa amante v\u00e3o ter tudo o que precisam para criar a fantasia perfeita de uma trois, mantendo-se ao mesmo tempo a zona de conforto e permanecendo estreitamente ligados. Come\u00e7a pequeno e progride at\u00e9 um dildo mais longo e grosso com os an\u00e9is O vers\u00e1teis e adapt\u00e1veis. Usa dois dildos ou insere os teus genitais num dos an\u00e9is.<\/p>","protected":false},"featured_media":5806,"comment_status":"open","ping_status":"closed","template":"","meta":{"_acf_changed":false},"pwb-brand":[347],"product_brand":[],"product_cat":[113,114],"product_tag":[225,209,211],"class_list":{"0":"post-5802","1":"product","2":"type-product","3":"status-publish","4":"has-post-thumbnail","6":"pwb-brand-sportsheets","7":"product_cat-accessorieskink","8":"product_cat-straponharness","9":"product_tag-body","10":"product_tag-strap-on","11":"product_tag-straponharness","12":"pa_color-black","13":"pa_color-red","14":"nt-post-class","15":"","16":"masonry-item","17":"col-lg-6","25":"first","26":"instock","27":"taxable","28":"shipping-taxable","29":"purchasable","30":"product-type-simple","31":"add-to-wishlist-after_add_to_cart"},"acf":[],"brands":[{"id":347,"name":"Sportsheets","slug":"sportsheets"}],"_links":{"self":[{"href":"https:\/\/carmogepereira.pt\/pt\/wp-json\/wp\/v2\/product\/5802","targetHints":{"allow":["GET"]}}],"collection":[{"href":"https:\/\/carmogepereira.pt\/pt\/wp-json\/wp\/v2\/product"}],"about":[{"href":"https:\/\/carmogepereira.pt\/pt\/wp-json\/wp\/v2\/types\/product"}],"replies":[{"embeddable":true,"href":"https:\/\/carmogepereira.pt\/pt\/wp-json\/wp\/v2\/comments?post=5802"}],"version-history":[{"count":0,"href":"https:\/\/carmogepereira.pt\/pt\/wp-json\/wp\/v2\/product\/5802\/revisions"}],"wp:featuredmedia":[{"embeddable":true,"href":"https:\/\/carmogepereira.pt\/pt\/wp-json\/wp\/v2\/media\/5806"}],"wp:attachment":[{"href":"https:\/\/carmogepereira.pt\/pt\/wp-json\/wp\/v2\/media?parent=5802"}],"wp:term":[{"taxonomy":"pwb-brand","embeddable":true,"href":"https:\/\/carmogepereira.pt\/pt\/wp-json\/wp\/v2\/pwb-brand?post=5802"},{"taxonomy":"product_brand","embeddable":true,"href":"https:\/\/carmogepereira.pt\/pt\/wp-json\/wp\/v2\/product_brand?post=5802"},{"taxonomy":"product_cat","embeddable":true,"href":"https:\/\/carmogepereira.pt\/pt\/wp-json\/wp\/v2\/product_cat?post=5802"},{"taxonomy":"product_tag","embeddable":true,"href":"https:\/\/carmogepereira.pt\/pt\/wp-json\/wp\/v2\/product_tag?post=5802"}],"curies":[{"name":"wp","href":"https:\/\/api.w.org\/{rel}","templated":true}]}}