{"id":5807,"date":"2022-10-03T02:12:10","date_gmt":"2022-10-03T02:12:10","guid":{"rendered":"http:\/\/carmogepereira.pt\/vaiserperfeito\/?post_type=product&#038;p=5807"},"modified":"2025-12-13T09:00:50","modified_gmt":"2025-12-13T09:00:50","slug":"saffronstrapon","status":"publish","type":"product","link":"https:\/\/carmogepereira.pt\/pt\/shop\/saffronstrapon\/","title":{"rendered":"Saffron Strap On Sportsheets"},"content":{"rendered":"<p><b><span data-contrast=\"auto\">Caracter\u00edsticas:<\/span><\/b><span data-ccp-props=\"{&quot;201341983&quot;:0,&quot;335559739&quot;:160,&quot;335559740&quot;:259}\">\u00a0<\/span><\/p>\n<p>Segura-se firmemente nas ancas.<\/p>\n<p>Seguro e confort\u00e1vel.<\/p>\n<p>Correias ajust\u00e1veis.<\/p>\n<p>Suporte para as costas.<\/p>\n<p>* Dildo n\u00e3o Inclu\u00eddo.<\/p>\n<p><b><span data-contrast=\"auto\">Conte\u00fado:<\/span><\/b><span data-ccp-props=\"{&quot;201341983&quot;:0,&quot;335559739&quot;:160,&quot;335559740&quot;:259}\">\u00a0<\/span><\/p>\n<p>1x Arn\u00eas Strap-on.<\/p>\n<p><b><span data-contrast=\"auto\">Materiais:<\/span><\/b><span data-ccp-props=\"{&quot;201341983&quot;:0,&quot;335559739&quot;:160,&quot;335559740&quot;:259}\">\u00a0<\/span><\/p>\n<p class=\"toolbar toolbar-top\"><span class=\"expand-close\"> Couro PU.<\/span><\/p>","protected":false},"excerpt":{"rendered":"<p>Independentemente da forma como o fazes, f\u00e1-lo com estilo. Concebido a pensar no teu gosto requintado, este arn\u00eas n\u00e3o \u00e9 simplesmente um feixe de presilhas e correias volumosas. O arn\u00eas Saffron abra\u00e7a perfeitamente as tuas ancas, dando-te a seguran\u00e7a e o conforto necess\u00e1rios para dares este passo. Ajusta as correias para abra\u00e7ar perfeitamente as tuas costas, enfia o seu dildo favorito no O-ring, e d\u00e1 \u00e0 tua pessoa parceira a sensa\u00e7\u00e3o impetuosa que tem desejado.<\/p>\n<p>* Dildo n\u00e3o Inclu\u00eddo.<\/p>","protected":false},"featured_media":5808,"comment_status":"open","ping_status":"closed","template":"","meta":{"_acf_changed":false},"pwb-brand":[347],"product_brand":[],"product_cat":[113,114],"product_tag":[225,358,209,211],"class_list":{"0":"post-5807","1":"product","2":"type-product","3":"status-publish","4":"has-post-thumbnail","6":"pwb-brand-sportsheets","7":"product_cat-accessorieskink","8":"product_cat-straponharness","9":"product_tag-body","10":"product_tag-saffron","11":"product_tag-strap-on","12":"product_tag-straponharness","13":"pa_color-black","14":"pa_color-red","15":"nt-post-class","16":"","17":"masonry-item","18":"col-lg-6","26":"first","27":"outofstock","28":"taxable","29":"shipping-taxable","30":"purchasable","31":"product-type-simple","32":"add-to-wishlist-after_add_to_cart"},"acf":[],"brands":[{"id":347,"name":"Sportsheets","slug":"sportsheets"}],"_links":{"self":[{"href":"https:\/\/carmogepereira.pt\/pt\/wp-json\/wp\/v2\/product\/5807","targetHints":{"allow":["GET"]}}],"collection":[{"href":"https:\/\/carmogepereira.pt\/pt\/wp-json\/wp\/v2\/product"}],"about":[{"href":"https:\/\/carmogepereira.pt\/pt\/wp-json\/wp\/v2\/types\/product"}],"replies":[{"embeddable":true,"href":"https:\/\/carmogepereira.pt\/pt\/wp-json\/wp\/v2\/comments?post=5807"}],"version-history":[{"count":0,"href":"https:\/\/carmogepereira.pt\/pt\/wp-json\/wp\/v2\/product\/5807\/revisions"}],"wp:featuredmedia":[{"embeddable":true,"href":"https:\/\/carmogepereira.pt\/pt\/wp-json\/wp\/v2\/media\/5808"}],"wp:attachment":[{"href":"https:\/\/carmogepereira.pt\/pt\/wp-json\/wp\/v2\/media?parent=5807"}],"wp:term":[{"taxonomy":"pwb-brand","embeddable":true,"href":"https:\/\/carmogepereira.pt\/pt\/wp-json\/wp\/v2\/pwb-brand?post=5807"},{"taxonomy":"product_brand","embeddable":true,"href":"https:\/\/carmogepereira.pt\/pt\/wp-json\/wp\/v2\/product_brand?post=5807"},{"taxonomy":"product_cat","embeddable":true,"href":"https:\/\/carmogepereira.pt\/pt\/wp-json\/wp\/v2\/product_cat?post=5807"},{"taxonomy":"product_tag","embeddable":true,"href":"https:\/\/carmogepereira.pt\/pt\/wp-json\/wp\/v2\/product_tag?post=5807"}],"curies":[{"name":"wp","href":"https:\/\/api.w.org\/{rel}","templated":true}]}}