{"id":5814,"date":"2022-10-03T02:37:17","date_gmt":"2022-10-03T02:37:17","guid":{"rendered":"http:\/\/carmogepereira.pt\/vaiserperfeito\/?post_type=product&#038;p=5814"},"modified":"2024-03-01T14:10:33","modified_gmt":"2024-03-01T14:10:33","slug":"sincerelylacestrapon","status":"publish","type":"product","link":"https:\/\/carmogepereira.pt\/pt\/shop\/sincerelylacestrapon\/","title":{"rendered":"Sincerely Lace Strap-On Sportsheets"},"content":{"rendered":"<p><b><span data-contrast=\"auto\">Caracter\u00edsticas:<\/span><\/b><span data-ccp-props=\"{&quot;201341983&quot;:0,&quot;335559739&quot;:160,&quot;335559740&quot;:259}\">\u00a0<\/span><\/p>\n<p>Design simples de painel luxuoso.<\/p>\n<p>4 pontos de ajuste.<\/p>\n<p>Correias em estilo Jock.<\/p>\n<p>O-ring.<\/p>\n<p>Desaperta facilmente o O-ring.<\/p>\n<p>*Dildo n\u00e3o inclu\u00eddo.<\/p>\n<p><b><span data-contrast=\"auto\">Dimens\u00f5es do Produto:<\/span><\/b><\/p>\n<p>Arn\u00eas ajust\u00e1vel serve at\u00e9 152cm de ancas.<\/p>\n<p>O-ring de borracha de 3.8cm.<\/p>\n<p><b><span data-contrast=\"auto\">Conte\u00fado:<\/span><\/b><span data-ccp-props=\"{&quot;201341983&quot;:0,&quot;335559739&quot;:160,&quot;335559740&quot;:259}\">\u00a0<\/span><\/p>\n<p>1x Arn\u00eas de Strap-on.<\/p>\n<p><b><span data-contrast=\"auto\">Materiais:<\/span><\/b><span data-ccp-props=\"{&quot;201341983&quot;:0,&quot;335559739&quot;:160,&quot;335559740&quot;:259}\">\u00a0<\/span><\/p>\n<p>Polipropileno, Poli\u00e9ster, Poliuretano, Nylon, Metal Isento de N\u00edquel, Spandex, Nitrilo.<\/p>","protected":false},"excerpt":{"rendered":"<p>\"Lock and Load\" Em rendas, \u00e9s uma for\u00e7a a ter em conta!<\/p>\n<p>Luxuoso \u00e0 vista e ao toque, este lindo arn\u00eas de strap-on permite que te envolvas em sexo penetrativo com eleg\u00e2ncia. O design simples do painel deixa pouco \u00e0 imagina\u00e7\u00e3o, pois quem te acompanha vai devorar-te com os sentidos. Com 4 pontos de ajuste, conseguir\u00e1s obter o caimento perfeito, as correias de estilo jock abra\u00e7am sensualmente o teu rabo. Basta inserir o teu dildo preferido no O-ring, ou se o teu dildo tiver um tamanho diferente, desaperta facilmente o O-ring para o trocar por outro. Cativa o olhar da tua pessoa parceira muito antes de penetrar o respectivo orif\u00edcio.<\/p>\n<p>*Dildo n\u00e3o inclu\u00eddo.<\/p>\n<p>Instru\u00e7\u00f5es de manuten\u00e7\u00e3o: lavar \u00e0 m\u00e3o separadamente em \u00e1gua fria, colocar na horizontal para secar. N\u00e3o se recomenda lix\u00edvia, ferro ou limpeza a seco.<\/p>","protected":false},"featured_media":5818,"comment_status":"open","ping_status":"closed","template":"","meta":{"_acf_changed":false},"pwb-brand":[347],"product_brand":[],"product_cat":[113,114],"product_tag":[225,360,209,211],"class_list":{"0":"post-5814","1":"product","2":"type-product","3":"status-publish","4":"has-post-thumbnail","6":"pwb-brand-sportsheets","7":"product_cat-accessorieskink","8":"product_cat-straponharness","9":"product_tag-body","10":"product_tag-sincerely-lace","11":"product_tag-strap-on","12":"product_tag-straponharness","13":"pa_color-black","14":"nt-post-class","15":"","16":"masonry-item","17":"col-lg-6","25":"first","26":"instock","27":"taxable","28":"shipping-taxable","29":"purchasable","30":"product-type-simple","31":"add-to-wishlist-after_add_to_cart"},"acf":[],"brands":[{"id":347,"name":"Sportsheets","slug":"sportsheets"}],"_links":{"self":[{"href":"https:\/\/carmogepereira.pt\/pt\/wp-json\/wp\/v2\/product\/5814","targetHints":{"allow":["GET"]}}],"collection":[{"href":"https:\/\/carmogepereira.pt\/pt\/wp-json\/wp\/v2\/product"}],"about":[{"href":"https:\/\/carmogepereira.pt\/pt\/wp-json\/wp\/v2\/types\/product"}],"replies":[{"embeddable":true,"href":"https:\/\/carmogepereira.pt\/pt\/wp-json\/wp\/v2\/comments?post=5814"}],"version-history":[{"count":0,"href":"https:\/\/carmogepereira.pt\/pt\/wp-json\/wp\/v2\/product\/5814\/revisions"}],"wp:featuredmedia":[{"embeddable":true,"href":"https:\/\/carmogepereira.pt\/pt\/wp-json\/wp\/v2\/media\/5818"}],"wp:attachment":[{"href":"https:\/\/carmogepereira.pt\/pt\/wp-json\/wp\/v2\/media?parent=5814"}],"wp:term":[{"taxonomy":"pwb-brand","embeddable":true,"href":"https:\/\/carmogepereira.pt\/pt\/wp-json\/wp\/v2\/pwb-brand?post=5814"},{"taxonomy":"product_brand","embeddable":true,"href":"https:\/\/carmogepereira.pt\/pt\/wp-json\/wp\/v2\/product_brand?post=5814"},{"taxonomy":"product_cat","embeddable":true,"href":"https:\/\/carmogepereira.pt\/pt\/wp-json\/wp\/v2\/product_cat?post=5814"},{"taxonomy":"product_tag","embeddable":true,"href":"https:\/\/carmogepereira.pt\/pt\/wp-json\/wp\/v2\/product_tag?post=5814"}],"curies":[{"name":"wp","href":"https:\/\/api.w.org\/{rel}","templated":true}]}}