{"id":5819,"date":"2022-10-03T03:26:06","date_gmt":"2022-10-03T03:26:06","guid":{"rendered":"http:\/\/carmogepereira.pt\/vaiserperfeito\/?post_type=product&#038;p=5819"},"modified":"2024-03-01T14:10:35","modified_gmt":"2024-03-01T14:10:35","slug":"emexharness","status":"publish","type":"product","link":"https:\/\/carmogepereira.pt\/pt\/shop\/emexharness\/","title":{"rendered":"Em.Ex. Harness Sportsheets"},"content":{"rendered":"<p><strong>Cores:<\/strong><\/p>\n<p>Vermelho, Preto (aberto)<\/p>\n<p><strong>Tamanhos:<\/strong><\/p>\n<p>XS, S, M, L, XL.<\/p>\n<p><b><span data-contrast=\"auto\">Caracter\u00edsticas:<\/span><\/b><span data-ccp-props=\"{&quot;201341983&quot;:0,&quot;335559739&quot;:160,&quot;335559740&quot;:259}\">\u00a0<\/span><\/p>\n<p><span data-contrast=\"auto\">Estilo Jock.<\/span><\/p>\n<p><span data-contrast=\"auto\">Pain\u00e9is de tecido interior para fixar os sextoys e fornecer apoio.<\/span><\/p>\n<p><span data-contrast=\"auto\">O-ring incorporado.<\/span><span data-ccp-props=\"{&quot;134233279&quot;:true,&quot;201341983&quot;:0,&quot;335559739&quot;:160,&quot;335559740&quot;:259}\">\u00a0<\/span><\/p>\n<p><span data-contrast=\"auto\">Concebido com duas bolsas de bullets para proporcionar um est\u00edmulo extra (bullets n\u00e3o inclu\u00eddas).<\/span><\/p>\n<p><span data-contrast=\"auto\">Inclui uma bolsa de viagem para levares o teu arn\u00eas para qualquer lugar com facilidade.<\/span><\/p>\n<p><span data-contrast=\"auto\">Tecido absorvente mant\u00e9m a pele fresca ao toque.<\/span><\/p>\n<p><span data-contrast=\"auto\">C\u00f3s el\u00e1stico dur\u00e1vel.<\/span><\/p>\n<p><span data-contrast=\"auto\">Design macio e bem ajustado, confort\u00e1vel o suficiente para usar durante todo o dia.<\/span><span data-ccp-props=\"{&quot;134233279&quot;:true,&quot;201341983&quot;:0,&quot;335559739&quot;:160,&quot;335559740&quot;:259}\">\u00a0<\/span><\/p>\n<p><span data-contrast=\"auto\">Um arn\u00eas constru\u00eddo para durabilidade, conforto, e ajuste.<\/span><span data-ccp-props=\"{&quot;134233279&quot;:true,&quot;201341983&quot;:0,&quot;335559739&quot;:160,&quot;335559740&quot;:259}\">\u00a0<\/span><\/p>\n<p><span data-contrast=\"auto\">O tecido assegura a elasticidade enquanto mant\u00e9m os acess\u00f3rios firmemente fixos.<\/span><\/p>\n<p>*Dildo ou packer n\u00e3o inclu\u00eddos.<\/p>\n<p><b><span data-contrast=\"auto\">Dimens\u00f5es do Produto:<\/span><\/b><\/p>\n<p>XS Cintura 50.8cm-55,8cm Ancas 76.2cm-81.28cm (apenas preto)<\/p>\n<p>S Cintura 58.42cm-63.5cm Ancas 83.82cm-88.9cm<\/p>\n<p>M Cintura 63.5cm-71.12cm Ancas 91.44cm-96.52cm<\/p>\n<p>L Cintura 71.12cm-78.74cm Ancas 99.06cm-104.14cm<\/p>\n<p>XL Cintura 78.74cm-86.36cm Ancas 106.68cm-111.76cm<\/p>\n<p><span data-contrast=\"auto\">O-ring incorporado 3.81cm\u00a0<\/span><span data-ccp-props=\"{&quot;134233279&quot;:true,&quot;201341983&quot;:0,&quot;335559739&quot;:160,&quot;335559740&quot;:259}\">\u00a0<\/span><\/p>\n<p><b><span data-contrast=\"auto\">Conte\u00fado:<\/span><\/b><span data-ccp-props=\"{&quot;201341983&quot;:0,&quot;335559739&quot;:160,&quot;335559740&quot;:259}\">\u00a0<\/span><\/p>\n<p>1x Arn\u00eas de Strap-on com\u00a0<span data-contrast=\"auto\">O-ring incorporado.<\/span><\/p>\n<p><span data-contrast=\"auto\">2x bolsas para bullets<\/span><span data-ccp-props=\"{&quot;134233279&quot;:true,&quot;201341983&quot;:0,&quot;335559739&quot;:160,&quot;335559740&quot;:259}\">\u00a0(vibradores bullet n\u00e3o inclu\u00eddos)<\/span><\/p>\n<p><span data-contrast=\"auto\">1x Bolsa de Viagem<\/span><span data-ccp-props=\"{&quot;134233279&quot;:true,&quot;201341983&quot;:0,&quot;335559739&quot;:160,&quot;335559740&quot;:259}\">\u00a0<\/span><\/p>\n<p><b><span data-contrast=\"auto\">Materiais:<\/span><\/b><span data-ccp-props=\"{&quot;201341983&quot;:0,&quot;335559739&quot;:160,&quot;335559740&quot;:259}\">\u00a0<\/span><\/p>\n<p>57% Poli\u00e9ster, 27% Nylon, 15% Elastano, 1% O-Ring de Nitrilo.<\/p>","protected":false},"excerpt":{"rendered":"<p class=\"translation-block\">Um estilo de vida activo exige um arn\u00eas confort\u00e1vel, durante todo o dia e durante toda a noite. O Em.Ex. foi concebido para durabilidade, conforto, e ajuste. O tecido macio proporciona elasticidade enquanto mant\u00e9m os acess\u00f3rios firmemente seguros. Com a cintura el\u00e1stica dur\u00e1vel e o O-ring de nitrilo (borracha), \u00e9 poss\u00edvel percorrer o mundo livremente, j\u00e1 que as autoridades nunca saber\u00e3o o que est\u00e1s a usar.<\/p>\n<p>*O modelo preto n\u00e3o tem entrepernas. Verifica as fotografias para refer\u00eancia.<\/p>\n<p>*Dildo ou packer n\u00e3o inclu\u00eddos.<\/p>","protected":false},"featured_media":5824,"comment_status":"open","ping_status":"closed","template":"","meta":{"_acf_changed":false},"pwb-brand":[347],"product_brand":[],"product_cat":[113,159,157,114],"product_tag":[225,209,211],"class_list":{"0":"post-5819","1":"product","2":"type-product","3":"status-publish","4":"has-post-thumbnail","6":"pwb-brand-sportsheets","7":"product_cat-accessorieskink","8":"product_cat-gender-affirming","9":"product_cat-sexual-health","10":"product_cat-straponharness","11":"product_tag-body","12":"product_tag-strap-on","13":"product_tag-straponharness","14":"pa_color-black","15":"pa_color-red","16":"pa_size-xs","17":"pa_size-s","18":"pa_size-m","19":"pa_size-l","20":"pa_size-xl","21":"nt-post-class","22":"","23":"masonry-item","24":"col-lg-6","32":"first","33":"instock","34":"taxable","35":"shipping-taxable","36":"purchasable","37":"product-type-variable","38":"add-to-wishlist-after_add_to_cart"},"acf":[],"brands":[{"id":347,"name":"Sportsheets","slug":"sportsheets"}],"_links":{"self":[{"href":"https:\/\/carmogepereira.pt\/pt\/wp-json\/wp\/v2\/product\/5819","targetHints":{"allow":["GET"]}}],"collection":[{"href":"https:\/\/carmogepereira.pt\/pt\/wp-json\/wp\/v2\/product"}],"about":[{"href":"https:\/\/carmogepereira.pt\/pt\/wp-json\/wp\/v2\/types\/product"}],"replies":[{"embeddable":true,"href":"https:\/\/carmogepereira.pt\/pt\/wp-json\/wp\/v2\/comments?post=5819"}],"version-history":[{"count":0,"href":"https:\/\/carmogepereira.pt\/pt\/wp-json\/wp\/v2\/product\/5819\/revisions"}],"wp:featuredmedia":[{"embeddable":true,"href":"https:\/\/carmogepereira.pt\/pt\/wp-json\/wp\/v2\/media\/5824"}],"wp:attachment":[{"href":"https:\/\/carmogepereira.pt\/pt\/wp-json\/wp\/v2\/media?parent=5819"}],"wp:term":[{"taxonomy":"pwb-brand","embeddable":true,"href":"https:\/\/carmogepereira.pt\/pt\/wp-json\/wp\/v2\/pwb-brand?post=5819"},{"taxonomy":"product_brand","embeddable":true,"href":"https:\/\/carmogepereira.pt\/pt\/wp-json\/wp\/v2\/product_brand?post=5819"},{"taxonomy":"product_cat","embeddable":true,"href":"https:\/\/carmogepereira.pt\/pt\/wp-json\/wp\/v2\/product_cat?post=5819"},{"taxonomy":"product_tag","embeddable":true,"href":"https:\/\/carmogepereira.pt\/pt\/wp-json\/wp\/v2\/product_tag?post=5819"}],"curies":[{"name":"wp","href":"https:\/\/api.w.org\/{rel}","templated":true}]}}