{"id":5855,"date":"2022-10-03T03:56:16","date_gmt":"2022-10-03T03:56:16","guid":{"rendered":"http:\/\/carmogepereira.pt\/vaiserperfeito\/?post_type=product&#038;p=5855"},"modified":"2025-12-11T13:39:25","modified_gmt":"2025-12-11T13:39:25","slug":"strapboundharnessff","status":"publish","type":"product","link":"https:\/\/carmogepereira.pt\/pt\/shop\/strapboundharnessff\/","title":{"rendered":"Strap &#038; Bound Harness Fun Factory"},"content":{"rendered":"<p><b><span data-contrast=\"auto\">Caracter\u00edsticas:<\/span><\/b><span data-ccp-props=\"{&quot;201341983&quot;:0,&quot;335559739&quot;:160,&quot;335559740&quot;:259}\">\u00a0<\/span><\/p>\n<p>Arn\u00eas de dildos de ganga vegan.<\/p>\n<p>Correias ajust\u00e1veis na anca e nas pernas.<\/p>\n<p>Adequado para os tamanhos 34 - 44.<\/p>\n<p>Adapta-se a praticamente qualquer dildo (com um di\u00e2metro inferior a 4.5 cm e com base).<\/p>\n<p>Suporte fi\u00e1vel permite experimentar qualquer posi\u00e7\u00e3o.<\/p>\n<p>Acabamento profissional feito \u00e0 m\u00e3o.<\/p>\n<p>Resistente e f\u00e1cil de limpar.<\/p>\n<p>Pode ser lavado \u00e0 m\u00e3o ou \u00e0 m\u00e1quina.<\/p>\n<p>*Dildo N\u00e3o Inclu\u00eddo.<\/p>\n<p><b><span data-contrast=\"auto\">Dimens\u00f5es do Produto:<\/span><\/b><\/p>\n<p>34-44 Tamanho UE.<\/p>\n<p><b><span data-contrast=\"auto\">Conte\u00fado:<\/span><\/b><span data-ccp-props=\"{&quot;201341983&quot;:0,&quot;335559739&quot;:160,&quot;335559740&quot;:259}\">\u00a0<\/span><\/p>\n<p>1x Arn\u00eas Strap-on.<\/p>\n<p><b><span data-contrast=\"auto\">Materiais:<\/span><\/b><\/p>\n<p>Materiais seguros para o corpo, tecido de ganga vegan.<\/p>","protected":false},"excerpt":{"rendered":"<p>O sexo com strap-on \u00e9 \u00f3ptimo. Sente-te formid\u00e1vel enquanto o fazes com este elegante e robusto arn\u00eas de ganga. O STRAP &amp; BOUND HARNESS \u00e9 um arn\u00eas alem\u00e3o feito \u00e0 m\u00e3o em ganga macia, o que o torna 100% vegan e f\u00e1cil de limpar. A larga e confort\u00e1vel correia da anca e duas correias para as pernas s\u00e3o todas ajust\u00e1veis, para que possas gerir o teu conforto e o teu controlo. Porque mant\u00e9m o dildo no lugar t\u00e3o bem, podes experimentar com confian\u00e7a qualquer nova posi\u00e7\u00e3o que gostes. Adapta-se a qualquer dildo com um di\u00e2metro at\u00e9 4,5 cm, desde que tenha uma base.\u00a0Este arn\u00eas ajust\u00e1vel \u00e9 adequado para os tamanhos 34 - 44. O cinto e as correias para pernas s\u00e3o ajust\u00e1veis independentemente, para que possas adapt\u00e1-lo ao teu corpo.\u00a0Uma vantagem da ganga em rela\u00e7\u00e3o ao couro \u00e9 que \u00e9 super f\u00e1cil de limpar. Basta lavar com sab\u00e3o e \u00e1gua, quer \u00e0 m\u00e3o, quer num saco de lavagem na m\u00e1quina de lavar roupa.<\/p>\n<p>*Dildo N\u00e3o Inclu\u00eddo.<\/p>","protected":false},"featured_media":5858,"comment_status":"open","ping_status":"closed","template":"","meta":{"_acf_changed":false},"pwb-brand":[336],"product_brand":[],"product_cat":[113,114],"product_tag":[225,209,211],"class_list":{"0":"post-5855","1":"product","2":"type-product","3":"status-publish","4":"has-post-thumbnail","6":"pwb-brand-funfactory","7":"product_cat-accessorieskink","8":"product_cat-straponharness","9":"product_tag-body","10":"product_tag-strap-on","11":"product_tag-straponharness","12":"pa_color-black","13":"pa_color-light-brown","14":"nt-post-class","15":"","16":"masonry-item","17":"col-lg-6","25":"first","26":"outofstock","27":"taxable","28":"shipping-taxable","29":"purchasable","30":"product-type-simple","31":"add-to-wishlist-after_add_to_cart"},"acf":[],"brands":[{"id":336,"name":"Fun Factory","slug":"funfactory"}],"_links":{"self":[{"href":"https:\/\/carmogepereira.pt\/pt\/wp-json\/wp\/v2\/product\/5855","targetHints":{"allow":["GET"]}}],"collection":[{"href":"https:\/\/carmogepereira.pt\/pt\/wp-json\/wp\/v2\/product"}],"about":[{"href":"https:\/\/carmogepereira.pt\/pt\/wp-json\/wp\/v2\/types\/product"}],"replies":[{"embeddable":true,"href":"https:\/\/carmogepereira.pt\/pt\/wp-json\/wp\/v2\/comments?post=5855"}],"version-history":[{"count":0,"href":"https:\/\/carmogepereira.pt\/pt\/wp-json\/wp\/v2\/product\/5855\/revisions"}],"wp:featuredmedia":[{"embeddable":true,"href":"https:\/\/carmogepereira.pt\/pt\/wp-json\/wp\/v2\/media\/5858"}],"wp:attachment":[{"href":"https:\/\/carmogepereira.pt\/pt\/wp-json\/wp\/v2\/media?parent=5855"}],"wp:term":[{"taxonomy":"pwb-brand","embeddable":true,"href":"https:\/\/carmogepereira.pt\/pt\/wp-json\/wp\/v2\/pwb-brand?post=5855"},{"taxonomy":"product_brand","embeddable":true,"href":"https:\/\/carmogepereira.pt\/pt\/wp-json\/wp\/v2\/product_brand?post=5855"},{"taxonomy":"product_cat","embeddable":true,"href":"https:\/\/carmogepereira.pt\/pt\/wp-json\/wp\/v2\/product_cat?post=5855"},{"taxonomy":"product_tag","embeddable":true,"href":"https:\/\/carmogepereira.pt\/pt\/wp-json\/wp\/v2\/product_tag?post=5855"}],"curies":[{"name":"wp","href":"https:\/\/api.w.org\/{rel}","templated":true}]}}