{"id":5863,"date":"2022-10-03T04:27:01","date_gmt":"2022-10-03T04:27:01","guid":{"rendered":"http:\/\/carmogepereira.pt\/vaiserperfeito\/?post_type=product&#038;p=5863"},"modified":"2024-03-01T14:10:30","modified_gmt":"2024-03-01T14:10:30","slug":"newcomersss","status":"publish","type":"product","link":"https:\/\/carmogepereira.pt\/pt\/shop\/newcomersss\/","title":{"rendered":"New Comer&#8217;s Strap On Sportsheets"},"content":{"rendered":"<p><b><span data-contrast=\"auto\">Caracter\u00edsticas:<\/span><\/b><span data-ccp-props=\"{&quot;201341983&quot;:0,&quot;335559739&quot;:160,&quot;335559740&quot;:259}\">\u00a0<\/span><\/p>\n<p>As correias ajust\u00e1veis em 3 sitios servem a ancas at\u00e9 152cm.<\/p>\n<p>Sportsheets dildo included.<\/p>\n<p>Design estilo tanga.<\/p>\n<p>Compat\u00edvel com dildos de 3.18cm de di\u00e2metro.<\/p>\n<p>Lav\u00e1vel.<\/p>\n<p>Please\u2122 Silicone Dildo:<\/p>\n<p>Design fino e esguio, perfeito para principiantes.<\/p>\n<p>Lavanda P\u00e9rolado.<\/p>\n<p>Sem ftalatos, N\u00e3o poroso, Hipoalerg\u00e9nico.<\/p>\n<p><b><span data-contrast=\"auto\">Dimens\u00f5es do Produto:<\/span><\/b><\/p>\n<p>At\u00e9 152cm de ancas.<\/p>\n<p>Dildo 12.7cm x \u00d8 2.22cm.<\/p>\n<p><b><span data-contrast=\"auto\">Conte\u00fado:<\/span><\/b><span data-ccp-props=\"{&quot;201341983&quot;:0,&quot;335559739&quot;:160,&quot;335559740&quot;:259}\">\u00a0<\/span><\/p>\n<p>1x Strap on Harness.<\/p>\n<p>1x Dildo.<\/p>\n<p><b><span data-contrast=\"auto\">Materiais:<\/span><\/b><span data-ccp-props=\"{&quot;201341983&quot;:0,&quot;335559739&quot;:160,&quot;335559740&quot;:259}\">\u00a0<\/span><\/p>\n<p>Poli\u00e9ster, Tecido de Polipropileno, Pl\u00e1stico, Silicone.<\/p>","protected":false},"excerpt":{"rendered":"<p>Um kit perfeito para principiantes ou para aqueles que preferem uma penetra\u00e7\u00e3o mais pequena! Um dildo mais fino est\u00e1 inclu\u00eddo para introduzir suavemente a multiplicidade de prazeres que a penetra\u00e7\u00e3o pode proporcionar. \u00d3ptimo para pegging! O dildo inclu\u00eddo \u00e9 feito de silicone de alta qualidade, n\u00e3o poroso e sem ftalatos. \u00c0 medida que se ganha mais experi\u00eancia e se atrevem a outros n\u00edveis, podem continuar a expandir a satisfa\u00e7\u00e3o com dildos maiores, mais longos e mais especializados. As correias ajust\u00e1veis criam um ajuste personalizado para uma variedade de tipos de corpo.<\/p>","protected":false},"featured_media":5865,"comment_status":"open","ping_status":"closed","template":"","meta":{"_acf_changed":false},"pwb-brand":[347],"product_brand":[],"product_cat":[113,165,114],"product_tag":[225,259,209,353,211],"class_list":{"0":"post-5863","1":"product","2":"type-product","3":"status-publish","4":"has-post-thumbnail","6":"pwb-brand-sportsheets","7":"product_cat-accessorieskink","8":"product_cat-dildos","9":"product_cat-straponharness","10":"product_tag-body","11":"product_tag-dildo","12":"product_tag-strap-on","13":"product_tag-strap-on-dildo","14":"product_tag-straponharness","15":"pa_color-black","16":"pa_color-purple","17":"nt-post-class","18":"","19":"masonry-item","20":"col-lg-6","28":"first","29":"instock","30":"taxable","31":"shipping-taxable","32":"purchasable","33":"product-type-simple","34":"add-to-wishlist-after_add_to_cart"},"acf":[],"brands":[{"id":347,"name":"Sportsheets","slug":"sportsheets"}],"_links":{"self":[{"href":"https:\/\/carmogepereira.pt\/pt\/wp-json\/wp\/v2\/product\/5863","targetHints":{"allow":["GET"]}}],"collection":[{"href":"https:\/\/carmogepereira.pt\/pt\/wp-json\/wp\/v2\/product"}],"about":[{"href":"https:\/\/carmogepereira.pt\/pt\/wp-json\/wp\/v2\/types\/product"}],"replies":[{"embeddable":true,"href":"https:\/\/carmogepereira.pt\/pt\/wp-json\/wp\/v2\/comments?post=5863"}],"version-history":[{"count":0,"href":"https:\/\/carmogepereira.pt\/pt\/wp-json\/wp\/v2\/product\/5863\/revisions"}],"wp:featuredmedia":[{"embeddable":true,"href":"https:\/\/carmogepereira.pt\/pt\/wp-json\/wp\/v2\/media\/5865"}],"wp:attachment":[{"href":"https:\/\/carmogepereira.pt\/pt\/wp-json\/wp\/v2\/media?parent=5863"}],"wp:term":[{"taxonomy":"pwb-brand","embeddable":true,"href":"https:\/\/carmogepereira.pt\/pt\/wp-json\/wp\/v2\/pwb-brand?post=5863"},{"taxonomy":"product_brand","embeddable":true,"href":"https:\/\/carmogepereira.pt\/pt\/wp-json\/wp\/v2\/product_brand?post=5863"},{"taxonomy":"product_cat","embeddable":true,"href":"https:\/\/carmogepereira.pt\/pt\/wp-json\/wp\/v2\/product_cat?post=5863"},{"taxonomy":"product_tag","embeddable":true,"href":"https:\/\/carmogepereira.pt\/pt\/wp-json\/wp\/v2\/product_tag?post=5863"}],"curies":[{"name":"wp","href":"https:\/\/api.w.org\/{rel}","templated":true}]}}