{"id":5867,"date":"2022-10-03T19:17:06","date_gmt":"2022-10-03T19:17:06","guid":{"rendered":"http:\/\/carmogepereira.pt\/vaiserperfeito\/?post_type=product&#038;p=5867"},"modified":"2024-05-19T17:39:09","modified_gmt":"2024-05-19T17:39:09","slug":"shhhblindfoldbi","status":"publish","type":"product","link":"https:\/\/carmogepereira.pt\/pt\/shop\/shhhblindfoldbi\/","title":{"rendered":"Shhh Blindfold Bijoux Indiscrets"},"content":{"rendered":"<p><b><span data-contrast=\"auto\">Caracter\u00edsticas:<\/span><\/b><\/p>\n<p>Aliada perfeita para uma massagem sensual ou qualquer jogo sensorial.<\/p>\n<p>Dupla face de cetim, mensagens diferentes: Ohhh \/ Shhhh.<\/p>\n<p>Suficientemente longa para permitir ser usada como amarras de cetim.<\/p>\n<p><b><span data-contrast=\"auto\">Conte\u00fado:<\/span><\/b><span data-ccp-props=\"{&quot;201341983&quot;:0,&quot;335559739&quot;:160,&quot;335559740&quot;:259}\">\u00a0<\/span><\/p>\n<p>1x Venda de olhos de cetim com mensagens impressas.<\/p>\n<p><b><span data-contrast=\"auto\">Materiais:<\/span><\/b><span data-ccp-props=\"{&quot;201341983&quot;:0,&quot;335559739&quot;:160,&quot;335559740&quot;:259}\">\u00a0<\/span><\/p>\n<p>Cetim.<\/p>","protected":false},"excerpt":{"rendered":"<p>Est\u00e1 provado que quando os olhos est\u00e3o bem tapados, os outros sentidos ficam mais agu\u00e7ados. A venda dos olhos \u00e9 o aliado perfeito para uma massagem sensual. N\u00e3o \u00e9 necess\u00e1rio ser profissional na arte da massagem, toca levemente ou pressiona firmemente os p\u00e9s, as costas, os bra\u00e7os e as n\u00e1degas.<\/p>\n<p>Shhh \u00e9 muito mais do que uma venda, \u00e9 um convite ao suspense irresist\u00edvel e \u00e0 fantasia. No cetim de dupla face, h\u00e1 mensagens diferentes: Ohhh para soltar as fantasias mais ardentes e Shhh para as mais secretas.<\/p>","protected":false},"featured_media":5872,"comment_status":"open","ping_status":"closed","template":"","meta":{"_acf_changed":false},"pwb-brand":[340],"product_brand":[],"product_cat":[113,126],"product_tag":[213,217,220,250,216,219],"class_list":{"0":"post-5867","1":"product","2":"type-product","3":"status-publish","4":"has-post-thumbnail","6":"pwb-brand-bijouxindiscrets","7":"product_cat-accessorieskink","8":"product_cat-blindfolds-masks","9":"product_tag-bdsm","10":"product_tag-blindfold","11":"product_tag-restriction","12":"product_tag-sensory-play","13":"product_tag-vision","14":"product_tag-wrists","15":"pa_color-black","16":"nt-post-class","17":"","18":"masonry-item","19":"col-lg-6","27":"first","28":"instock","29":"taxable","30":"shipping-taxable","31":"purchasable","32":"product-type-simple","33":"add-to-wishlist-after_add_to_cart"},"acf":[],"brands":[{"id":340,"name":"Bijoux Indiscrets","slug":"bijouxindiscrets"}],"_links":{"self":[{"href":"https:\/\/carmogepereira.pt\/pt\/wp-json\/wp\/v2\/product\/5867","targetHints":{"allow":["GET"]}}],"collection":[{"href":"https:\/\/carmogepereira.pt\/pt\/wp-json\/wp\/v2\/product"}],"about":[{"href":"https:\/\/carmogepereira.pt\/pt\/wp-json\/wp\/v2\/types\/product"}],"replies":[{"embeddable":true,"href":"https:\/\/carmogepereira.pt\/pt\/wp-json\/wp\/v2\/comments?post=5867"}],"version-history":[{"count":0,"href":"https:\/\/carmogepereira.pt\/pt\/wp-json\/wp\/v2\/product\/5867\/revisions"}],"wp:featuredmedia":[{"embeddable":true,"href":"https:\/\/carmogepereira.pt\/pt\/wp-json\/wp\/v2\/media\/5872"}],"wp:attachment":[{"href":"https:\/\/carmogepereira.pt\/pt\/wp-json\/wp\/v2\/media?parent=5867"}],"wp:term":[{"taxonomy":"pwb-brand","embeddable":true,"href":"https:\/\/carmogepereira.pt\/pt\/wp-json\/wp\/v2\/pwb-brand?post=5867"},{"taxonomy":"product_brand","embeddable":true,"href":"https:\/\/carmogepereira.pt\/pt\/wp-json\/wp\/v2\/product_brand?post=5867"},{"taxonomy":"product_cat","embeddable":true,"href":"https:\/\/carmogepereira.pt\/pt\/wp-json\/wp\/v2\/product_cat?post=5867"},{"taxonomy":"product_tag","embeddable":true,"href":"https:\/\/carmogepereira.pt\/pt\/wp-json\/wp\/v2\/product_tag?post=5867"}],"curies":[{"name":"wp","href":"https:\/\/api.w.org\/{rel}","templated":true}]}}