{"id":5873,"date":"2022-10-03T19:31:42","date_gmt":"2022-10-03T19:31:42","guid":{"rendered":"http:\/\/carmogepereira.pt\/vaiserperfeito\/?post_type=product&#038;p=5873"},"modified":"2025-12-11T15:07:14","modified_gmt":"2025-12-11T15:07:14","slug":"enchantedbondagestarterkitsm","status":"publish","type":"product","link":"https:\/\/carmogepereira.pt\/pt\/shop\/enchantedbondagestarterkitsm\/","title":{"rendered":"Enchanted Bondage Starter Kit S&#038;M"},"content":{"rendered":"<p><b><span data-contrast=\"auto\">Caracter\u00edsticas:<\/span><\/b><span data-ccp-props=\"{&quot;201341983&quot;:0,&quot;335559739&quot;:160,&quot;335559740&quot;:259}\">\u00a0<\/span><\/p>\n<p>Todos os elementos essenciais para uma incurs\u00e3o em territ\u00f3rio inexplorado.<\/p>\n<p>Sedutora cor bordeaux.<\/p>\n<p>Venda de cetim, Tickler de penas e amarras de cetim.<\/p>\n<p>Amarras f\u00e1ceis e sedosas.<\/p>\n<p>Venda com tira de roupa interior dur\u00e1vel que permite experimentar a perda total de vis\u00e3o.<\/p>\n<p><b><span data-contrast=\"auto\">Conte\u00fado:<\/span><\/b><span data-ccp-props=\"{&quot;201341983&quot;:0,&quot;335559739&quot;:160,&quot;335559740&quot;:259}\">\u00a0<\/span><\/p>\n<p>1x Par de Amarras sedosas<\/p>\n<p>1x Venda de cetim bordeaux<\/p>\n<p>1x Ticker de penas<\/p>\n<p><b><span data-contrast=\"auto\">Materiais:<\/span><\/b><span data-ccp-props=\"{&quot;201341983&quot;:0,&quot;335559739&quot;:160,&quot;335559740&quot;:259}\">\u00a0<\/span><\/p>\n<p>Poli\u00e9ster \/ 15% Poliuretano \/ 12% Penas \/ 8% PVC sem ftalatos \/ 5% Elastano.<\/p>","protected":false},"excerpt":{"rendered":"<p>O Enchanted Starter kit tem uma cor bordeaux sedutora que fica linda em todos os tons de pele. Seduz e tenta usando a venda de olhos de cetim, um tickler de penas e amarras de cetim para experimentar trocas de poder e estimula\u00e7\u00e3o sensorial. Prende a uma cama, ou \u00e0 volta de qualquer outra superf\u00edcie, criando algemas com as f\u00e1ceis amarras sedosas. A venda vem com uma tira de roupa interior dur\u00e1vel que permite experimentar a perda total de vis\u00e3o.<\/p>","protected":false},"featured_media":5875,"comment_status":"open","ping_status":"closed","template":"","meta":{"_acf_changed":false},"pwb-brand":[348,347],"product_brand":[],"product_cat":[113,126,116,117,122,119],"product_tag":[222,213,217,226,255,245,243,220,250,216,219],"class_list":{"0":"post-5873","1":"product","2":"type-product","3":"status-publish","4":"has-post-thumbnail","6":"pwb-brand-sexmischief","7":"pwb-brand-sportsheets","8":"product_cat-accessorieskink","9":"product_cat-blindfolds-masks","10":"product_cat-bondage","11":"product_cat-cuffs","12":"product_cat-feathers-pinwheels","13":"product_cat-whipsfeathers","14":"product_tag-ankles","15":"product_tag-bdsm","16":"product_tag-blindfold","17":"product_tag-cuffs","18":"product_tag-enchanted","19":"product_tag-external","20":"product_tag-feather-tickler","21":"product_tag-restriction","22":"product_tag-sensory-play","23":"product_tag-vision","24":"product_tag-wrists","25":"pa_color-red","26":"nt-post-class","27":"","28":"masonry-item","29":"col-lg-6","37":"first","38":"outofstock","39":"taxable","40":"shipping-taxable","41":"purchasable","42":"product-type-simple","43":"add-to-wishlist-after_add_to_cart"},"acf":[],"brands":[{"id":348,"name":"Sex &amp; Mischief","slug":"sexmischief"},{"id":347,"name":"Sportsheets","slug":"sportsheets"}],"_links":{"self":[{"href":"https:\/\/carmogepereira.pt\/pt\/wp-json\/wp\/v2\/product\/5873","targetHints":{"allow":["GET"]}}],"collection":[{"href":"https:\/\/carmogepereira.pt\/pt\/wp-json\/wp\/v2\/product"}],"about":[{"href":"https:\/\/carmogepereira.pt\/pt\/wp-json\/wp\/v2\/types\/product"}],"replies":[{"embeddable":true,"href":"https:\/\/carmogepereira.pt\/pt\/wp-json\/wp\/v2\/comments?post=5873"}],"version-history":[{"count":0,"href":"https:\/\/carmogepereira.pt\/pt\/wp-json\/wp\/v2\/product\/5873\/revisions"}],"wp:featuredmedia":[{"embeddable":true,"href":"https:\/\/carmogepereira.pt\/pt\/wp-json\/wp\/v2\/media\/5875"}],"wp:attachment":[{"href":"https:\/\/carmogepereira.pt\/pt\/wp-json\/wp\/v2\/media?parent=5873"}],"wp:term":[{"taxonomy":"pwb-brand","embeddable":true,"href":"https:\/\/carmogepereira.pt\/pt\/wp-json\/wp\/v2\/pwb-brand?post=5873"},{"taxonomy":"product_brand","embeddable":true,"href":"https:\/\/carmogepereira.pt\/pt\/wp-json\/wp\/v2\/product_brand?post=5873"},{"taxonomy":"product_cat","embeddable":true,"href":"https:\/\/carmogepereira.pt\/pt\/wp-json\/wp\/v2\/product_cat?post=5873"},{"taxonomy":"product_tag","embeddable":true,"href":"https:\/\/carmogepereira.pt\/pt\/wp-json\/wp\/v2\/product_tag?post=5873"}],"curies":[{"name":"wp","href":"https:\/\/api.w.org\/{rel}","templated":true}]}}