{"id":5877,"date":"2022-10-03T20:17:33","date_gmt":"2022-10-03T20:17:33","guid":{"rendered":"http:\/\/carmogepereira.pt\/vaiserperfeito\/?post_type=product&#038;p=5877"},"modified":"2025-12-11T15:07:15","modified_gmt":"2025-12-11T15:07:15","slug":"satinblindfoldsm","status":"publish","type":"product","link":"https:\/\/carmogepereira.pt\/pt\/shop\/satinblindfoldsm\/","title":{"rendered":"Satin Blindfold S&#038;M"},"content":{"rendered":"<p><strong>Cores:<\/strong><\/p>\n<p>Preto, Vermelho, Rosa<\/p>\n<p><b><span data-contrast=\"auto\">Caracter\u00edsticas:<\/span><\/b><span data-ccp-props=\"{&quot;201341983&quot;:0,&quot;335559739&quot;:160,&quot;335559740&quot;:259}\">\u00a0<\/span><\/p>\n<p><span data-contrast=\"auto\">Luxuosa venda de cetim de dupla camada de cetim com acabamento.<\/span><\/p>\n<p><span data-contrast=\"auto\">Banda el\u00e1stica dupla fina para um uso confort\u00e1vel.<\/span><span data-ccp-props=\"{&quot;134233279&quot;:true,&quot;201341983&quot;:0,&quot;335559739&quot;:160,&quot;335559740&quot;:259}\">\u00a0<\/span><\/p>\n<p><b><span data-contrast=\"auto\">Conte\u00fado:<\/span><\/b><span data-ccp-props=\"{&quot;201341983&quot;:0,&quot;335559739&quot;:160,&quot;335559740&quot;:259}\">\u00a0<\/span><\/p>\n<p>1x Venda de Cetim<\/p>\n<p><b><span data-contrast=\"auto\">Materiais:<\/span><\/b><span data-ccp-props=\"{&quot;201341983&quot;:0,&quot;335559739&quot;:160,&quot;335559740&quot;:259}\">\u00a0<\/span><\/p>\n<p><span data-contrast=\"auto\">45% Poli\u00e9ster, 40% Poliuretano, 15% Elastano.<\/span><\/p>","protected":false},"excerpt":{"rendered":"<p><span class=\"TextRun SCXW247067061 BCX0\" lang=\"EN-US\" xml:lang=\"EN-US\" data-contrast=\"auto\"><span class=\"NormalTextRun SCXW247067061 BCX0\">Abra\u00e7a a escurid\u00e3o com uma venda de cetim t\u00e3o confort\u00e1vel quanto f\u00e1cil de usar. O tecido de cetim macio envolve o rosto para acalmar os nervos e privar quem se submete do seu sentido prim\u00e1rio. Permanecer\u00e1 na escurid\u00e3o \u00e0 medida que lhe realizam os desejos. Todos os outros sentidos s\u00e3o intensificados para compensar a perda de vis\u00e3o, e o mist\u00e9rio do que vem a seguir torna cada sensa\u00e7\u00e3o mais quente e intensa. Este acess\u00f3rio \u00e9 um essencial de BDSM para todos os n\u00edveis de experi\u00eancia. Ademais, \u00f3ptimo para voos longos!<\/span><\/span><span class=\"EOP SCXW247067061 BCX0\" data-ccp-props=\"{&quot;201341983&quot;:0,&quot;335559739&quot;:160,&quot;335559740&quot;:259}\">\u00a0<\/span><\/p>\n<p>&nbsp;<\/p>","protected":false},"featured_media":5878,"comment_status":"open","ping_status":"closed","template":"","meta":{"_acf_changed":false},"pwb-brand":[348,347],"product_brand":[],"product_cat":[113,126],"product_tag":[213,217,250,216],"class_list":{"0":"post-5877","1":"product","2":"type-product","3":"status-publish","4":"has-post-thumbnail","6":"pwb-brand-sexmischief","7":"pwb-brand-sportsheets","8":"product_cat-accessorieskink","9":"product_cat-blindfolds-masks","10":"product_tag-bdsm","11":"product_tag-blindfold","12":"product_tag-sensory-play","13":"product_tag-vision","14":"pa_color-black","15":"pa_color-pink","16":"pa_color-red","17":"nt-post-class","18":"","19":"masonry-item","20":"col-lg-6","28":"first","29":"outofstock","30":"taxable","31":"shipping-taxable","32":"purchasable","33":"product-type-variable","34":"add-to-wishlist-after_add_to_cart"},"acf":[],"brands":[{"id":348,"name":"Sex &amp; Mischief","slug":"sexmischief"},{"id":347,"name":"Sportsheets","slug":"sportsheets"}],"_links":{"self":[{"href":"https:\/\/carmogepereira.pt\/pt\/wp-json\/wp\/v2\/product\/5877","targetHints":{"allow":["GET"]}}],"collection":[{"href":"https:\/\/carmogepereira.pt\/pt\/wp-json\/wp\/v2\/product"}],"about":[{"href":"https:\/\/carmogepereira.pt\/pt\/wp-json\/wp\/v2\/types\/product"}],"replies":[{"embeddable":true,"href":"https:\/\/carmogepereira.pt\/pt\/wp-json\/wp\/v2\/comments?post=5877"}],"version-history":[{"count":0,"href":"https:\/\/carmogepereira.pt\/pt\/wp-json\/wp\/v2\/product\/5877\/revisions"}],"wp:featuredmedia":[{"embeddable":true,"href":"https:\/\/carmogepereira.pt\/pt\/wp-json\/wp\/v2\/media\/5878"}],"wp:attachment":[{"href":"https:\/\/carmogepereira.pt\/pt\/wp-json\/wp\/v2\/media?parent=5877"}],"wp:term":[{"taxonomy":"pwb-brand","embeddable":true,"href":"https:\/\/carmogepereira.pt\/pt\/wp-json\/wp\/v2\/pwb-brand?post=5877"},{"taxonomy":"product_brand","embeddable":true,"href":"https:\/\/carmogepereira.pt\/pt\/wp-json\/wp\/v2\/product_brand?post=5877"},{"taxonomy":"product_cat","embeddable":true,"href":"https:\/\/carmogepereira.pt\/pt\/wp-json\/wp\/v2\/product_cat?post=5877"},{"taxonomy":"product_tag","embeddable":true,"href":"https:\/\/carmogepereira.pt\/pt\/wp-json\/wp\/v2\/product_tag?post=5877"}],"curies":[{"name":"wp","href":"https:\/\/api.w.org\/{rel}","templated":true}]}}