{"id":5887,"date":"2022-10-03T22:31:36","date_gmt":"2022-10-03T22:31:36","guid":{"rendered":"http:\/\/carmogepereira.pt\/vaiserperfeito\/?post_type=product&#038;p=5887"},"modified":"2025-12-13T09:14:05","modified_gmt":"2025-12-13T09:14:05","slug":"seenoevilpicobong","status":"publish","type":"product","link":"https:\/\/carmogepereira.pt\/pt\/shop\/seenoevilpicobong\/","title":{"rendered":"See No Evil Blindfold Picobong"},"content":{"rendered":"<p><strong>Cores:<\/strong><\/p>\n<p>Rosa<\/p>\n<p><b><span data-contrast=\"auto\">Caracter\u00edsticas:<\/span><\/b><span data-ccp-props=\"{&quot;201341983&quot;:0,&quot;335559739&quot;:160,&quot;335559740&quot;:259}\">\u00a0<\/span><\/p>\n<p>Neoprene ultra-suave.<\/p>\n<p>Ajusta com velcro.<\/p>\n<p>Confort\u00e1vel e 100% Ajust\u00e1vel.<\/p>\n<p>Lavagem manual e \u00e0 m\u00e1quina.<\/p>\n<p><b><span data-contrast=\"auto\">Conte\u00fado:<\/span><\/b><span data-ccp-props=\"{&quot;201341983&quot;:0,&quot;335559739&quot;:160,&quot;335559740&quot;:259}\">\u00a0<\/span><\/p>\n<p>1x Venda<\/p>\n<p><b><span data-contrast=\"auto\">Materiais:<\/span><\/b><\/p>\n<p><span data-ccp-props=\"{&quot;201341983&quot;:0,&quot;335559739&quot;:160,&quot;335559740&quot;:259}\">Velcro, Neoprene.<\/span><\/p>","protected":false},"excerpt":{"rendered":"<p>Tens medo do escuro? Coloca esta venda nos olhos e desvenda as tuas fantasias mais secretas com a confian\u00e7a de que ningu\u00e9m est\u00e1 a ver. Feita com neopreno ultra-suave e presa com velcro para garantir conforto para todos os tamanhos.<\/p>","protected":false},"featured_media":5890,"comment_status":"open","ping_status":"closed","template":"","meta":{"_acf_changed":false},"pwb-brand":[344],"product_brand":[],"product_cat":[113,126,555],"product_tag":[213,217,355,250,216],"class_list":{"0":"post-5887","1":"product","2":"type-product","3":"status-publish","4":"has-post-thumbnail","6":"pwb-brand-miscellaneous","7":"product_cat-accessorieskink","8":"product_cat-blindfolds-masks","9":"product_cat-readytoship","10":"product_tag-bdsm","11":"product_tag-blindfold","12":"product_tag-picobong","13":"product_tag-sensory-play","14":"product_tag-vision","15":"pa_color-blue","16":"nt-post-class","17":"","18":"masonry-item","19":"col-lg-6","27":"first","28":"instock","29":"sale","30":"taxable","31":"shipping-taxable","32":"purchasable","33":"product-type-simple","34":"add-to-wishlist-after_add_to_cart"},"acf":[],"brands":[{"id":344,"name":"Variadas","slug":"miscellaneous"}],"_links":{"self":[{"href":"https:\/\/carmogepereira.pt\/pt\/wp-json\/wp\/v2\/product\/5887","targetHints":{"allow":["GET"]}}],"collection":[{"href":"https:\/\/carmogepereira.pt\/pt\/wp-json\/wp\/v2\/product"}],"about":[{"href":"https:\/\/carmogepereira.pt\/pt\/wp-json\/wp\/v2\/types\/product"}],"replies":[{"embeddable":true,"href":"https:\/\/carmogepereira.pt\/pt\/wp-json\/wp\/v2\/comments?post=5887"}],"version-history":[{"count":0,"href":"https:\/\/carmogepereira.pt\/pt\/wp-json\/wp\/v2\/product\/5887\/revisions"}],"wp:featuredmedia":[{"embeddable":true,"href":"https:\/\/carmogepereira.pt\/pt\/wp-json\/wp\/v2\/media\/5890"}],"wp:attachment":[{"href":"https:\/\/carmogepereira.pt\/pt\/wp-json\/wp\/v2\/media?parent=5887"}],"wp:term":[{"taxonomy":"pwb-brand","embeddable":true,"href":"https:\/\/carmogepereira.pt\/pt\/wp-json\/wp\/v2\/pwb-brand?post=5887"},{"taxonomy":"product_brand","embeddable":true,"href":"https:\/\/carmogepereira.pt\/pt\/wp-json\/wp\/v2\/product_brand?post=5887"},{"taxonomy":"product_cat","embeddable":true,"href":"https:\/\/carmogepereira.pt\/pt\/wp-json\/wp\/v2\/product_cat?post=5887"},{"taxonomy":"product_tag","embeddable":true,"href":"https:\/\/carmogepereira.pt\/pt\/wp-json\/wp\/v2\/product_tag?post=5887"}],"curies":[{"name":"wp","href":"https:\/\/api.w.org\/{rel}","templated":true}]}}